{"id":700,"date":"2023-03-03T16:29:58","date_gmt":"2023-03-03T15:29:58","guid":{"rendered":"http:\/\/ujakbls.cluster031.hosting.ovh.net\/?page_id=700"},"modified":"2023-03-03T21:13:24","modified_gmt":"2023-03-03T20:13:24","slug":"bulletin-n13-annee-2020","status":"publish","type":"page","link":"https:\/\/www.societegeolardeche.com\/index.php\/bulletin-n13-annee-2020\/","title":{"rendered":"Bulletin N\u00b013 ann\u00e9e 2020"},"content":{"rendered":"\n<figure class=\"wp-block-table\"><table>\n<tbody>\n<tr>\n<td colspan=\"3\" rowspan=\"1\"><strong>2020: &nbsp; &nbsp; Num\u00e9ro 13<\/strong><\/td>\n<\/tr>\n<tr>\n<td>La ligne de partage des eaux&nbsp;: Un projet artistique du\ng\u00e9oparc des monts d&rsquo;Ard\u00e8che, vu par un g\u00e9ologue<\/td>\n<td>M.Aymes<\/td>\n<td colspan=\"1\" rowspan=\"5\"><a\nhref=\"mailto:societegeolardeche@wanadoo.fr\"><img alt=\"bulletin n\u00b013\"\nsrc=\"http:\/\/www.monamiph.eu\/SGA\/orig\/ScanBull13r250.jpg\"><\/a><\/td>\n<\/tr>\n<tr>\n<td>La vall\u00e9e de la Maurienne&nbsp;: compte rendu de notre\nexcursion dans les Alpes fran\u00e7aises<\/td>\n<td>Y.Simeon<\/td>\n<\/tr>\n<tr>\n<td>Les cristaux extraordinaires de la grotte Naica&nbsp;: Les\nmerveilles d&rsquo;une ancienne mine mexicaine<\/td>\n<td>JP. Esteban<\/td>\n<\/tr>\n<tr>\n<td>Asphalte et schiste bitumeux en bas vivarais&nbsp;: autres\nressources de l&rsquo;Ard\u00e8che<\/td>\n<td>JP Rolley<\/td>\n<\/tr>\n<tr>\n<td>les le\u00e7ons de choses \u00e0 la fin du XIXe si\u00e8cle&nbsp;: Un\nexemple d&rsquo;enseignement de la g\u00e9ologie \u00e0 l&rsquo;\u00e9cole primaire<\/td>\n<td>Georges Naud<\/td>\n<\/tr>\n<\/tbody>\n<\/table><div class=\"results-btn\">\n<button onclick=\"history.go(-1);\"><i class=\"fas fa-arrow-left\"><\/i> Retour bulletins<\/button>\n<\/div><\/figure>\n","protected":false},"excerpt":{"rendered":"<p>2020: &nbsp; &nbsp; Num\u00e9ro 13 La ligne de partage des eaux&nbsp;: Un projet artistique du g\u00e9oparc des monts d&rsquo;Ard\u00e8che, vu par un g\u00e9ologue M.Aymes La vall\u00e9e de la Maurienne&nbsp;: compte rendu de notre excursion dans les Alpes fran\u00e7aises Y.Simeon Les cristaux extraordinaires de la grotte Naica&nbsp;: Les merveilles d&rsquo;une ancienne mine mexicaine JP. Esteban Asphalte &hellip;<\/p>\n<p class=\"read-more\"> <a class=\"\" href=\"https:\/\/www.societegeolardeche.com\/index.php\/bulletin-n13-annee-2020\/\"> <span class=\"screen-reader-text\">Bulletin N\u00b013 ann\u00e9e 2020<\/span> Lire la suite\u00a0\u00bb<\/a><\/p>\n","protected":false},"author":4,"featured_media":0,"parent":0,"menu_order":0,"comment_status":"closed","ping_status":"closed","template":"","meta":{"site-sidebar-layout":"default","site-content-layout":"default","ast-global-header-display":"","ast-banner-title-visibility":"","ast-main-header-display":"","ast-hfb-above-header-display":"","ast-hfb-below-header-display":"","ast-hfb-mobile-header-display":"","site-post-title":"","ast-breadcrumbs-content":"","ast-featured-img":"","footer-sml-layout":"","theme-transparent-header-meta":"","adv-header-id-meta":"","stick-header-meta":"","header-above-stick-meta":"","header-main-stick-meta":"","header-below-stick-meta":"","footnotes":""},"class_list":["post-700","page","type-page","status-publish","hentry"],"_links":{"self":[{"href":"https:\/\/www.societegeolardeche.com\/index.php\/wp-json\/wp\/v2\/pages\/700","targetHints":{"allow":["GET"]}}],"collection":[{"href":"https:\/\/www.societegeolardeche.com\/index.php\/wp-json\/wp\/v2\/pages"}],"about":[{"href":"https:\/\/www.societegeolardeche.com\/index.php\/wp-json\/wp\/v2\/types\/page"}],"author":[{"embeddable":true,"href":"https:\/\/www.societegeolardeche.com\/index.php\/wp-json\/wp\/v2\/users\/4"}],"replies":[{"embeddable":true,"href":"https:\/\/www.societegeolardeche.com\/index.php\/wp-json\/wp\/v2\/comments?post=700"}],"version-history":[{"count":2,"href":"https:\/\/www.societegeolardeche.com\/index.php\/wp-json\/wp\/v2\/pages\/700\/revisions"}],"predecessor-version":[{"id":740,"href":"https:\/\/www.societegeolardeche.com\/index.php\/wp-json\/wp\/v2\/pages\/700\/revisions\/740"}],"wp:attachment":[{"href":"https:\/\/www.societegeolardeche.com\/index.php\/wp-json\/wp\/v2\/media?parent=700"}],"curies":[{"name":"wp","href":"https:\/\/api.w.org\/{rel}","templated":true}]}}