{"id":682,"date":"2023-03-03T09:44:23","date_gmt":"2023-03-03T08:44:23","guid":{"rendered":"http:\/\/ujakbls.cluster031.hosting.ovh.net\/?page_id=682"},"modified":"2026-02-27T21:29:15","modified_gmt":"2026-02-27T20:29:15","slug":"bulletin-n3-annee-2010","status":"publish","type":"page","link":"https:\/\/www.societegeolardeche.com\/index.php\/bulletin-n3-annee-2010\/","title":{"rendered":"Bulletin N\u00b03 ann\u00e9e 2010"},"content":{"rendered":"\t\t<div data-elementor-type=\"wp-page\" data-elementor-id=\"682\" class=\"elementor elementor-682\">\n\t\t\t\t\t\t<section class=\"elementor-section elementor-top-section elementor-element elementor-element-7c66c728 elementor-section-boxed elementor-section-height-default elementor-section-height-default\" data-id=\"7c66c728\" data-element_type=\"section\" data-e-type=\"section\">\n\t\t\t\t\t\t<div class=\"elementor-container elementor-column-gap-default\">\n\t\t\t\t\t<div class=\"elementor-column elementor-col-100 elementor-top-column elementor-element elementor-element-292d048a\" data-id=\"292d048a\" data-element_type=\"column\" data-e-type=\"column\">\n\t\t\t<div class=\"elementor-widget-wrap elementor-element-populated\">\n\t\t\t\t\t\t<div class=\"elementor-element elementor-element-73aaea43 elementor-widget elementor-widget-text-editor\" data-id=\"73aaea43\" data-element_type=\"widget\" data-e-type=\"widget\" data-widget_type=\"text-editor.default\">\n\t\t\t\t<div class=\"elementor-widget-container\">\n\t\t\t\t\t\t\t\t\t\n<figure class=\"wp-block-table\">\n<table>\n<tbody>\n<tr>\n<td colspan=\"3\" rowspan=\"1\"><strong>2010: \u00a0 \u00a0 Num\u00e9ro 3<\/strong><\/td>\n<\/tr>\n<tr>\n<td><a href=\"https:\/\/www.societegeolardeche.com\/DocsSGA\/Bulletins\/PDF\/Bull3_2010\/2010_Mocochain.pdf\">Quel est l&rsquo;age du canyon de l&rsquo;Ard\u00e8che?<\/a><\/td>\n<td>L.Mocochain<\/td>\n<td colspan=\"1\" rowspan=\"5\"><a href=\"mailto:societegeolardeche@wanadoo.fr\"><img decoding=\"async\" src=\"http:\/\/www.monamiph.eu\/SGA\/orig\/scanbul3r.jpg\" alt=\"bulletin 3\" \/><\/a><\/td>\n<\/tr>\n<tr>\n<td><a href=\"https:\/\/www.societegeolardeche.com\/DocsSGA\/Bulletins\/PDF\/Bull3_2010\/2010_Naud.pdf\">Etude de terrain du stratotype historique du berriasien \u00e0 Berrias<\/a><\/td>\n<td>G.Naud<\/td>\n<\/tr>\n<tr>\n<td><a href=\"https:\/\/www.societegeolardeche.com\/DocsSGA\/Bulletins\/PDF\/Bull3_2010\/2010_Aymes.pdf\">Jeunes volcans d&rsquo;Ard\u00e8che<\/a><\/td>\n<td>M.Aymes<br \/>C.Rigollot<\/td>\n<\/tr>\n<tr>\n<td><a href=\"https:\/\/www.societegeolardeche.com\/DocsSGA\/Bulletins\/PDF\/Bull3_2010\/2010_Esteban.pdf\">La mer de glace et le glacier des bossons<\/a><\/td>\n<td>J.P.Esteban<\/td>\n<\/tr>\n<tr>\n<td><a href=\"https:\/\/www.societegeolardeche.com\/DocsSGA\/Bulletins\/PDF\/Bull3_2010\/2010_Rigollot.pdf\">Une carri\u00e8re \u00e0 Labeaume<\/a><\/td>\n<td>C.Rigollot<\/td>\n<\/tr>\n<\/tbody>\n<\/table>\n<div class=\"results-btn\"><button><i class=\"fas fa-arrow-left\"><\/i> Retour bulletins<\/button><\/div>\n<\/figure>\n\t\t\t\t\t\t\t\t<\/div>\n\t\t\t\t<\/div>\n\t\t\t\t\t<\/div>\n\t\t<\/div>\n\t\t\t\t\t<\/div>\n\t\t<\/section>\n\t\t\t\t<\/div>\n\t\t","protected":false},"excerpt":{"rendered":"<p>2010: \u00a0 \u00a0 Num\u00e9ro 3 Quel est l&rsquo;age du canyon de l&rsquo;Ard\u00e8che? L.Mocochain Etude de terrain du stratotype historique du berriasien \u00e0 Berrias G.Naud Jeunes volcans d&rsquo;Ard\u00e8che M.AymesC.Rigollot La mer de glace et le glacier des bossons J.P.Esteban Une carri\u00e8re \u00e0 Labeaume C.Rigollot Retour bulletins<\/p>\n","protected":false},"author":4,"featured_media":0,"parent":0,"menu_order":0,"comment_status":"closed","ping_status":"closed","template":"","meta":{"site-sidebar-layout":"default","site-content-layout":"default","ast-global-header-display":"","ast-banner-title-visibility":"","ast-main-header-display":"","ast-hfb-above-header-display":"","ast-hfb-below-header-display":"","ast-hfb-mobile-header-display":"","site-post-title":"","ast-breadcrumbs-content":"","ast-featured-img":"","footer-sml-layout":"","theme-transparent-header-meta":"","adv-header-id-meta":"","stick-header-meta":"","header-above-stick-meta":"","header-main-stick-meta":"","header-below-stick-meta":"","footnotes":""},"class_list":["post-682","page","type-page","status-publish","hentry"],"_links":{"self":[{"href":"https:\/\/www.societegeolardeche.com\/index.php\/wp-json\/wp\/v2\/pages\/682","targetHints":{"allow":["GET"]}}],"collection":[{"href":"https:\/\/www.societegeolardeche.com\/index.php\/wp-json\/wp\/v2\/pages"}],"about":[{"href":"https:\/\/www.societegeolardeche.com\/index.php\/wp-json\/wp\/v2\/types\/page"}],"author":[{"embeddable":true,"href":"https:\/\/www.societegeolardeche.com\/index.php\/wp-json\/wp\/v2\/users\/4"}],"replies":[{"embeddable":true,"href":"https:\/\/www.societegeolardeche.com\/index.php\/wp-json\/wp\/v2\/comments?post=682"}],"version-history":[{"count":10,"href":"https:\/\/www.societegeolardeche.com\/index.php\/wp-json\/wp\/v2\/pages\/682\/revisions"}],"predecessor-version":[{"id":2690,"href":"https:\/\/www.societegeolardeche.com\/index.php\/wp-json\/wp\/v2\/pages\/682\/revisions\/2690"}],"wp:attachment":[{"href":"https:\/\/www.societegeolardeche.com\/index.php\/wp-json\/wp\/v2\/media?parent=682"}],"curies":[{"name":"wp","href":"https:\/\/api.w.org\/{rel}","templated":true}]}}