{"id":625,"date":"2023-03-02T22:09:41","date_gmt":"2023-03-02T21:09:41","guid":{"rendered":"http:\/\/ujakbls.cluster031.hosting.ovh.net\/?page_id=625"},"modified":"2023-03-03T21:11:02","modified_gmt":"2023-03-03T20:11:02","slug":"bulletin-5-annee-2012","status":"publish","type":"page","link":"https:\/\/www.societegeolardeche.com\/index.php\/bulletin-5-annee-2012\/","title":{"rendered":"Bulletin 5, ann\u00e9e 2012"},"content":{"rendered":"\n<figure class=\"wp-block-table\"><table>\n<tbody>\n<tr>\n<td colspan=\"3\" rowspan=\"1\"><strong>2012: &nbsp; &nbsp; Num\u00e9ro 5<\/strong><\/td>\n<\/tr>\n<tr>\n<td>L&rsquo;exploration des remplissages s\u00e9dimentaires des maars du\nDev\u00e8s:<br>\n&#8230; Aper\u00e7u des donn\u00e9es pal\u00e9obotaniques<\/td>\n<td>J.L. de Beaulieu<\/td>\n<td colspan=\"1\" rowspan=\"4\"><a\nhref=\"mailto:societegeolardeche@wanadoo.fr\"><img alt=\"bulletin SGA 5\"\nsrc=\"http:\/\/www.monamiph.eu\/SGA\/orig\/Scanbul5r.jpg\"><\/a><\/td>\n<\/tr>\n<tr>\n<td>Les dolmens du plateau de Labeaume<\/td>\n<td>S.Stocchetti et<br>\nC. Rigollot<\/td>\n<\/tr>\n<tr>\n<td>Une petite balade g\u00e9ologique autour du lac de Ternay<\/td>\n<td>J.P.Esteban<\/td>\n<\/tr>\n<tr>\n<td>Au coeur de la Champagne<\/td>\n<td>N.Daubenfeld<\/td>\n<\/tr>\n<\/tbody>\n<\/table><div class=\"results-btn\">\n<button onclick=\"history.go(-1);\"><i class=\"fas fa-arrow-left\"><\/i> Retour bulletins<\/button>\n<\/div><\/figure>\n","protected":false},"excerpt":{"rendered":"<p>2012: &nbsp; &nbsp; Num\u00e9ro 5 L&rsquo;exploration des remplissages s\u00e9dimentaires des maars du Dev\u00e8s: &#8230; Aper\u00e7u des donn\u00e9es pal\u00e9obotaniques J.L. de Beaulieu Les dolmens du plateau de Labeaume S.Stocchetti et C. Rigollot Une petite balade g\u00e9ologique autour du lac de Ternay J.P.Esteban Au coeur de la Champagne N.Daubenfeld Retour bulletins<\/p>\n","protected":false},"author":4,"featured_media":0,"parent":0,"menu_order":0,"comment_status":"closed","ping_status":"closed","template":"","meta":{"site-sidebar-layout":"default","site-content-layout":"default","ast-global-header-display":"","ast-banner-title-visibility":"","ast-main-header-display":"","ast-hfb-above-header-display":"","ast-hfb-below-header-display":"","ast-hfb-mobile-header-display":"","site-post-title":"","ast-breadcrumbs-content":"","ast-featured-img":"","footer-sml-layout":"","theme-transparent-header-meta":"","adv-header-id-meta":"","stick-header-meta":"","header-above-stick-meta":"","header-main-stick-meta":"","header-below-stick-meta":"","footnotes":""},"class_list":["post-625","page","type-page","status-publish","hentry"],"_links":{"self":[{"href":"https:\/\/www.societegeolardeche.com\/index.php\/wp-json\/wp\/v2\/pages\/625","targetHints":{"allow":["GET"]}}],"collection":[{"href":"https:\/\/www.societegeolardeche.com\/index.php\/wp-json\/wp\/v2\/pages"}],"about":[{"href":"https:\/\/www.societegeolardeche.com\/index.php\/wp-json\/wp\/v2\/types\/page"}],"author":[{"embeddable":true,"href":"https:\/\/www.societegeolardeche.com\/index.php\/wp-json\/wp\/v2\/users\/4"}],"replies":[{"embeddable":true,"href":"https:\/\/www.societegeolardeche.com\/index.php\/wp-json\/wp\/v2\/comments?post=625"}],"version-history":[{"count":2,"href":"https:\/\/www.societegeolardeche.com\/index.php\/wp-json\/wp\/v2\/pages\/625\/revisions"}],"predecessor-version":[{"id":738,"href":"https:\/\/www.societegeolardeche.com\/index.php\/wp-json\/wp\/v2\/pages\/625\/revisions\/738"}],"wp:attachment":[{"href":"https:\/\/www.societegeolardeche.com\/index.php\/wp-json\/wp\/v2\/media?parent=625"}],"curies":[{"name":"wp","href":"https:\/\/api.w.org\/{rel}","templated":true}]}}