{"id":61,"date":"2023-02-23T17:32:21","date_gmt":"2023-02-23T16:32:21","guid":{"rendered":"http:\/\/ujakbls.cluster031.hosting.ovh.net\/?page_id=61"},"modified":"2023-10-29T16:57:01","modified_gmt":"2023-10-29T15:57:01","slug":"guides-de-decouverte-1980-98","status":"publish","type":"page","link":"https:\/\/www.societegeolardeche.com\/index.php\/guides-de-decouverte-1980-98\/","title":{"rendered":"Guides de d\u00e9couverte (1980-1998)"},"content":{"rendered":"\n<p>Une douzaine de ces guides ont \u00e9t\u00e9 r\u00e9alis\u00e9s \u00e0 la suite de stages de terrain&nbsp; organis\u00e9s par la SGA et le mus\u00e9e de la terre ard\u00e8choise entre 1980 et 1998.<\/p>\n\n\n\n<figure class=\"wp-block-table\"><table><tbody><tr><td>Titre<\/td><td><small>Nombre<br>de pages<\/small><\/td><td>date<\/td><td>nombre restant<\/td><\/tr><tr><td>D\u00e9couverte g\u00e9ologique du <strong>pays des Vans<\/strong><\/td><td>50 pages&nbsp;<\/td><td>septembre 1980<\/td><td>1; <a href=\"https:\/\/www.societegeolardeche.com\/DocsSGA\/Docs\/GuidGeol\/SgaVans.pdf\">pdf sur le site<\/a><\/td><\/tr><tr><td>D\u00e9couverte g\u00e9ologique du <strong>versant Rhodanien de l\u2019Ard\u00e8che entre St. Georges les bains et St.Peray<\/strong><\/td><td>&nbsp; 40 pages&nbsp;<\/td><td>septembre 1982<\/td><td>\u00e9puis\u00e9; <a href=\"https:\/\/www.societegeolardeche.com\/DocsSGA\/Docs\/GuidGeol\/versantRhodanienArdeche.pdf\">pdf sur le site<\/a><\/td><\/tr><tr><td>D\u00e9couverte g\u00e9ologique du <strong>bas Vivarais des C\u00e9vennes aux gorges de l\u2019Ard\u00e8che<\/strong>&nbsp;&nbsp;&nbsp;&nbsp;&nbsp;&nbsp;&nbsp;&nbsp;&nbsp;&nbsp;&nbsp;&nbsp;&nbsp;&nbsp;&nbsp;&nbsp;&nbsp;&nbsp;&nbsp;&nbsp;&nbsp;&nbsp;&nbsp;&nbsp;&nbsp;&nbsp;<\/td><td>&nbsp; 36 pages&nbsp;&nbsp;<\/td><td>septembre 1983<\/td><td>1<\/td><\/tr><tr><td>D\u00e9couverte g\u00e9ologique des environs du <strong>M\u00e9zenc: socle m\u00e9tamorphique et volcanisme<\/strong>&nbsp;<\/td><td>46 pages<\/td><td>septembre 1984<\/td><td>\u00e9puis\u00e9; <a href=\"https:\/\/www.societegeolardeche.com\/DocsSGA\/Docs\/GuidGeol\/Mezenc1984.pdf\" target=\"_blank\" rel=\"noreferrer noopener\">pdf sur le site<\/a><\/td><\/tr><tr><td>D\u00e9couverte g\u00e9ologique des <strong>environs de Viviers<\/strong>&nbsp;&nbsp;&nbsp;&nbsp;<\/td><td>65 pages&nbsp;&nbsp;<\/td><td>aout 1985<\/td><td>4<\/td><\/tr><tr><td>D\u00e9couverte g\u00e9ologique des <strong>environs de Tain-Tournon<\/strong><\/td><td>&nbsp;99 pages<\/td><td>aout 1986<\/td><td>0 \u00e9puis\u00e9<\/td><\/tr><tr><td>Constitution g\u00e9ologique du d\u00e9partement&nbsp;<\/td><td>&nbsp;&nbsp;&nbsp;65 pages&nbsp;<\/td><td>juillet 1987<\/td><td>0 \u00e9puis\u00e9<\/td><\/tr><tr><td>D\u00e9couverte g\u00e9ologique des <strong>environs de Privas<\/strong>&nbsp; (stage juillet 1977)<\/td><td>100 pages<\/td><td>juillet 1987<\/td><td>0 \u00e9puis\u00e9<\/td><\/tr><tr><td>D\u00e9couverte g\u00e9ologique des <strong>environs d\u2019Aubenas <\/strong>(stage juillet 1978)<\/td><td>98 pages<\/td><td>aout 1988<\/td><td>0 \u00e9puis\u00e9<\/td><\/tr><tr><td>D\u00e9couverte g\u00e9ologique des <strong>environs de Largenti\u00e8re <\/strong>(stage septembre 1979)<\/td><td>114 pages<\/td><td>aout 1990<\/td><td>0 \u00e9puis\u00e9<\/td><\/tr><tr><td>D\u00e9couverte g\u00e9ologique de la <strong>rive ard\u00e8choise du Rhone de saint Just \u00e0 Serri\u00e8res<\/strong><\/td><td>43 pages&nbsp;<\/td><td>aout 1994<\/td><td>&nbsp;\u00e9puis\u00e9; <a href=\"https:\/\/www.societegeolardeche.com\/DocsSGA\/Docs\/GuidGeol\/versantRhodanien94.pdf\" target=\"_blank\" rel=\"noreferrer noopener\">pdf sur le site<\/a><\/td><\/tr><tr><td>G\u00e9ologie, <strong>eaux min\u00e9rales et thermalisme<\/strong> en Ard\u00e8che<\/td><td>76 pages<\/td><td>juillet 1995<\/td><td>3<\/td><\/tr><tr><td>D\u00e9couverte g\u00e9ologique des <strong>hautes vall\u00e9es de l\u2019Allier et du Chassezac<\/strong><\/td><td>40 pages<\/td><td>juillet 1998<\/td><td>8<\/td><\/tr><\/tbody><\/table><\/figure>\n","protected":false},"excerpt":{"rendered":"<p>Une douzaine de ces guides ont \u00e9t\u00e9 r\u00e9alis\u00e9s \u00e0 la suite de stages de terrain&nbsp; organis\u00e9s par la SGA et le mus\u00e9e de la terre ard\u00e8choise entre 1980 et 1998. Titre Nombrede pages date nombre restant D\u00e9couverte g\u00e9ologique du pays des Vans 50 pages&nbsp; septembre 1980 1; pdf sur le site D\u00e9couverte g\u00e9ologique du versant &hellip;<\/p>\n<p class=\"read-more\"> <a class=\"\" href=\"https:\/\/www.societegeolardeche.com\/index.php\/guides-de-decouverte-1980-98\/\"> <span class=\"screen-reader-text\">Guides de d\u00e9couverte (1980-1998)<\/span> Lire la suite\u00a0\u00bb<\/a><\/p>\n","protected":false},"author":4,"featured_media":0,"parent":0,"menu_order":0,"comment_status":"closed","ping_status":"closed","template":"","meta":{"site-sidebar-layout":"default","site-content-layout":"default","ast-global-header-display":"","ast-banner-title-visibility":"","ast-main-header-display":"","ast-hfb-above-header-display":"","ast-hfb-below-header-display":"","ast-hfb-mobile-header-display":"","site-post-title":"","ast-breadcrumbs-content":"","ast-featured-img":"","footer-sml-layout":"","theme-transparent-header-meta":"","adv-header-id-meta":"","stick-header-meta":"","header-above-stick-meta":"","header-main-stick-meta":"","header-below-stick-meta":"","footnotes":""},"class_list":["post-61","page","type-page","status-publish","hentry"],"_links":{"self":[{"href":"https:\/\/www.societegeolardeche.com\/index.php\/wp-json\/wp\/v2\/pages\/61","targetHints":{"allow":["GET"]}}],"collection":[{"href":"https:\/\/www.societegeolardeche.com\/index.php\/wp-json\/wp\/v2\/pages"}],"about":[{"href":"https:\/\/www.societegeolardeche.com\/index.php\/wp-json\/wp\/v2\/types\/page"}],"author":[{"embeddable":true,"href":"https:\/\/www.societegeolardeche.com\/index.php\/wp-json\/wp\/v2\/users\/4"}],"replies":[{"embeddable":true,"href":"https:\/\/www.societegeolardeche.com\/index.php\/wp-json\/wp\/v2\/comments?post=61"}],"version-history":[{"count":4,"href":"https:\/\/www.societegeolardeche.com\/index.php\/wp-json\/wp\/v2\/pages\/61\/revisions"}],"predecessor-version":[{"id":1556,"href":"https:\/\/www.societegeolardeche.com\/index.php\/wp-json\/wp\/v2\/pages\/61\/revisions\/1556"}],"wp:attachment":[{"href":"https:\/\/www.societegeolardeche.com\/index.php\/wp-json\/wp\/v2\/media?parent=61"}],"curies":[{"name":"wp","href":"https:\/\/api.w.org\/{rel}","templated":true}]}}