{"id":6,"date":"2022-11-11T12:40:18","date_gmt":"2022-11-11T11:40:18","guid":{"rendered":"http:\/\/ujakbls.cluster031.hosting.ovh.net\/?page_id=6"},"modified":"2023-10-30T08:23:26","modified_gmt":"2023-10-30T07:23:26","slug":"redac","status":"publish","type":"page","link":"https:\/\/www.societegeolardeche.com\/index.php\/redac\/","title":{"rendered":"R\u00e9daction"},"content":{"rendered":"\t\t<div data-elementor-type=\"wp-page\" data-elementor-id=\"6\" class=\"elementor elementor-6\">\n\t\t\t\t\t\t<section class=\"elementor-section elementor-top-section elementor-element elementor-element-40114caf elementor-section-boxed elementor-section-height-default elementor-section-height-default\" data-id=\"40114caf\" data-element_type=\"section\" data-e-type=\"section\">\n\t\t\t\t\t\t<div class=\"elementor-container elementor-column-gap-default\">\n\t\t\t\t\t<div class=\"elementor-column elementor-col-100 elementor-top-column elementor-element elementor-element-8b2a8d8\" data-id=\"8b2a8d8\" data-element_type=\"column\" data-e-type=\"column\">\n\t\t\t<div class=\"elementor-widget-wrap elementor-element-populated\">\n\t\t\t\t\t\t<div class=\"elementor-element elementor-element-44226199 elementor-widget elementor-widget-text-editor\" data-id=\"44226199\" data-element_type=\"widget\" data-e-type=\"widget\" data-widget_type=\"text-editor.default\">\n\t\t\t\t<div class=\"elementor-widget-container\">\n\t\t\t\t\t\t\t\t\t\n<p>Ces pages sont le r\u00e9sultat du travail en collaboration de janvier \u00e0 juin 2023 pour le\u00a0 site de la soci\u00e9t\u00e9 g\u00e9ologique de l&rsquo;Ard\u00e8che r\u00e9\u00e9crit sous WordPress.<br \/>L&rsquo;\u00e9quipe \u00e9tait compos\u00e9e de 2 \u00e9tudiants en L3 g\u00e9o \u00e0 Chamb\u00e9ry Marine Lefran\u00e7ois et Nicolas Berthon, ainsi que 2 membres de la SGA: Maryse Aymes et Daniel Nardin qui est responsable de l&rsquo;entretien futur du site.<br \/>L\u2019ancien site : <a href=\"http:\/\/societegeolardeche.com.pagesperso-orange.fr\/\" target=\"_blank\" rel=\"noreferrer noopener\">http:\/\/societegeolardeche.com.pagesperso-orange.fr\/\u00a0<\/a> a cess\u00e9 d&rsquo;exister avec l&rsquo;arr\u00e8t du support Orange en septembre 2023. <br \/>Le nom de domaine <a href=\"http:\/\/societegeolardeche.com\">http:\/\/societegeolardeche.com<\/a> a \u00e9t\u00e9 transf\u00e8r\u00e9 en octobre. Le r\u00e9f\u00e9rencement a \u00e9t\u00e9 refait assez rapidement en fin 2023.<br \/>N&rsquo;h\u00e9sitez pas \u00e0 transmettre vos remarques via l&rsquo;onglet <a href=\"https:\/\/www.societegeolardeche.com\/index.php\/nous-contacter\/\">\u00ab\u00a0nous contacter\u00a0\u00bb<\/a><br \/><br \/><img fetchpriority=\"high\" decoding=\"async\" class=\"alignnone wp-image-263 size-full\" src=\"http:\/\/ujakbls.cluster031.hosting.ovh.net\/wp-content\/uploads\/2023\/02\/2022Fare_panoDN_0253-_0254recR1200.jpg\" alt=\"\" width=\"1200\" height=\"331\" srcset=\"https:\/\/www.societegeolardeche.com\/wp-content\/uploads\/2023\/02\/2022Fare_panoDN_0253-_0254recR1200.jpg 1200w, https:\/\/www.societegeolardeche.com\/wp-content\/uploads\/2023\/02\/2022Fare_panoDN_0253-_0254recR1200-300x83.jpg 300w, https:\/\/www.societegeolardeche.com\/wp-content\/uploads\/2023\/02\/2022Fare_panoDN_0253-_0254recR1200-1024x282.jpg 1024w, https:\/\/www.societegeolardeche.com\/wp-content\/uploads\/2023\/02\/2022Fare_panoDN_0253-_0254recR1200-768x212.jpg 768w\" sizes=\"(max-width: 1200px) 100vw, 1200px\" \/><\/p>\n<center>groupe SGA sur le site de \u00ab\u00a0La Fare\u00a0\u00bb 11 juin 2022<\/center>\t\t\t\t\t\t\t\t<\/div>\n\t\t\t\t<\/div>\n\t\t\t\t\t<\/div>\n\t\t<\/div>\n\t\t\t\t\t<\/div>\n\t\t<\/section>\n\t\t\t\t<section class=\"elementor-section elementor-top-section elementor-element elementor-element-55022d5 elementor-section-boxed elementor-section-height-default elementor-section-height-default\" data-id=\"55022d5\" data-element_type=\"section\" data-e-type=\"section\">\n\t\t\t\t\t\t<div class=\"elementor-container elementor-column-gap-default\">\n\t\t\t\t\t<div class=\"elementor-column elementor-col-100 elementor-top-column elementor-element elementor-element-bdb25b9\" data-id=\"bdb25b9\" data-element_type=\"column\" data-e-type=\"column\">\n\t\t\t<div class=\"elementor-widget-wrap elementor-element-populated\">\n\t\t\t\t\t\t\t<\/div>\n\t\t<\/div>\n\t\t\t\t\t<\/div>\n\t\t<\/section>\n\t\t\t\t<\/div>\n\t\t","protected":false},"excerpt":{"rendered":"<p>Ces pages sont le r\u00e9sultat du travail en collaboration de janvier \u00e0 juin 2023 pour le\u00a0 site de la soci\u00e9t\u00e9 g\u00e9ologique de l&rsquo;Ard\u00e8che r\u00e9\u00e9crit sous WordPress.L&rsquo;\u00e9quipe \u00e9tait compos\u00e9e de 2 \u00e9tudiants en L3 g\u00e9o \u00e0 Chamb\u00e9ry Marine Lefran\u00e7ois et Nicolas Berthon, ainsi que 2 membres de la SGA: Maryse Aymes et Daniel Nardin qui est &hellip;<\/p>\n<p class=\"read-more\"> <a class=\"\" href=\"https:\/\/www.societegeolardeche.com\/index.php\/redac\/\"> <span class=\"screen-reader-text\">R\u00e9daction<\/span> Lire la suite\u00a0\u00bb<\/a><\/p>\n","protected":false},"author":2,"featured_media":0,"parent":0,"menu_order":0,"comment_status":"closed","ping_status":"closed","template":"elementor_header_footer","meta":{"site-sidebar-layout":"default","site-content-layout":"default","ast-global-header-display":"","ast-banner-title-visibility":"","ast-main-header-display":"","ast-hfb-above-header-display":"","ast-hfb-below-header-display":"","ast-hfb-mobile-header-display":"","site-post-title":"","ast-breadcrumbs-content":"","ast-featured-img":"","footer-sml-layout":"","theme-transparent-header-meta":"","adv-header-id-meta":"","stick-header-meta":"","header-above-stick-meta":"","header-main-stick-meta":"","header-below-stick-meta":"","footnotes":""},"class_list":["post-6","page","type-page","status-publish","hentry"],"_links":{"self":[{"href":"https:\/\/www.societegeolardeche.com\/index.php\/wp-json\/wp\/v2\/pages\/6","targetHints":{"allow":["GET"]}}],"collection":[{"href":"https:\/\/www.societegeolardeche.com\/index.php\/wp-json\/wp\/v2\/pages"}],"about":[{"href":"https:\/\/www.societegeolardeche.com\/index.php\/wp-json\/wp\/v2\/types\/page"}],"author":[{"embeddable":true,"href":"https:\/\/www.societegeolardeche.com\/index.php\/wp-json\/wp\/v2\/users\/2"}],"replies":[{"embeddable":true,"href":"https:\/\/www.societegeolardeche.com\/index.php\/wp-json\/wp\/v2\/comments?post=6"}],"version-history":[{"count":44,"href":"https:\/\/www.societegeolardeche.com\/index.php\/wp-json\/wp\/v2\/pages\/6\/revisions"}],"predecessor-version":[{"id":1588,"href":"https:\/\/www.societegeolardeche.com\/index.php\/wp-json\/wp\/v2\/pages\/6\/revisions\/1588"}],"wp:attachment":[{"href":"https:\/\/www.societegeolardeche.com\/index.php\/wp-json\/wp\/v2\/media?parent=6"}],"curies":[{"name":"wp","href":"https:\/\/api.w.org\/{rel}","templated":true}]}}