{"id":548,"date":"2023-03-02T18:37:49","date_gmt":"2023-03-02T17:37:49","guid":{"rendered":"http:\/\/ujakbls.cluster031.hosting.ovh.net\/?page_id=548"},"modified":"2023-03-02T18:37:49","modified_gmt":"2023-03-02T17:37:49","slug":"bulletins-1993-2007","status":"publish","type":"page","link":"https:\/\/www.societegeolardeche.com\/index.php\/bulletins-1993-2007\/","title":{"rendered":"Bulletins 1993-2007"},"content":{"rendered":"\n<figure class=\"wp-block-table\"><table>\n<tbody>\n<tr>\n<td colspan=\"4\" rowspan=\"1\"><strong>3e formule &nbsp;1993-2007:<\/strong><br>\nLes num\u00e9ros deviennent trimestriels. Il y a donc 4 num\u00e9ros par an.<\/td>\n<\/tr>\n<tr>\n<td><strong>1993<\/strong><\/td>\n<td style=\"vertical-align: top;\"><br>\n<\/td>\n<td style=\"vertical-align: top;\"><br>\n<\/td>\n<td style=\"vertical-align: top;\"><br>\n<\/td>\n<\/tr>\n<tr>\n<td>157<\/td>\n<td>Les potiers d\u2019antan de la d\u00e9pression callovienne en Ard\u00e8che<\/td>\n<td>J. Roure<\/td>\n<td>&nbsp;<\/td>\n<\/tr>\n<tr>\n<td>157<\/td>\n<td>Les Monts du Matin<\/td>\n<td>Y. Thomas<\/td>\n<td>&nbsp;<\/td>\n<\/tr>\n<tr>\n<td>157<\/td>\n<td>Le Vercors et la pr\u00e9histoire<\/td>\n<td>Y. Thomas<\/td>\n<td>&nbsp;<\/td>\n<\/tr>\n<tr>\n<td>157<\/td>\n<td>La nationalit\u00e9 d\u2019une dizaine de Trilobites contest\u00e9e<\/td>\n<td>G. Montella<\/td>\n<td>&nbsp;<\/td>\n<\/tr>\n<tr>\n<td>158<\/td>\n<td>Compte rendu du stage 1992 \u2013 Les Vans<\/td>\n<td>D. Nectoux<\/td>\n<td>&nbsp;<\/td>\n<\/tr>\n<tr>\n<td>158<\/td>\n<td>La grotte des deux ouvertures \u2013 La galerie des Ours, St\nMartin d\u2019Ard\u00e8che<\/td>\n<td>P. Ayroles<br>\nJ. Combier<\/td>\n<td>&nbsp;<\/td>\n<\/tr>\n<tr>\n<td>159<\/td>\n<td>Compte rendu du stage en Oisans<\/td>\n<td>P. Barth<\/td>\n<td>&nbsp;<\/td>\n<\/tr>\n<tr>\n<td>159<\/td>\n<td>Le synclinal de Saou<\/td>\n<td>Y. Thomas<\/td>\n<td>&nbsp;<\/td>\n<\/tr>\n<tr>\n<td>160<\/td>\n<td>Une pierre pr\u00e9cieuse&nbsp;: la m\u00e9t\u00e9orite Allende<\/td>\n<td>J.P. Gros<\/td>\n<td>&nbsp;<\/td>\n<\/tr>\n<tr>\n<td>160<\/td>\n<td>Les pierres qui nous font signe&nbsp;: les statues-menhirs du\nsud-est de la France<\/td>\n<td>G. Naud<\/td>\n<td>&nbsp;<\/td>\n<\/tr>\n<tr>\n<td><strong>1994<\/strong><\/td>\n<td style=\"vertical-align: top;\"><br>\n<\/td>\n<td style=\"vertical-align: top;\"><br>\n<\/td>\n<td style=\"vertical-align: top;\"><br>\n<\/td>\n<\/tr>\n<tr>\n<td>161<\/td>\n<td>Le g\u00eete d\u2019or d\u2019Abeau (Ard\u00e8che)<\/td>\n<td>P. Nicolini<\/td>\n<td>&nbsp;<\/td>\n<\/tr>\n<tr>\n<td>161<\/td>\n<td>Le forage le plus profond du monde<\/td>\n<td>B. De Brion<\/td>\n<td>&nbsp;<\/td>\n<\/tr>\n<tr>\n<td>161<\/td>\n<td>Le forage le plus profond en mer<\/td>\n<td>G. Montella<\/td>\n<td>&nbsp;<\/td>\n<\/tr>\n<tr>\n<td>162<\/td>\n<td>Etude g\u00e9ologique du Diois entre Saillans, St Benoit et Die<\/td>\n<td>Y. Thomas<\/td>\n<td>&nbsp;<\/td>\n<\/tr>\n<tr>\n<td>162<\/td>\n<td>Le Granite<\/td>\n<td>B. De Brion<\/td>\n<td>&nbsp;<\/td>\n<\/tr>\n<tr>\n<td>163<\/td>\n<td>Un site lacustre au Mioc\u00e8ne sup\u00e9rieur&nbsp;: la Montagne\nd\u2019Andance \u00e0 St Bauzile<\/td>\n<td>E. Samuel<\/td>\n<td>&nbsp;<\/td>\n<\/tr>\n<tr>\n<td>163<\/td>\n<td>A propos de \u2026. fossiles et fossilisation<\/td>\n<td>G. Montella<\/td>\n<td>&nbsp;<\/td>\n<\/tr>\n<tr>\n<td>164<\/td>\n<td>Une exploitation de minerai pisolitique en cavit\u00e9\nkarstique&nbsp;: la mine de Montcey<\/td>\n<td>A. Hyenne<\/td>\n<td>&nbsp;<\/td>\n<\/tr>\n<tr>\n<td>164<\/td>\n<td>Une analyse de livre&nbsp;: histoire de nos anc\u00eatres, Lucy\nretrouv\u00e9e<\/td>\n<td>J.P. Gros<\/td>\n<td>&nbsp;<\/td>\n<\/tr>\n<tr>\n<td>164<\/td>\n<td>A propos de \u2026. Fossiles et fossilisation (suite)<\/td>\n<td>G. Montella<\/td>\n<td>&nbsp;<\/td>\n<\/tr>\n<tr>\n<td><strong>1995<\/strong><\/td>\n<td style=\"vertical-align: top;\"><br>\n<\/td>\n<td style=\"vertical-align: top;\"><br>\n<\/td>\n<td style=\"vertical-align: top;\"><br>\n<\/td>\n<\/tr>\n<tr>\n<td>165<\/td>\n<td>Les eaux souterraines du Jurassique, communes de Labeaume,\nUzer, Lanas<\/td>\n<td>J. Roure<\/td>\n<td>&nbsp;<\/td>\n<\/tr>\n<tr>\n<td>166<\/td>\n<td>Compte rendu promenade g\u00e9ologique \u00e0 Fons<\/td>\n<td>J. Dugrenot<\/td>\n<td>&nbsp;<\/td>\n<\/tr>\n<tr>\n<td>166<\/td>\n<td>Le pays de Quint<\/td>\n<td>Y. Thomas<\/td>\n<td>&nbsp;<\/td>\n<\/tr>\n<tr>\n<td>166<\/td>\n<td>A propos de\u2026. fossiles et fossilisation (suite)<\/td>\n<td>G. Montella<\/td>\n<td>&nbsp;<\/td>\n<\/tr>\n<tr>\n<td>167<\/td>\n<td>Compte rendu sortie g\u00e9ologique \u00e0 Langeac<\/td>\n<td>L. Vincent<\/td>\n<td>&nbsp;<\/td>\n<\/tr>\n<tr>\n<td>167<\/td>\n<td>Un aspect du volcanisme du basin du Puy&nbsp;: Le Mont Denise<\/td>\n<td>J. P. Esteban<\/td>\n<td>&nbsp;<\/td>\n<\/tr>\n<tr>\n<td>167<\/td>\n<td>Des mat\u00e9riaux de construction de la vielle de Privas \u00e0 leur\nlieu d\u2019extraction \u2013 1<sup>\u00e8re<\/sup> partie<\/td>\n<td>G. Naud<\/td>\n<td>&nbsp;<\/td>\n<\/tr>\n<tr>\n<td>167<\/td>\n<td>A propos\u2026. des basaltes<\/td>\n<td>B. De Brion<\/td>\n<td>&nbsp;<\/td>\n<\/tr>\n<tr>\n<td>158?<\/td>\n<td>Compte rendu du stage d\u2019\u00e9t\u00e9 \u00a0\u00bb&nbsp;G\u00e9ologie, eaux min\u00e9rales\net thermalisme en Ard\u00e8che<\/td>\n<td>&nbsp;<\/td>\n<td>&nbsp;<\/td>\n<\/tr>\n<tr>\n<td>168<\/td>\n<td>La diatomite de la montagne d\u2019Andance \u00e0 St Bauzile<\/td>\n<td>Y. Thomas<\/td>\n<td>&nbsp;<\/td>\n<\/tr>\n<tr>\n<td>168<\/td>\n<td>Des mat\u00e9riaux de construction de la vielle de Privas \u00e0 leur\nlieu d\u2019extraction \u2013 2<sup>\u00e8me<\/sup> partie<\/td>\n<td>G. Naud<\/td>\n<td>&nbsp;<\/td>\n<\/tr>\n<tr>\n<td><strong>1996<\/strong><\/td>\n<td style=\"vertical-align: top;\"><br>\n<\/td>\n<td style=\"vertical-align: top;\"><br>\n<\/td>\n<td style=\"vertical-align: top;\"><br>\n<\/td>\n<\/tr>\n<tr>\n<td>169<\/td>\n<td>La colonne de Nantua (Ain)<\/td>\n<td>R. Roignot<\/td>\n<td>&nbsp;<\/td>\n<\/tr>\n<tr>\n<td>169<\/td>\n<td>Les filles de la pluie<\/td>\n<td>J. Roure<\/td>\n<td>&nbsp;<\/td>\n<\/tr>\n<tr>\n<td>170<\/td>\n<td>Etude g\u00e9ologique sur la r\u00e9gion de St Bauzile, St Vincent de\nBarr\u00e8s, St Martin Lavezon<\/td>\n<td>A. C. Fillon<br>\nX. Tschanz<\/td>\n<td>&nbsp;<\/td>\n<\/tr>\n<tr>\n<td>170<\/td>\n<td>Reste d\u2019activit\u00e9 volcanique \u00e0 Soyons (Ard\u00e8che)<\/td>\n<td>J. P. Gros<\/td>\n<td>&nbsp;<\/td>\n<\/tr>\n<tr>\n<td>170<\/td>\n<td>Sur les traces des carri\u00e8res de Ste Juste<\/td>\n<td>E. Jean<\/td>\n<td>&nbsp;<\/td>\n<\/tr>\n<tr>\n<td>171<\/td>\n<td>Sortie sur le stratotype de Berriasien<\/td>\n<td>J. Dugrenot<\/td>\n<td>&nbsp;<\/td>\n<\/tr>\n<tr>\n<td>171<\/td>\n<td>Aper\u00e7u de la g\u00e9ologie rencontr\u00e9e lors du percement du tunnel\nde la RN 102 \u00e0 Aubenas<\/td>\n<td>X. Tschanz<\/td>\n<td>&nbsp;<\/td>\n<\/tr>\n<tr>\n<td>171<\/td>\n<td>A propos de\u2026&nbsp;\u00ab\u00a0Duret\u00e9 et solidit\u00e9 des min\u00e9raux&nbsp;\u00ab\u00a0<\/td>\n<td>Y. Thomas<\/td>\n<td>&nbsp;<\/td>\n<\/tr>\n<tr>\n<td>172<\/td>\n<td>Se promener en Belledonne et retracer l\u2019histoire des Alpes<\/td>\n<td>J.P. Esteban<\/td>\n<td>&nbsp;<\/td>\n<\/tr>\n<tr>\n<td><strong>1997<\/strong><\/td>\n<td style=\"vertical-align: top;\"><br>\n<\/td>\n<td style=\"vertical-align: top;\"><br>\n<\/td>\n<td style=\"vertical-align: top;\"><br>\n<\/td>\n<\/tr>\n<tr>\n<td>173<\/td>\n<td>Visite de la plate-forme de forage, site de Marcoule<\/td>\n<td>Vercasson<\/td>\n<td>&nbsp;<\/td>\n<\/tr>\n<tr>\n<td>173<\/td>\n<td>Hydrog\u00e9ologie appliqu\u00e9e (sch\u00e9ma d\u2019exploitation des nappes du\nTrias au Niger et en Ard\u00e8che \u2013 1<sup>\u00e8re<\/sup> partie<\/td>\n<td>J. Roure<\/td>\n<td>&nbsp;<\/td>\n<\/tr>\n<tr>\n<td>174<\/td>\n<td>Hydrog\u00e9ologie appliqu\u00e9e (sch\u00e9ma d\u2019exploitation des nappes du\nTrias au Niger en en Ard\u00e8che \u2013 2<sup>\u00e8me<\/sup> partie<\/td>\n<td>J. Roure<\/td>\n<td>&nbsp;<\/td>\n<\/tr>\n<tr>\n<td>174<\/td>\n<td>Etude de l\u2019Hy\u00e8ne fossile de Soyons (Ard\u00e8che)<\/td>\n<td>J. P. Gros<\/td>\n<td>&nbsp;<\/td>\n<\/tr>\n<tr>\n<td>175<\/td>\n<td>Des mat\u00e9riaux de construction de la ville de Privas \u00e0 leur\nlieu d\u2019extraction \u2013 3<sup>\u00e8me<\/sup> partie<\/td>\n<td>G. Naud<\/td>\n<td>&nbsp;<\/td>\n<\/tr>\n<tr>\n<td>175<\/td>\n<td>Variations de la teneur en carbonates au\nTithonique-Berriasien ans le domaine Vocontien et en Ard\u00e8che<\/td>\n<td>M. Geyer<\/td>\n<td>&nbsp;<\/td>\n<\/tr>\n<tr>\n<td>176<\/td>\n<td>Les rudistes<\/td>\n<td>A. Hyenne<\/td>\n<td>&nbsp;<\/td>\n<\/tr>\n<tr>\n<td><strong>1998<\/strong><\/td>\n<td style=\"vertical-align: top;\"><br>\n<\/td>\n<td style=\"vertical-align: top;\"><br>\n<\/td>\n<td style=\"vertical-align: top;\"><br>\n<\/td>\n<\/tr>\n<tr>\n<td>177<\/td>\n<td>G\u00e9ologie le long du sentier p\u00e9destre de Chirouses<\/td>\n<td>B. De Brion<\/td>\n<td>&nbsp;<\/td>\n<\/tr>\n<tr>\n<td>177<\/td>\n<td>Conditions de gisement et d\u2019exploitation de la nappe\nsouterraine du Trias sup\u00e9rieur sous le sillon sub-c\u00e9venol<\/td>\n<td>J. Roure<\/td>\n<td>&nbsp;<\/td>\n<\/tr>\n<tr>\n<td>178<\/td>\n<td>A propos de\u2026. porosit\u00e9<\/td>\n<td>B. De Brion<\/td>\n<td>&nbsp;<\/td>\n<\/tr>\n<tr>\n<td>178<\/td>\n<td>L\u2019affaire BRE\u2019X\/BUSANG\u2026 ou \u00a0\u00bb&nbsp;Le plus grand gisement d\u2019or\ndu monde&nbsp;\u00ab\u00a0<\/td>\n<td>B. De Brion<\/td>\n<td>&nbsp;<\/td>\n<\/tr>\n<tr>\n<td>178<\/td>\n<td>G\u00e9ologie du Teil et de ses environs<\/td>\n<td>A. Lopez<\/td>\n<td>&nbsp;<\/td>\n<\/tr>\n<tr>\n<td>178<\/td>\n<td>Balade \u00e0 Bourbouillet<\/td>\n<td>P. Barth<\/td>\n<td>&nbsp;<\/td>\n<\/tr>\n<tr>\n<td>178<\/td>\n<td>Dans le cadre de la rencontre \u00a0\u00bb&nbsp;La Pierre et le\nPatrimoine&nbsp;\u00a0\u00bb&nbsp;: visite des carri\u00e8res d\u2019Euville et de Pagny &#8211;\nMeuse<\/td>\n<td>B. Lathuili\u00e8re<\/td>\n<td>&nbsp;<\/td>\n<\/tr>\n<tr>\n<td>179<\/td>\n<td>G\u00e9ologie et Mat\u00e9riaux des environs de Dieulefit<\/td>\n<td>M. Aymes<\/td>\n<td>&nbsp;<\/td>\n<\/tr>\n<tr>\n<td>179<\/td>\n<td>Les Eruptions Majeures<\/td>\n<td>J. P. Gros<\/td>\n<td>&nbsp;<\/td>\n<\/tr>\n<tr>\n<td>179<\/td>\n<td>A propos de \u2026 porosit\u00e9 (suite)<\/td>\n<td>B. De Brion<\/td>\n<td>&nbsp;<\/td>\n<\/tr>\n<tr>\n<td>180<\/td>\n<td>G\u00e9ologie et mat\u00e9riaux des environs de Dieulefit<br>\n(CR d&rsquo;excursions au rocher de Combeau et \u00e0 Boulc)<\/td>\n<td>C. Rigollot<br>\nFourquin<\/td>\n<td>&nbsp;<\/td>\n<\/tr>\n<tr>\n<td>180<\/td>\n<td>Les m\u00e9tiers de la g\u00e9ologie<\/td>\n<td>G. Montella<\/td>\n<td>&nbsp;<\/td>\n<\/tr>\n<tr>\n<td><strong>1999<\/strong><\/td>\n<td style=\"vertical-align: top;\"><br>\n<\/td>\n<td style=\"vertical-align: top;\"><br>\n<\/td>\n<td style=\"vertical-align: top;\"><br>\n<\/td>\n<\/tr>\n<tr>\n<td>181<\/td>\n<td>Les salines d\u2019Hauterives<\/td>\n<td>L. Vincent<\/td>\n<td>&nbsp;<\/td>\n<\/tr>\n<tr>\n<td>181<\/td>\n<td>Les mat\u00e9riaux de Privas<\/td>\n<td>G. Naud<\/td>\n<td>&nbsp;<\/td>\n<\/tr>\n<tr>\n<td>182<\/td>\n<td>Mat\u00e9riaux de construction de Meyras<\/td>\n<td>J. Dugrenot<\/td>\n<td>&nbsp;<\/td>\n<\/tr>\n<tr>\n<td>182<\/td>\n<td>La vall\u00e9e des tuiliers&nbsp;: de Cornuscles \u00e0 Pont de\nFromenti\u00e8res<\/td>\n<td>G. Naud<\/td>\n<td>&nbsp;<\/td>\n<\/tr>\n<tr>\n<td>183<\/td>\n<td>Argiles et tuiles d\u2019Ard\u00e8che<\/td>\n<td>G. Naud<\/td>\n<td>&nbsp;<\/td>\n<\/tr>\n<tr>\n<td>183<\/td>\n<td>Le volcanisme du Coiron<\/td>\n<td>J. Dugrenot<\/td>\n<td>&nbsp;<\/td>\n<\/tr>\n<tr>\n<td>184<\/td>\n<td>G\u00e9ologie des argiles (suite)<\/td>\n<td>G. Naud<\/td>\n<td>&nbsp;<\/td>\n<\/tr>\n<tr>\n<td>184<\/td>\n<td>Montmiral<\/td>\n<td>L. Vincent<\/td>\n<td>&nbsp;<\/td>\n<\/tr>\n<tr>\n<td><strong>2000<\/strong><\/td>\n<td style=\"vertical-align: top;\"><br>\n<\/td>\n<td style=\"vertical-align: top;\"><br>\n<\/td>\n<td style=\"vertical-align: top;\"><br>\n<\/td>\n<\/tr>\n<tr>\n<td>185<\/td>\n<td>Argiles d\u2019Ard\u00e8che<\/td>\n<td>G. Naud<\/td>\n<td>&nbsp;<\/td>\n<\/tr>\n<tr>\n<td>185<\/td>\n<td>Microtoponymie<\/td>\n<td>B. Salques<\/td>\n<td>&nbsp;<\/td>\n<\/tr>\n<tr>\n<td>186<\/td>\n<td>Un exemple d\u2019utilisation des images satellites en g\u00e9ologie<\/td>\n<td>J.P. Esteban<\/td>\n<td>&nbsp;<\/td>\n<\/tr>\n<tr>\n<td>186<\/td>\n<td>La trace fossile nomm\u00e9e <em>Zoophycos<\/em><\/td>\n<td>J.P. Gros<\/td>\n<td>&nbsp;<\/td>\n<\/tr>\n<tr>\n<td>187<\/td>\n<td>Le plateau de Labeaume<\/td>\n<td>P. Dupland<br>\nC. Rigollot<\/td>\n<td>&nbsp;<\/td>\n<\/tr>\n<tr>\n<td>188<\/td>\n<td>Mat\u00e9riaux et substances utiles de la C\u00e9venne Ard\u00e9choise du\nNord<\/td>\n<td>G. Naud<\/td>\n<td>&nbsp;<\/td>\n<\/tr>\n<tr>\n<td>188<\/td>\n<td>D\u00e9couverte d\u2019un squelette partiel de <em>Macimosaurus sp<\/em>\ndans les calcaires de Naves (Ard\u00e8che) en ao\u00fbt 98 \u2013 Fouilles dirig\u00e9es et\nr\u00e9alis\u00e9es par&nbsp;:<\/td>\n<td>C. Gagnaison<br>\nD. Fucci<br>\nM. Duval<br>\nT. Gutierrez<\/td>\n<td>&nbsp;<\/td>\n<\/tr>\n<tr>\n<td><strong>2001<\/strong><\/td>\n<td style=\"vertical-align: top;\"><br>\n<\/td>\n<td style=\"vertical-align: top;\"><br>\n<\/td>\n<td style=\"vertical-align: top;\"><br>\n<\/td>\n<\/tr>\n<tr>\n<td>189<\/td>\n<td>Formation, composition et avenir du gisement de charbon de\nPrades-Jaujac<\/td>\n<td>G. Naud<\/td>\n<td>&nbsp;<\/td>\n<\/tr>\n<tr>\n<td>190<\/td>\n<td>Compte rendu de la sortie du 28 avril 2001 dans le cirque\nd\u2019Estre et la Combe d\u2019Arc \u00e0 Vallon Pont d\u2019Arc<\/td>\n<td>E. Tscherter<br>\nP. Barth<br>\n<\/td>\n<td>&nbsp;<\/td>\n<\/tr>\n<tr>\n<td>190<\/td>\n<td>El\u00e9ments de g\u00e9ologie dans les Gorges de l\u2019Ard\u00e8che<\/td>\n<td>J.C. Bousquet<br>\nG. Naud<br>\nP. Elouard<br>\n<\/td>\n<td>&nbsp;<\/td>\n<\/tr>\n<tr>\n<td>191<\/td>\n<td>Compte rendu de la sortie du 17 mars 2001&nbsp;: Les\nanciennes mines de Carnoul\u00e8s et le laboratoire de M. Le Blanc. Avec la\nSoci\u00e9t\u00e9 d\u2019Etude des Sciences Naturelles de N\u00eemes et du Gard<\/td>\n<td>&nbsp;<\/td>\n<td>&nbsp;<\/td>\n<\/tr>\n<tr>\n<td>191<\/td>\n<td>Les mines de fer de Merzelet (Vinezac), Chaunes (Ailhon).\nL\u2019origine du fer, les ateliers m\u00e9tallurgiques antiques<\/td>\n<td>J. Roure<\/td>\n<td>&nbsp;<\/td>\n<\/tr>\n<tr>\n<td><strong>2002<\/strong><\/td>\n<td style=\"vertical-align: top;\"><br>\n<\/td>\n<td style=\"vertical-align: top;\"><br>\n<\/td>\n<td style=\"vertical-align: top;\"><br>\n<\/td>\n<\/tr>\n<tr>\n<td>192<\/td>\n<td>Num\u00e9ro sp\u00e9cial 25e anniversaire<\/td>\n<td><br>\n<\/td>\n<td><br>\n<\/td>\n<\/tr>\n<tr>\n<td>193<\/td>\n<td>Documentation g\u00e9ologique de base sur des excursions dans\nl\u2019Ard\u00e8che.<\/td>\n<td>B. De Brion<\/td>\n<td>&nbsp;<\/td>\n<\/tr>\n<tr>\n<td>194<\/td>\n<td>La g\u00e9ologie vue par des enfants de 9 ans<\/td>\n<td>A. Pouteau,<br>\nA. Genet<\/td>\n<td>&nbsp;<\/td>\n<\/tr>\n<tr>\n<td>194<\/td>\n<td>Compte-rendu de l\u2019excursion des 8et9 septembre 2001 aux\nenviron de Villars, Saint Pancrace et Chenaillet<\/td>\n<td>B. De Brion<\/td>\n<td>&nbsp;<\/td>\n<\/tr>\n<tr>\n<td>195<\/td>\n<td>Sortie g\u00e9obotanique de la bordure nord-ouest des Coirons du\n25 mai 2002.<\/td>\n<td>G. Naud,<br>\nF. Lagarde<\/td>\n<td>&nbsp;<\/td>\n<\/tr>\n<tr>\n<td>196<\/td>\n<td>Contexte g\u00e9odynamique du volcanisme du Massif Central\nfran\u00e7ais.<br>\nFermeture du mus\u00e9e de la Terre ard\u00e9choise.<\/td>\n<td>G. Naud<\/td>\n<td>&nbsp;<\/td>\n<\/tr>\n<tr>\n<td><strong>2003<\/strong><\/td>\n<td style=\"vertical-align: top;\"><br>\n<\/td>\n<td style=\"vertical-align: top;\"><br>\n<\/td>\n<td style=\"vertical-align: top;\"><br>\n<\/td>\n<\/tr>\n<tr>\n<td>197<\/td>\n<td>Argiles, briques et tuiles \u00e0 Romans.<\/td>\n<td>L. Vincent<\/td>\n<td>&nbsp;<\/td>\n<\/tr>\n<tr>\n<td>198<\/td>\n<td>Histoire fantastique du Mastodonte de Darbres et des volcans\ndu Coiron<\/td>\n<td>G. Naud<\/td>\n<td>&nbsp;<\/td>\n<\/tr>\n<tr>\n<td>199<\/td>\n<td>Un parcours d\u2019obstacle&nbsp;: la cr\u00e9ation du site Web de la\nS.G.A<\/td>\n<td>M. C\u00e9lis<\/td>\n<td>&nbsp;<\/td>\n<\/tr>\n<tr>\n<td>199<\/td>\n<td>Les mines de fer du bassin de Privas&nbsp;: un t\u00e9moins,\nS\u00e9raphin Mathon.<\/td>\n<td>&nbsp;<\/td>\n<td>&nbsp;<\/td>\n<\/tr>\n<tr>\n<td>199<\/td>\n<td>La protection du patrimoine g\u00e9ologique<\/td>\n<td>P. Billet<\/td>\n<td>&nbsp;<\/td>\n<\/tr>\n<tr>\n<td>200<\/td>\n<td>La tectonique des environs de Joyeuse<br>\nLe Karst du plateau De Chapias<\/td>\n<td>G. Naud,<br>\nC. Rigollot,<br>\nJ.C Fialon<\/td>\n<td>&nbsp;<\/td>\n<\/tr>\n<tr>\n<td><strong>2004<\/strong><\/td>\n<td style=\"vertical-align: top;\"><br>\n<\/td>\n<td style=\"vertical-align: top;\"><br>\n<\/td>\n<td style=\"vertical-align: top;\"><br>\n<\/td>\n<\/tr>\n<tr>\n<td>201<\/td>\n<td>Le volcanisme d\u2019Issarl\u00e8s et le Gerbier de Jonc avec les\nsources de la<br>\nLoire &#8211; C.R. des excursions des 21et 22\/6&nbsp;\/2004<\/td>\n<td>M. Aymes,<br>\nJ. Dugrenot<\/td>\n<td>&nbsp;<\/td>\n<\/tr>\n<tr>\n<td>202<\/td>\n<td>Les volcans d\u2019Auvergne, excursion des 13 et14\/9\/2003<\/td>\n<td>M. C\u00e9lis,<br>\nM. Aymes<\/td>\n<td>&nbsp;<\/td>\n<\/tr>\n<tr>\n<td>203<\/td>\n<td>L\u2019or en C\u00e9vennes ard\u00e9choise&nbsp;: entre mythe et r\u00e9alit\u00e9<\/td>\n<td>G. Naud<\/td>\n<td>&nbsp;<\/td>\n<\/tr>\n<tr>\n<td>203<\/td>\n<td>G\u00e9ologie des eaux min\u00e9rales \u00e0 Marcols-les-Eaux<\/td>\n<td>J. Dugrenot<\/td>\n<td>&nbsp;<\/td>\n<\/tr>\n<tr>\n<td>204<\/td>\n<td>Sortie en Montagne Noire, compte-rendu de l\u2019excursion des\n10-12&nbsp; septembre 2004.<\/td>\n<td>C. Rigollot<\/td>\n<td>&nbsp;<\/td>\n<\/tr>\n<tr>\n<td>204<\/td>\n<td>Deuxi\u00e8me festival de l\u2019Aventure Scientifique \u00e0\nSaint-Priest&nbsp;:<br>\nHistoire de volcans &#8211; C.R des conf\u00e9rences et excursions.<\/td>\n<td>G. Naud,<br>\nM. C\u00e9lis<\/td>\n<td>&nbsp;<\/td>\n<\/tr>\n<tr>\n<td><strong>2005<\/strong><\/td>\n<td style=\"vertical-align: top;\"><br>\n<\/td>\n<td style=\"vertical-align: top;\"><br>\n<\/td>\n<td style=\"vertical-align: top;\"><br>\n<\/td>\n<\/tr>\n<tr>\n<td>205<\/td>\n<td>Le village chalcolithique du Serre de Boidon, Grospierre.<\/td>\n<td>O. Gros<\/td>\n<td>&nbsp;<\/td>\n<\/tr>\n<tr>\n<td>205<\/td>\n<td>Quelques donn\u00e9es sur la g\u00e9ologie et l\u2019hydrog\u00e9ologie des\nabords du Chassezac aux environs de Grospierre-Saint-Alban<\/td>\n<td>G. Naud<\/td>\n<td>&nbsp;<\/td>\n<\/tr>\n<tr>\n<td>206<\/td>\n<td>Seismes et tsunamis.<\/td>\n<td>J.C. Bousquet<\/td>\n<td>&nbsp;<\/td>\n<\/tr>\n<tr>\n<td>206<\/td>\n<td>Des Assions \u00e0 Berrias vie et mort de la marge oc\u00e9anique\npassive \u00e0 Berrias.<\/td>\n<td>P. Barth<\/td>\n<td>&nbsp;<\/td>\n<\/tr>\n<tr>\n<td>207<\/td>\n<td>A propos de joints<\/td>\n<td>C. Rigollot<\/td>\n<td>&nbsp;<\/td>\n<\/tr>\n<tr>\n<td>207<\/td>\n<td>Patrimoine et g\u00e9ologie&nbsp;: le site de la Jaubernie, Coux.\n(1)<\/td>\n<td>G. Naud<\/td>\n<td>&nbsp;<\/td>\n<\/tr>\n<tr>\n<td>208<\/td>\n<td>Sortie au Puy-en-Velay<\/td>\n<td>M. Aymes,<br>\nC. Rigollot<\/td>\n<td>&nbsp;<\/td>\n<\/tr>\n<tr>\n<td>208<\/td>\n<td>Sortie \u00e0 Labeaume<\/td>\n<td>M. Aymes,<br>\nC. Rigollot<\/td>\n<td>&nbsp;<\/td>\n<\/tr>\n<tr>\n<td><strong>2006<\/strong><\/td>\n<td style=\"vertical-align: top;\"><br>\n<\/td>\n<td style=\"vertical-align: top;\"><br>\n<\/td>\n<td style=\"vertical-align: top;\"><br>\n<\/td>\n<\/tr>\n<tr>\n<td>209<\/td>\n<td>Patrimoine et g\u00e9ologie&nbsp;: le site de la Jaubernie,\nCoux.(2)<\/td>\n<td>G. Naud<\/td>\n<td>&nbsp;<\/td>\n<\/tr>\n<tr>\n<td>209<\/td>\n<td>Sortie sur le site d&rsquo;Orgnac<\/td>\n<td>P.Bart<\/td>\n<td><br>\n<\/td>\n<\/tr>\n<tr>\n<td>210<\/td>\n<td>Constitution et histoire g\u00e9ologique de la vall\u00e9e de l\u2019Ouv\u00e8ze<\/td>\n<td>G. Naud<\/td>\n<td>&nbsp;<\/td>\n<\/tr>\n<tr>\n<td>211<\/td>\n<td>Constitution et histoire g\u00e9ologique de la vall\u00e9e de l\u2019Ouv\u00e8ze\n(suite et fin)<\/td>\n<td>G. Naud<\/td>\n<td>&nbsp;<\/td>\n<\/tr>\n<tr>\n<\/tr>\n<tr>\n<td>211<\/td>\n<td>Sortie \u00e0 Saint-Laurent-les-Bains.<\/td>\n<td>C. Rigollot<\/td>\n<td>&nbsp;<\/td>\n<\/tr>\n<tr>\n<td>212<\/td>\n<td>Excursions, stages, visites de 1976 \u00e0 2006.<br>\nEdition, biblioth\u00e8que, documentation.<\/td>\n<td>&nbsp;<\/td>\n<td>&nbsp;<\/td>\n<\/tr>\n<tr>\n<td><strong>2007<\/strong><\/td>\n<\/tr>\n<tr>\n<td>213<\/td>\n<td>Sortie sentier Ren\u00e9 Roche du 26 mars 2006.<\/td>\n<td>J. Dugrenot<\/td>\n<td>&nbsp;<\/td>\n<\/tr>\n<tr>\n<td>213<\/td>\n<td>Mat\u00e9riaux de Montpezat. &#8211; Sortie Patrimoine 2006, la\nJaubernie.<\/td>\n<td>J. Dugrenot<\/td>\n<td>&nbsp;<\/td>\n<\/tr>\n<tr>\n<td>214<\/td>\n<td>Sortie \u00e0 Payzac du 8 novembre 2006.<\/td>\n<td>C. Rigollot,<br>\nJ.P. Huyon<\/td>\n<td>&nbsp;<\/td>\n<\/tr>\n<tr>\n<td>214<\/td>\n<td>Sortie \u00e0 Saint-Julien-de-Serre du 21 avril 2006.<\/td>\n<td>D. Nardin<\/td>\n<td>&nbsp;<\/td>\n<\/tr>\n<tr>\n<td>214<\/td>\n<td>D\u00e9couverte g\u00e9ologique des environs du Charay 19\/3\/2006<\/td>\n<td>G. Naud<\/td>\n<td>&nbsp;<\/td>\n<\/tr>\n<tr>\n<td>215-216<\/td>\n<td>G\u00e9ologie et hydrog\u00e9ologie des environs du ch\u00e2teau de\nPampelonne,<br>\ncommune de Saint-Martin sur Lavezon.<\/td>\n<td>G. Naud<\/td>\n<td>&nbsp;<\/td>\n<\/tr>\n<tr>\n<td>215-216<\/td>\n<td>Sortie aux alentours du B\u00e9age, le 8 septembre 2007.<\/td>\n<td>D. Nardin<\/td>\n<td>&nbsp;<\/td>\n<\/tr>\n<\/tbody>\n<\/table><\/figure>\n","protected":false},"excerpt":{"rendered":"<p>3e formule &nbsp;1993-2007: Les num\u00e9ros deviennent trimestriels. Il y a donc 4 num\u00e9ros par an. 1993 157 Les potiers d\u2019antan de la d\u00e9pression callovienne en Ard\u00e8che J. Roure &nbsp; 157 Les Monts du Matin Y. Thomas &nbsp; 157 Le Vercors et la pr\u00e9histoire Y. Thomas &nbsp; 157 La nationalit\u00e9 d\u2019une dizaine de Trilobites contest\u00e9e G. &hellip;<\/p>\n<p class=\"read-more\"> <a class=\"\" href=\"https:\/\/www.societegeolardeche.com\/index.php\/bulletins-1993-2007\/\"> <span class=\"screen-reader-text\">Bulletins 1993-2007<\/span> Lire la suite\u00a0\u00bb<\/a><\/p>\n","protected":false},"author":4,"featured_media":0,"parent":0,"menu_order":0,"comment_status":"closed","ping_status":"closed","template":"","meta":{"site-sidebar-layout":"default","site-content-layout":"default","ast-global-header-display":"","ast-banner-title-visibility":"","ast-main-header-display":"","ast-hfb-above-header-display":"","ast-hfb-below-header-display":"","ast-hfb-mobile-header-display":"","site-post-title":"","ast-breadcrumbs-content":"","ast-featured-img":"","footer-sml-layout":"","theme-transparent-header-meta":"","adv-header-id-meta":"","stick-header-meta":"","header-above-stick-meta":"","header-main-stick-meta":"","header-below-stick-meta":"","footnotes":""},"class_list":["post-548","page","type-page","status-publish","hentry"],"_links":{"self":[{"href":"https:\/\/www.societegeolardeche.com\/index.php\/wp-json\/wp\/v2\/pages\/548","targetHints":{"allow":["GET"]}}],"collection":[{"href":"https:\/\/www.societegeolardeche.com\/index.php\/wp-json\/wp\/v2\/pages"}],"about":[{"href":"https:\/\/www.societegeolardeche.com\/index.php\/wp-json\/wp\/v2\/types\/page"}],"author":[{"embeddable":true,"href":"https:\/\/www.societegeolardeche.com\/index.php\/wp-json\/wp\/v2\/users\/4"}],"replies":[{"embeddable":true,"href":"https:\/\/www.societegeolardeche.com\/index.php\/wp-json\/wp\/v2\/comments?post=548"}],"version-history":[{"count":1,"href":"https:\/\/www.societegeolardeche.com\/index.php\/wp-json\/wp\/v2\/pages\/548\/revisions"}],"predecessor-version":[{"id":549,"href":"https:\/\/www.societegeolardeche.com\/index.php\/wp-json\/wp\/v2\/pages\/548\/revisions\/549"}],"wp:attachment":[{"href":"https:\/\/www.societegeolardeche.com\/index.php\/wp-json\/wp\/v2\/media?parent=548"}],"curies":[{"name":"wp","href":"https:\/\/api.w.org\/{rel}","templated":true}]}}