{"id":545,"date":"2023-03-02T18:32:07","date_gmt":"2023-03-02T17:32:07","guid":{"rendered":"http:\/\/ujakbls.cluster031.hosting.ovh.net\/?page_id=545"},"modified":"2023-03-02T18:32:07","modified_gmt":"2023-03-02T17:32:07","slug":"bulletins-1983-1992","status":"publish","type":"page","link":"https:\/\/www.societegeolardeche.com\/index.php\/bulletins-1983-1992\/","title":{"rendered":"Bulletins 1983-1992"},"content":{"rendered":"\n<figure class=\"wp-block-table\"><table>\n<tbody>\n<tr>\n<td colspan=\"4\" rowspan=\"1\"><strong>2e formule 1983 &#8211; 1992<\/strong><br>\napr\u00e8s une interruption, les num\u00e9ros restent&nbsp; mensuels, &nbsp;<br>\nmais il y a 2 num\u00e9ros doubles en juin-juillet et aout-septembre<br>\n10 num\u00e9ros par an depuis le n\u00b061, d&rsquo;octobre 1983.<\/td>\n<\/tr>\n<tr>\n<td>61<\/td>\n<td>Histoire g\u00e9ologique des environs de Privas.<\/td>\n<td>G. Naud<\/td>\n<td>&nbsp;<\/td>\n<\/tr>\n<tr>\n<td>62<\/td>\n<td>Quand la mer \u00e9tait \u00e0 Aubenas.<\/td>\n<td>G. Naud<\/td>\n<td><br>\n<\/td>\n<\/tr>\n<tr>\n<td>63<\/td>\n<td>La R\u00e9union et l\u2019\u00eele Maurice leur volcanisme<\/td>\n<td>Y. Thomas<\/td>\n<td>&nbsp;<\/td>\n<\/tr>\n<tr>\n<td>63<\/td>\n<td>Impactites et m\u00e9t\u00e9orites.<\/td>\n<td>G. Naud<br>\nA. Hyenne<\/td>\n<td>&nbsp;<\/td>\n<\/tr>\n<tr>\n<td>63<\/td>\n<td>Une m\u00e9t\u00e9orite ard\u00e9choise.<\/td>\n<td>G. Naud<\/td>\n<td>&nbsp;<\/td>\n<\/tr>\n<tr>\n<td><strong>1984<\/strong><\/td>\n<td style=\"vertical-align: top;\"><br>\n<\/td>\n<td style=\"vertical-align: top;\"><br>\n<\/td>\n<td style=\"vertical-align: top;\"><br>\n<\/td>\n<\/tr>\n<tr>\n<td>65<\/td>\n<td>Survol g\u00e9ologique des environs de Saint-Priest.<\/td>\n<td>G. Naud<\/td>\n<td>&nbsp;<\/td>\n<\/tr>\n<tr>\n<td>66<\/td>\n<td>La silice.<\/td>\n<td>G. Naud<\/td>\n<td>&nbsp;<\/td>\n<\/tr>\n<tr>\n<td>70<\/td>\n<td>La carte g\u00e9ologique.<\/td>\n<td>G. Montella<\/td>\n<td>&nbsp;<\/td>\n<\/tr>\n<tr>\n<td>68<\/td>\n<td>D\u00e9couverte g\u00e9ologique du Tricastin<\/td>\n<td>X. Tschanz<\/td>\n<td>&nbsp;<\/td>\n<\/tr>\n<tr>\n<td>69<\/td>\n<td>Itin\u00e9raire g\u00e9ologique du col de la Chavade \u00e0 Saint-Bauzile<\/td>\n<td>G. Naud<\/td>\n<td>&nbsp;<\/td>\n<\/tr>\n<tr>\n<td>70<\/td>\n<td>Eoc\u00e8ne et kaolin en bordure orientale du massif cristallin de\nTain-Saint-Vallier.<\/td>\n<td>G. Naud<\/td>\n<td>&nbsp;<\/td>\n<\/tr>\n<tr>\n<td>71<\/td>\n<td>Evolution g\u00e9omorphologique de la rive droite du Rh\u00f4ne entre\nSaint-Peray et Charmes.<\/td>\n<td>G. Naud<\/td>\n<td>&nbsp;<\/td>\n<\/tr>\n<tr>\n<td>71<\/td>\n<td>Commission des sites g\u00e9ologiques&nbsp;: la r\u00e9serve de\nHaute-Provence, le gisement de Robiac&nbsp;,\u2026<\/td>\n<td>G. Naud<\/td>\n<td>&nbsp;<\/td>\n<\/tr>\n<tr>\n<td>72<\/td>\n<td>Les grenats.<\/td>\n<td>G. Naud,<br>\nJ.M. Fahy,<br>\nR.S. Meucci<\/td>\n<td>&nbsp;<\/td>\n<\/tr>\n<tr>\n<td>72<\/td>\n<td>Commission des sites&nbsp;: les stratotypes.<\/td>\n<td>&nbsp;<\/td>\n<td>&nbsp;<\/td>\n<\/tr>\n<tr>\n<td><strong>1985<\/strong><\/td>\n<td style=\"vertical-align: top;\"><br>\n<\/td>\n<td style=\"vertical-align: top;\"><br>\n<\/td>\n<td style=\"vertical-align: top;\"><br>\n<\/td>\n<\/tr>\n<tr>\n<td>74<\/td>\n<td>L\u2019aragonite, une autre forme du carbonate de calcium.&nbsp;<\/td>\n<td>G. Naud<\/td>\n<td>&nbsp;<\/td>\n<\/tr>\n<tr>\n<td>74<\/td>\n<td>Commission des sites g\u00e9ologiques&nbsp;: les schistes de Menat\n(Puy-de-D\u00f4me).<\/td>\n<td>&nbsp;<\/td>\n<td>&nbsp;<\/td>\n<\/tr>\n<tr>\n<td>74<\/td>\n<td>A la d\u00e9couverte des volcans du fond des oc\u00e9ans<\/td>\n<td>G. Montella<\/td>\n<td>&nbsp;<\/td>\n<\/tr>\n<tr>\n<td>74<\/td>\n<td>\u00c7a bouge du cot\u00e9 des dinosaures.<\/td>\n<td>G. Naud,<br>\nR. Meucci,<br>\nG. Monnet<\/td>\n<td>&nbsp;<\/td>\n<\/tr>\n<tr>\n<td>75<\/td>\n<td>Commission des sites g\u00e9ologiques&nbsp;: classification<\/td>\n<td>&nbsp;<\/td>\n<td>&nbsp;<\/td>\n<\/tr>\n<tr>\n<td>75<\/td>\n<td>Les grenats 2<sup>\u00e8me<\/sup> partie.<\/td>\n<td>G. Naud<\/td>\n<td>&nbsp;<\/td>\n<\/tr>\n<tr>\n<td>76<\/td>\n<td>Commission des sites g\u00e9ologiques<\/td>\n<td>&nbsp;<\/td>\n<td>&nbsp;<\/td>\n<\/tr>\n<tr>\n<td>76<\/td>\n<td>Itin\u00e9raire \u00e0 travers le Cr\u00e9tac\u00e9 du pays de Bourdeaux.<\/td>\n<td>X. Tschanz<\/td>\n<td>&nbsp;<\/td>\n<\/tr>\n<tr>\n<td>76<\/td>\n<td>Pr\u00e9sentation de la typologie des zircons<\/td>\n<td>J.P. Pupin<\/td>\n<td>&nbsp;<\/td>\n<\/tr>\n<tr>\n<td>77<\/td>\n<td>Commission des sites g\u00e9ologiques&nbsp;: la protection du\nPermien du bassin d\u2019Autun. Quelques donn\u00e9es sur le Permien. Le Permien\nde Largenti\u00e8re, Ard\u00e8che.<\/td>\n<td>G. Naud<\/td>\n<td>&nbsp;<\/td>\n<\/tr>\n<tr>\n<td>77<\/td>\n<td>Le Permien et le Trias du bassin d\u2019Autun<\/td>\n<td>Y. Thomas<\/td>\n<td>&nbsp;<\/td>\n<\/tr>\n<tr>\n<td>78\/79<\/td>\n<td>L\u2019antimoine<\/td>\n<td>J.M. Rochette<\/td>\n<td>&nbsp;<\/td>\n<\/tr>\n<tr>\n<td>78\/79<\/td>\n<td>Etude hydrog\u00e9ologique du r\u00e9seau karstique des Gouls de\nTourne, Bourg-Saint-And\u00e9ol.<\/td>\n<td>D. Cuche,<br>\nP. Bergeret<\/td>\n<td>&nbsp;<\/td>\n<\/tr>\n<tr>\n<td>78\/79<\/td>\n<td>Commission des sites g\u00e9ologiques&nbsp;: le gisement de\nMaurens, des rudistes bien prot\u00e9g\u00e9s, la Lieude<\/td>\n<td>G. Naud<\/td>\n<td>&nbsp;<\/td>\n<\/tr>\n<tr>\n<td>80\/81<\/td>\n<td>Introduction \u00e0 la g\u00e9ologie du bassin Permien de\nLod\u00e8ve,H\u00e9rault.<\/td>\n<td>E. Monteil<\/td>\n<td>&nbsp;<\/td>\n<\/tr>\n<tr>\n<td>80\/81<\/td>\n<td>Formations cristallophylliennes du Mont Pilat, Loire.<\/td>\n<td>G. Vittel<\/td>\n<td>&nbsp;<\/td>\n<\/tr>\n<tr>\n<td>80\/81<\/td>\n<td>Origine et \u00e9tymologie du vocabulaire de la g\u00e9ologie.<\/td>\n<td>J.M. Rochette<\/td>\n<td>&nbsp;<\/td>\n<\/tr>\n<tr>\n<td>82<\/td>\n<td>La disparition des dinosaures, d\u2019actualit\u00e9.<\/td>\n<td>E. Monteil<\/td>\n<td>&nbsp;<\/td>\n<\/tr>\n<tr>\n<td>82<\/td>\n<td>Les roches d\u00e9tritiques I&nbsp;: leur classification.<\/td>\n<td>G. Naud<\/td>\n<td>&nbsp;<\/td>\n<\/tr>\n<tr>\n<td>82<\/td>\n<td>Commission des sites g\u00e9ologiques&nbsp;: halte aux vandales en\nArd\u00e8che&nbsp;; un site \u00e0 prot\u00e9ger&nbsp;; Moncornet-en-Ardennes<\/td>\n<td>F. Meilliez<\/td>\n<td>&nbsp;<\/td>\n<\/tr>\n<tr>\n<td>83<\/td>\n<td>Commission des sites g\u00e9ologiques&nbsp;: &#8211; Les sites\ng\u00e9ologiques&nbsp;outre \u2013Manche&nbsp;<br>\n&#8211; pourquoi prot\u00e9ger un gisement fossilif\u00e8re<\/td>\n<td>G. Naud<\/td>\n<td>&nbsp;<\/td>\n<\/tr>\n<tr>\n<td>83<\/td>\n<td>Les Amphiboles<\/td>\n<td>G. Naud<\/td>\n<td>&nbsp;<\/td>\n<\/tr>\n<tr>\n<td>84<\/td>\n<td>Les roches d\u00e9tritiques II&nbsp;; histoire de galets et de\nblocs.<\/td>\n<td>G. Naud<\/td>\n<td>&nbsp;<\/td>\n<\/tr>\n<tr>\n<td><strong>1986<\/strong><\/td>\n<td style=\"vertical-align: top;\"><br>\n<\/td>\n<td style=\"vertical-align: top;\"><br>\n<\/td>\n<td style=\"vertical-align: top;\"><br>\n<\/td>\n<\/tr>\n<tr>\n<td>85<\/td>\n<td>A quelle \u00e9poque \u00e7a c\u2019est pass\u00e9&nbsp;? M\u00e9thode de datation.<\/td>\n<td>E. Monteil<\/td>\n<td>&nbsp;<\/td>\n<\/tr>\n<tr>\n<td>86<\/td>\n<td>Commission des sites g\u00e9ologiques&nbsp;: r\u00e9flexion d\u2019un\npr\u00e9sident.<\/td>\n<td>G. Naud<\/td>\n<td>&nbsp;<\/td>\n<\/tr>\n<tr>\n<td>86<\/td>\n<td>Incursion g\u00e9ologique en Bas Dauphin\u00e9<\/td>\n<td>G Naud<\/td>\n<td>&nbsp;<\/td>\n<\/tr>\n<tr>\n<td>87<\/td>\n<td>Commission des sites g\u00e9ologiques, prot\u00e9ger les sites\nfossilif\u00e8res. Le karst. &#8211; Les trilobites.<\/td>\n<td>G. Naud<\/td>\n<td>&nbsp;<\/td>\n<\/tr>\n<tr>\n<td>88<\/td>\n<td>Commission des sites g\u00e9ologiques, prot\u00e9ger les sites\nfossilif\u00e8res (suite et fin) &#8211; Les Trilobites (suite). Histoire de la\ncarte g\u00e9ologique fran\u00e7aise.<\/td>\n<td>G. Naud<\/td>\n<td>&nbsp;<\/td>\n<\/tr>\n<tr>\n<td>89<\/td>\n<td>Commission des sites g\u00e9ologiques&nbsp;: quelques probl\u00e8mes de\nstratotypes. &#8211; Les Trilobites (fin) \u2013 La Vaugn\u00e9rite.<\/td>\n<td>G. Naud<\/td>\n<td>&nbsp;<\/td>\n<\/tr>\n<tr>\n<td>90\/91<\/td>\n<td>Petit aper\u00e7u sur la Pouzzolane.<\/td>\n<td>G. Naud<\/td>\n<td>&nbsp;<\/td>\n<\/tr>\n<tr>\n<td>92\/93<\/td>\n<td>Le Burdigalien du Tricastin<\/td>\n<td>X. Tschang<\/td>\n<td>&nbsp;<\/td>\n<\/tr>\n<tr>\n<td>92\/93<\/td>\n<td>Un naturaliste du XVIIIe Si\u00e8cle d\u2019origine vivaroise\nJean-Louis Soulavie (1752-1813)<\/td>\n<td>J.M. Rochette<\/td>\n<td>&nbsp;<\/td>\n<\/tr>\n<tr>\n<td>92\/93<\/td>\n<td>G\u00e9ologie et pal\u00e9ontologie cavernicole au pays de Vans.<\/td>\n<td>G. Naud<br>\nR. Evesque<\/td>\n<td>&nbsp;<\/td>\n<\/tr>\n<tr>\n<td>94<\/td>\n<td>La s\u00e9rie du Pilat, Est du Massif Central.<\/td>\n<td>G. Vitel<\/td>\n<td>&nbsp;<\/td>\n<\/tr>\n<tr>\n<td>95<\/td>\n<td>Les sentiers de Jules Malbosc<\/td>\n<td>G. de Malbosc<\/td>\n<td>&nbsp;<\/td>\n<\/tr>\n<tr>\n<td>95<\/td>\n<td>La naissance de la S.G.A. (allocution du pr\u00e9sident pour le\ndixi\u00e8me anniversaire).<\/td>\n<td>G. Naud<\/td>\n<td>&nbsp;<\/td>\n<\/tr>\n<tr>\n<td>96<\/td>\n<td>Commission des sites g\u00e9ologiques&nbsp;: faut-il aller\nau-del\u00e0&nbsp;? (sauvegarde du patrimoine scientifique)<\/td>\n<td>&nbsp;<\/td>\n<td>&nbsp;<\/td>\n<\/tr>\n<tr>\n<td>96<\/td>\n<td>Aper\u00e7u g\u00e9ologique des environs du Teil<\/td>\n<td>G. Naud,<br>\nDa Silva<\/td>\n<td>&nbsp;<\/td>\n<\/tr>\n<tr>\n<td>96<\/td>\n<td>Un exemple d\u2019animation \u00e0 la S.G.A., les classes d\u00e9couvertes.<\/td>\n<td>E. Monteil<\/td>\n<td>&nbsp;<\/td>\n<\/tr>\n<tr>\n<td><strong>1987<\/strong><\/td>\n<td style=\"vertical-align: top;\"><br>\n<\/td>\n<td style=\"vertical-align: top;\"><br>\n<\/td>\n<td style=\"vertical-align: top;\"><br>\n<\/td>\n<\/tr>\n<tr>\n<td>97<\/td>\n<td>De la G\u00e9opo\u00e9sie \u00e0 la G\u00e9odynamique et vice-versa<\/td>\n<td>G. Monnet<\/td>\n<td>&nbsp;<\/td>\n<\/tr>\n<tr>\n<td>98<\/td>\n<td>Commission des sites g\u00e9ologiques&nbsp;: droit de r\u00e9ponse<\/td>\n<td>&nbsp;<\/td>\n<td>&nbsp;<\/td>\n<\/tr>\n<tr>\n<td>98<\/td>\n<td>L\u2019\u00e9nergie g\u00e9othermique&nbsp;: syst\u00e8me g\u00e9othermique en roches\nchaudes et s\u00e8ches<\/td>\n<td>J. L. Dabert<\/td>\n<td>&nbsp;<\/td>\n<\/tr>\n<tr>\n<td>98<\/td>\n<td>Au sujet d\u2019une hypoth\u00e9tique tectonique tertiaire ou syn et\npost volcanique dans le Massif des Coirons<\/td>\n<td>G. Naud<\/td>\n<td>&nbsp;<\/td>\n<\/tr>\n<tr>\n<td>99<\/td>\n<td>Histoire de l\u2019\u00e2ge de la Terre<\/td>\n<td>G. Monnet<\/td>\n<td>&nbsp;<\/td>\n<\/tr>\n<tr>\n<td>99<\/td>\n<td>Le Carbonif\u00e8re d\u2019Ard\u00e8che \u2013 1<sup>\u00e8re<\/sup> partie<\/td>\n<td>G. Naud<\/td>\n<td>&nbsp;<\/td>\n<\/tr>\n<tr>\n<td>99<\/td>\n<td>Commission des sites g\u00e9ologiques&nbsp;: &#8211; Jusqu\u2019o\u00f9 doit-on\naller&nbsp;? \u2013 Quand la fen\u00eatre ne s\u2019ouvre que sur l\u2019argent<\/td>\n<td>G. Naud<\/td>\n<td>&nbsp;<\/td>\n<\/tr>\n<tr>\n<td>100<\/td>\n<td>Les g\u00eetes \u00e0 antimoine en C\u00e9vennes, \u00e9tude min\u00e9ralogique et\nparag\u00e9n\u00e9tique<\/td>\n<td>J.M. Rochette<\/td>\n<td>&nbsp;<\/td>\n<\/tr>\n<tr>\n<td>100<\/td>\n<td>Itin\u00e9raire g\u00e9ologique des environs de Rochemaure<\/td>\n<td>G. Monnet<\/td>\n<td>&nbsp;<\/td>\n<\/tr>\n<tr>\n<td>101<\/td>\n<td>Pal\u00e9ontologues et pal\u00e9ontologie d\u2019aujourd\u2019hui<\/td>\n<td>G. Monnet<\/td>\n<td>&nbsp;<\/td>\n<\/tr>\n<tr>\n<td>101<\/td>\n<td>Le Carbonif\u00e8re d\u2019Ard\u00e8che \u2013 2<sup>\u00e8me<\/sup> partie<\/td>\n<td>G. Naud<\/td>\n<td>&nbsp;<\/td>\n<\/tr>\n<tr>\n<td>102<br>\n103<\/td>\n<td>Commission des sites g\u00e9ologiques&nbsp;: g\u00e9ologues attention,\ndanger&nbsp;!<\/td>\n<td>W. Deiss<\/td>\n<td>&nbsp;<\/td>\n<\/tr>\n<tr>\n<td>102<br>\n103<\/td>\n<td>A la d\u00e9couverte g\u00e9ologique des environs du M\u00e9zenc<\/td>\n<td>G. Naud<br>\nJ.M. Rochette<\/td>\n<td>&nbsp;<\/td>\n<\/tr>\n<tr>\n<td>104<br>\n105<\/td>\n<td>Introduction \u00e0 la table ronde \u00a0\u00bb&nbsp;L\u2019animation en science\nde la terre&nbsp;: des emplois pour demain&nbsp;?&nbsp;\u00ab\u00a0<\/td>\n<td>G. Naud<\/td>\n<td>&nbsp;<\/td>\n<\/tr>\n<tr>\n<td>104<br>\n105<\/td>\n<td>L\u2019animation en sciences de la Terre \u00e0 la Cit\u00e9 des Sciences et\nde l\u2019Industrie&nbsp;: un lien indispensable entre le message et le\npublic<\/td>\n<td>P. Maury<br>\nC. Cazin<\/td>\n<td>&nbsp;<\/td>\n<\/tr>\n<tr>\n<td>104<br>\n105<\/td>\n<td>L\u2019animation g\u00e9ologique en Languedoc<\/td>\n<td>L. David<\/td>\n<td>&nbsp;<\/td>\n<\/tr>\n<tr>\n<td>104<br>\n105<\/td>\n<td>L\u2019exposition temporaire l&nbsp;: un atout capital dans\nl\u2019animation<\/td>\n<td>P. Watelet<\/td>\n<td>&nbsp;<\/td>\n<\/tr>\n<tr>\n<td>104<br>\n105<\/td>\n<td>D\u00e9couvrez l\u2019animation en sciences de la Terre avec la S.G.A.\nde l\u2019Ard\u00e8che<\/td>\n<td>E. Montiel<\/td>\n<td>&nbsp;<\/td>\n<\/tr>\n<tr>\n<td>104<br>\n105<\/td>\n<td>La r\u00e9serve g\u00e9ologique de Haute Provence<\/td>\n<td>N. Gomez<\/td>\n<td>&nbsp;<\/td>\n<\/tr>\n<tr>\n<td>104<br>\n105<\/td>\n<td>Le Mus\u00e9e r\u00e9gional de g\u00e9ologie de Decazeville<\/td>\n<td>P. Vetter<\/td>\n<td>&nbsp;<\/td>\n<\/tr>\n<tr>\n<td>106<\/td>\n<td>Commission des sites g\u00e9ologiques&nbsp;: il n\u2019y a pas que les\nroches qui dansent&nbsp;!<\/td>\n<td>&nbsp;<\/td>\n<td>&nbsp;<\/td>\n<\/tr>\n<tr>\n<td>106<\/td>\n<td>Granite et filon min\u00e9ralis\u00e9 des environs de St Romain de Lerps<\/td>\n<td>A. Hyenne<\/td>\n<td>&nbsp;<\/td>\n<\/tr>\n<tr>\n<td>106<\/td>\n<td>L\u2019eau du sous-sol ard\u00e9chois<\/td>\n<td>G. Naud<\/td>\n<td>&nbsp;<\/td>\n<\/tr>\n<tr>\n<td>107<\/td>\n<td>Commission des sites g\u00e9ologiques&nbsp;: que penser de\nl\u2019affaire de \u00a0\u00bb&nbsp;Digne&nbsp;\u00a0\u00bb ou quelques r\u00e9flexions sur le probl\u00e8me\nde la protection des sites<\/td>\n<td>G. Naud<\/td>\n<td>&nbsp;<\/td>\n<\/tr>\n<tr>\n<td>107<\/td>\n<td>L\u2019Ank\u00e9rite<\/td>\n<td>G. Monnet<\/td>\n<td>&nbsp;<\/td>\n<\/tr>\n<tr>\n<td>107<\/td>\n<td>G\u00e9ologie d\u2019outre-tombe<\/td>\n<td>G. Monnet<\/td>\n<td>&nbsp;<\/td>\n<\/tr>\n<tr>\n<td>108<\/td>\n<td>Commission des sites g\u00e9ologiques&nbsp;: r\u00e9serves g\u00e9ologiques\net \u2026 philat\u00e9lie<\/td>\n<td>&nbsp;<\/td>\n<td>&nbsp;<\/td>\n<\/tr>\n<tr>\n<td>108<\/td>\n<td>Les feldspaths \u2013 1<sup>\u00e8re<\/sup> partie<\/td>\n<td>G. Naud<\/td>\n<td>&nbsp;<\/td>\n<\/tr>\n<tr>\n<td><strong>1988<\/strong><\/td>\n<td style=\"vertical-align: top;\"><br>\n<\/td>\n<td style=\"vertical-align: top;\"><br>\n<\/td>\n<td style=\"vertical-align: top;\"><br>\n<\/td>\n<\/tr>\n<tr>\n<td>109<\/td>\n<td>Mat\u00e9riaux d\u2019Ard\u00e8che \u2013 1<sup>\u00e8re<\/sup> partie<\/td>\n<td>G. Naud<\/td>\n<td>&nbsp;<\/td>\n<\/tr>\n<tr>\n<td>100<\/td>\n<td>Le secteur minier au Maroc<\/td>\n<td>J.M. Rochette<\/td>\n<td>&nbsp;<\/td>\n<\/tr>\n<tr>\n<td>100<\/td>\n<td>Mat\u00e9riaux d\u2019Ard\u00e8che \u2013 2<sup>\u00e8me<\/sup> partie<\/td>\n<td>G. Naud<\/td>\n<td>&nbsp;<\/td>\n<\/tr>\n<tr>\n<td>101<\/td>\n<td>Les pierres figures du Chenavari<\/td>\n<td>W.J. Deiss<\/td>\n<td>&nbsp;<\/td>\n<\/tr>\n<tr>\n<td>101<\/td>\n<td>Le sondage carotte en g\u00e9ologie mini\u00e8re d\u2019exploration<\/td>\n<td>J.M. Rochette<\/td>\n<td>&nbsp;<\/td>\n<\/tr>\n<tr>\n<td>102<\/td>\n<td>Les Z\u00e9olites<\/td>\n<td>E. Montiel<\/td>\n<td>&nbsp;<\/td>\n<\/tr>\n<tr>\n<td>103<\/td>\n<td>Histoire des anciennes mines de fer du bassin de Privas<\/td>\n<td>W.J. Deiss<\/td>\n<td>&nbsp;<\/td>\n<\/tr>\n<tr>\n<td>104<br>\n105<\/td>\n<td>Aper\u00e7u sur l\u2019hydrog\u00e9ologie du Massif des Grads de Privas au\nPouzin<\/td>\n<td>G. Naud<\/td>\n<td>&nbsp;<\/td>\n<\/tr>\n<tr>\n<td>106<br>\n107<\/td>\n<td>Les volcans \u2013 Articles \u00e9crits par des classes de CM2<\/td>\n<td>&nbsp;<\/td>\n<td>&nbsp;<\/td>\n<\/tr>\n<tr>\n<td>106<br>\n107<\/td>\n<td>De l\u2019apparition de la terre au<em> Metriorhynchus<\/em><\/td>\n<td>M.J. Lecorre<\/td>\n<td>&nbsp;<\/td>\n<\/tr>\n<tr>\n<td>108<\/td>\n<td>Commission des sites g\u00e9ologiques&nbsp;: \u00a0\u00bb&nbsp;du pillage \u00e0\nla recherche&nbsp;\u00ab\u00a0<\/td>\n<td>&nbsp;<\/td>\n<td>&nbsp;<\/td>\n<\/tr>\n<tr>\n<td>108<\/td>\n<td>Mat\u00e9riaux d\u2019Ard\u00e8che \u2013 3<sup>\u00e8me<\/sup> partie<\/td>\n<td>G. Naud<\/td>\n<td>&nbsp;<\/td>\n<\/tr>\n<tr>\n<td>108<\/td>\n<td>L\u2019antimoine et le Koheul<\/td>\n<td>J.M. Rochette<\/td>\n<td>&nbsp;<\/td>\n<\/tr>\n<tr>\n<td>109<\/td>\n<td>Le stockage de d\u00e9chets radioactifs<\/td>\n<td>W. Weiss<\/td>\n<td>&nbsp;<\/td>\n<\/tr>\n<tr>\n<td>109<\/td>\n<td>Observations g\u00e9ologiques dans le Massif du Coiron<\/td>\n<td>G. Naud<\/td>\n<td>&nbsp;<\/td>\n<\/tr>\n<tr>\n<td>120<\/td>\n<td>Le volcanisme du plateau ard\u00e9chois<\/td>\n<td>M. Aymes<\/td>\n<td>&nbsp;<\/td>\n<\/tr>\n<tr>\n<td>120<\/td>\n<td>Mat\u00e9riaux d\u2019Ard\u00e8che \u2013 4<sup>\u00e8me<\/sup> partie<\/td>\n<td>G. Naud<\/td>\n<td>&nbsp;<\/td>\n<\/tr>\n<tr>\n<td>120<\/td>\n<td>Les graptolites<\/td>\n<td>G. Montella<\/td>\n<td>&nbsp;<\/td>\n<\/tr>\n<tr>\n<td><strong>1989<\/strong><\/td>\n<td style=\"vertical-align: top;\"><br>\n<\/td>\n<td style=\"vertical-align: top;\"><br>\n<\/td>\n<td style=\"vertical-align: top;\"><br>\n<\/td>\n<\/tr>\n<tr>\n<td>121<\/td>\n<td>Pr\u00e9sentation des r\u00e9sultats du profil Ecors-Alpes<\/td>\n<td>P. Barth<\/td>\n<td>&nbsp;<\/td>\n<\/tr>\n<tr>\n<td>122<\/td>\n<td>Etude pr\u00e9liminaire des d\u00e9formations dans le Jura<\/td>\n<td>W. Tschanz<\/td>\n<td>&nbsp;<\/td>\n<\/tr>\n<tr>\n<td>122<\/td>\n<td>\u00a0\u00bb&nbsp;Un Ard\u00e9chois \u00e0 Paris&nbsp;\u00a0\u00bb dans les vignobles de la\nVillette<\/td>\n<td>G. Monnet<\/td>\n<td>&nbsp;<\/td>\n<\/tr>\n<tr>\n<td>123<\/td>\n<td>Le gisement de talc de Trimouns pr\u00e8s de Luzenac, Ari\u00e8ge<\/td>\n<td>P. Bonansea<br>\nE. Montiel<\/td>\n<td>&nbsp;<\/td>\n<\/tr>\n<tr>\n<td>124<\/td>\n<td>Note sur la 8<sup>\u00e8me<\/sup> conf\u00e9rence de la Soci\u00e9t\u00e9\nG\u00e9ologique de l\u2019Afrique<\/td>\n<td>J. M. Rochette<\/td>\n<td>&nbsp;<\/td>\n<\/tr>\n<tr>\n<td>124<\/td>\n<td>Les sols du Vercors<\/td>\n<td>H. Haack<\/td>\n<td>&nbsp;<\/td>\n<\/tr>\n<tr>\n<td>125<\/td>\n<td>Commission des sites g\u00e9ologiques&nbsp;: le site des Pierres\nFolles \u00e0 St Jean des Vignes (Beaujolais)<\/td>\n<td>&nbsp;<\/td>\n<td>&nbsp;<\/td>\n<\/tr>\n<tr>\n<td>125<\/td>\n<td>Excursion g\u00e9ologique \u00e0 Ch\u00e2teaubourg<\/td>\n<td>G. Naud<\/td>\n<td>&nbsp;<\/td>\n<\/tr>\n<tr>\n<td>126<br>\n127<\/td>\n<td>Commission des sites g\u00e9ologiques&nbsp;: une nouvelle r\u00e9serve\ng\u00e9ologique en France<\/td>\n<td>&nbsp;<\/td>\n<td>&nbsp;<\/td>\n<\/tr>\n<tr>\n<td>126<br>\n127<\/td>\n<td>Note in\u00e9dite sur la mine de gal\u00e8ne de Flaviac<\/td>\n<td>G. Naud<\/td>\n<td>&nbsp;<\/td>\n<\/tr>\n<tr>\n<td>126<br>\n127<\/td>\n<td>Origine de la couleur des min\u00e9raux et des gemmes \u2013 1<sup>\u00e8re<\/sup>\npartie<\/td>\n<td>P. Laurier<\/td>\n<td>&nbsp;<\/td>\n<\/tr>\n<tr>\n<td>128<br>\n129<\/td>\n<td>Origine de la vie et conqu\u00eate des milieux<\/td>\n<td>F. Debrenne<\/td>\n<td>&nbsp;<\/td>\n<\/tr>\n<tr>\n<td>128<br>\n129<\/td>\n<td>Mat\u00e9riaux d\u2019Ard\u00e8che \u2013 5<sup>\u00e8me<\/sup> partie<\/td>\n<td>G. Naud<\/td>\n<td>&nbsp;<\/td>\n<\/tr>\n<tr>\n<td>130<\/td>\n<td>Structures g\u00e9ologiques et orientation des dolmens du plateau\nde Labeaume<\/td>\n<td>J. Chedhomme<br>\nG. Naud<br>\nR. Meussi<br>\nM. Laforgue<\/td>\n<td>&nbsp;<\/td>\n<\/tr>\n<tr>\n<td>131<\/td>\n<td>Pour un essai de cartographie des constructions&nbsp;:\ntypologie, mat\u00e9riaux et structures<\/td>\n<td>G. Naud<\/td>\n<td>&nbsp;<\/td>\n<\/tr>\n<tr>\n<td>132<\/td>\n<td>L\u2019aventure de la terre<\/td>\n<td>D. Decrouez<br>\nC. Benier<\/td>\n<td>&nbsp;<\/td>\n<\/tr>\n<tr>\n<td>132<\/td>\n<td>Distribution des \u00e9l\u00e9ments du groupe de platine et l\u2019or dans\nles roches basiques et ultrabasiques<\/td>\n<td>P. Begou<\/td>\n<td>&nbsp;<\/td>\n<\/tr>\n<tr>\n<td><strong>1990<\/strong><\/td>\n<td style=\"vertical-align: top;\"><br>\n<\/td>\n<td style=\"vertical-align: top;\"><br>\n<\/td>\n<td style=\"vertical-align: top;\"><br>\n<\/td>\n<\/tr>\n<tr>\n<td>133<\/td>\n<td>Activit\u00e9 mini\u00e8re \u00e0 St Laurent du Pape, le g\u00eete de Meill\u00e8res<\/td>\n<td>J.M. Rochette<\/td>\n<td>&nbsp;<\/td>\n<\/tr>\n<tr>\n<td>133<\/td>\n<td>Origine de la couleur des min\u00e9raux et des gemmes \u2013 2<sup>\u00e8me<\/sup>\npartie<\/td>\n<td>P. Laurier<\/td>\n<td>&nbsp;<\/td>\n<\/tr>\n<tr>\n<td>134<\/td>\n<td>Min\u00e9ralisation ferrif\u00e8res des environs de Privas<\/td>\n<td>G. Naud<\/td>\n<td>&nbsp;<\/td>\n<\/tr>\n<tr>\n<td>135<\/td>\n<td>Origine de la couleur des min\u00e9raux et des gemmes \u2013 3<sup>\u00e8me<\/sup>\npartie<\/td>\n<td>P. Laurier<\/td>\n<td>&nbsp;<\/td>\n<\/tr>\n<tr>\n<td>135<\/td>\n<td>A travers bao\u00fbmous et cougnieiros du Vivarais<\/td>\n<td>A. Hyenne<\/td>\n<td>&nbsp;<\/td>\n<\/tr>\n<tr>\n<td>135<\/td>\n<td>Sur les g\u00e9ophages et les lithophages<\/td>\n<td>R. Meucci<\/td>\n<td>&nbsp;<\/td>\n<\/tr>\n<tr>\n<td>136<\/td>\n<td>Que savons nous de notre plan\u00e8te&nbsp;?<\/td>\n<td>J. Deferne<\/td>\n<td>&nbsp;<\/td>\n<\/tr>\n<tr>\n<td>136<\/td>\n<td>Observations dans le Massif du Coiron \u2013 2<sup>\u00e8me<\/sup> partie<\/td>\n<td>G. Naud<\/td>\n<td>&nbsp;<\/td>\n<\/tr>\n<tr>\n<td>136<\/td>\n<td>L\u2019or du Bas-Dauphin\u00e9<\/td>\n<td>L. Vincent<\/td>\n<td>&nbsp;<\/td>\n<\/tr>\n<tr>\n<td>137<\/td>\n<td>Observations dans le Massif du Coiron \u2013 3<sup>\u00e8me<\/sup> partie<\/td>\n<td>G. Naud<\/td>\n<td>&nbsp;<\/td>\n<\/tr>\n<tr>\n<td>138<br>\n139<\/td>\n<td>Les risques naturels en Ard\u00e8che \u2013 I \u2013 Que risque-t-on&nbsp;?<\/td>\n<td>G. Naud<\/td>\n<td>&nbsp;<\/td>\n<\/tr>\n<tr>\n<td>138<br>\n139<\/td>\n<td>Les risques naturels en Ard\u00e8che \u2013 II \u2013 Mouvements du sol et\ndu sous sol &#8211; 1<sup>\u00e8re<\/sup> partie&nbsp;: Volcans et risques\nvolcaniques<\/td>\n<td>G. Naud<\/td>\n<td>&nbsp;<\/td>\n<\/tr>\n<tr>\n<td>140<br>\n141<\/td>\n<td>Mines de fer et sid\u00e9rurgie du bassin de Privas, La\nVoulte&nbsp;: 1 \u2013 Mines et minerais<\/td>\n<td>G. Naud<\/td>\n<td>&nbsp;<\/td>\n<\/tr>\n<tr>\n<td>142<\/td>\n<td>Les risques naturels en Ard\u00e8che \u2013 II \u2013 Mouvements du sol et\ndu sous sol \u2013 2<sup>\u00e8me<\/sup> partie&nbsp;: S\u00e9ismes et risques sismiques<\/td>\n<td>G. Naud<\/td>\n<td>&nbsp;<\/td>\n<\/tr>\n<tr>\n<td>143<\/td>\n<td>La vall\u00e9e de la Vernaison et l\u2019histoire glaci\u00e8re du Vercors<\/td>\n<td>A. Hyenne<br>\nY. Thomas<\/td>\n<td>&nbsp;<\/td>\n<\/tr>\n<tr>\n<td>144<\/td>\n<td>Atelier Le Clapas&nbsp;: Gresse en Vercors \u2013 fin ao\u00fbt 90 \u2013\nEcole et nature<\/td>\n<td>M. Aymes<\/td>\n<td>&nbsp;<\/td>\n<\/tr>\n<tr>\n<td>144<\/td>\n<td>La d\u00e9marche \u00a0\u00bb&nbsp;qualit\u00e9&nbsp;\u00ab\u00a0<\/td>\n<td>J. M. Rochette<\/td>\n<td>&nbsp;<\/td>\n<\/tr>\n<tr>\n<td>144<\/td>\n<td>Les risques naturels en Ard\u00e8che \u2013 II \u2013 Mouvements du sol et\ndu sous sol \u2013 3<sup>\u00e8me<\/sup> partie&nbsp;: Glissements et \u00e9croulements<\/td>\n<td>G. Naud<\/td>\n<td>&nbsp;<\/td>\n<\/tr>\n<tr>\n<td><strong>1991<\/strong><\/td>\n<td style=\"vertical-align: top;\"><br>\n<\/td>\n<td style=\"vertical-align: top;\"><br>\n<\/td>\n<td style=\"vertical-align: top;\"><br>\n<\/td>\n<\/tr>\n<tr>\n<td>145<\/td>\n<td>Commission des sites g\u00e9ologiques<\/td>\n<td>&nbsp;<\/td>\n<td>&nbsp;<\/td>\n<\/tr>\n<tr>\n<td>145<\/td>\n<td>L\u2019eau souterraine d\u2019Ard\u00e8che<\/td>\n<td>G. Naud<\/td>\n<td>&nbsp;<\/td>\n<\/tr>\n<tr>\n<td>145<\/td>\n<td>R\u00e9serves g\u00e9ologiques de Saucats (Gironde) et de Thouars (Deux\nS\u00e8vres)<\/td>\n<td>&nbsp;<\/td>\n<td>&nbsp;<\/td>\n<\/tr>\n<tr>\n<td>146<\/td>\n<td>Les risques naturels en Ard\u00e8che \u2013 II \u2013 Mouvements du sol et\ndu sous sol \u2013 Fin<\/td>\n<td>G. Naud<\/td>\n<td>&nbsp;<\/td>\n<\/tr>\n<tr>\n<td>147<br>\n148<br>\n149<\/td>\n<td>La prospection alluvionnaire de min\u00e9raux lourds<\/td>\n<td>L. Vincent<\/td>\n<td>&nbsp;<\/td>\n<\/tr>\n<tr>\n<td>147<br>\n148<br>\n149<\/td>\n<td>Les potiers d\u2019antan de la d\u00e9pression callovienne en Ard\u00e8che<\/td>\n<td>J. Roure<\/td>\n<td>&nbsp;<\/td>\n<\/tr>\n<tr>\n<td>147<br>\n148<br>\n149<\/td>\n<td>Mines de fer et sid\u00e9rurgie du bassin de Privas, La Voute (2<sup>\u00e8me<\/sup>\npartie)<\/td>\n<td>G. Naud<\/td>\n<td>&nbsp;<\/td>\n<\/tr>\n<tr>\n<td>150<br>\n151<\/td>\n<td>Un site lacustre au Mioc\u00e8ne sup\u00e9rieur en Ard\u00e8che&nbsp;: La\nMontagne d\u2019Andance, St Bauzile<\/td>\n<td>E. Samuel<\/td>\n<td>&nbsp;<\/td>\n<\/tr>\n<tr>\n<td>152-153<\/td>\n<td>L\u2019amphith\u00e9\u00e2tre du Tanargue&nbsp;: un socle cristallin<\/td>\n<td>G. Naud<\/td>\n<td>&nbsp;<\/td>\n<\/tr>\n<tr>\n<td>154<br>\n155<\/td>\n<td>Aper\u00e7u sur les mat\u00e9riaux pour travaux de g\u00e9nie civil du Nord\nde la France<\/td>\n<td>J.M. Rochette<\/td>\n<td>&nbsp;<\/td>\n<\/tr>\n<tr>\n<td>154<br>\n155<\/td>\n<td>Excursion g\u00e9ologique sur le Causse Mejean<\/td>\n<td>M. Aymes<br>\nT. Dorsaz<\/td>\n<td>&nbsp;<\/td>\n<\/tr>\n<tr>\n<td>156<\/td>\n<td>3<sup>\u00e8me<\/sup> excursion en Vercors&nbsp;: de Peyrus au Col\nde Rousset<\/td>\n<td>Y. Thomas<br>\nA. Hyenne<\/td>\n<td>&nbsp;<\/td>\n<\/tr>\n<\/tbody>\n<\/table><\/figure>\n","protected":false},"excerpt":{"rendered":"<p>2e formule 1983 &#8211; 1992 apr\u00e8s une interruption, les num\u00e9ros restent&nbsp; mensuels, &nbsp; mais il y a 2 num\u00e9ros doubles en juin-juillet et aout-septembre 10 num\u00e9ros par an depuis le n\u00b061, d&rsquo;octobre 1983. 61 Histoire g\u00e9ologique des environs de Privas. G. Naud &nbsp; 62 Quand la mer \u00e9tait \u00e0 Aubenas. G. Naud 63 La R\u00e9union &hellip;<\/p>\n<p class=\"read-more\"> <a class=\"\" href=\"https:\/\/www.societegeolardeche.com\/index.php\/bulletins-1983-1992\/\"> <span class=\"screen-reader-text\">Bulletins 1983-1992<\/span> Lire la suite\u00a0\u00bb<\/a><\/p>\n","protected":false},"author":4,"featured_media":0,"parent":0,"menu_order":0,"comment_status":"closed","ping_status":"closed","template":"","meta":{"site-sidebar-layout":"default","site-content-layout":"default","ast-global-header-display":"","ast-banner-title-visibility":"","ast-main-header-display":"","ast-hfb-above-header-display":"","ast-hfb-below-header-display":"","ast-hfb-mobile-header-display":"","site-post-title":"","ast-breadcrumbs-content":"","ast-featured-img":"","footer-sml-layout":"","theme-transparent-header-meta":"","adv-header-id-meta":"","stick-header-meta":"","header-above-stick-meta":"","header-main-stick-meta":"","header-below-stick-meta":"","footnotes":""},"class_list":["post-545","page","type-page","status-publish","hentry"],"_links":{"self":[{"href":"https:\/\/www.societegeolardeche.com\/index.php\/wp-json\/wp\/v2\/pages\/545","targetHints":{"allow":["GET"]}}],"collection":[{"href":"https:\/\/www.societegeolardeche.com\/index.php\/wp-json\/wp\/v2\/pages"}],"about":[{"href":"https:\/\/www.societegeolardeche.com\/index.php\/wp-json\/wp\/v2\/types\/page"}],"author":[{"embeddable":true,"href":"https:\/\/www.societegeolardeche.com\/index.php\/wp-json\/wp\/v2\/users\/4"}],"replies":[{"embeddable":true,"href":"https:\/\/www.societegeolardeche.com\/index.php\/wp-json\/wp\/v2\/comments?post=545"}],"version-history":[{"count":1,"href":"https:\/\/www.societegeolardeche.com\/index.php\/wp-json\/wp\/v2\/pages\/545\/revisions"}],"predecessor-version":[{"id":546,"href":"https:\/\/www.societegeolardeche.com\/index.php\/wp-json\/wp\/v2\/pages\/545\/revisions\/546"}],"wp:attachment":[{"href":"https:\/\/www.societegeolardeche.com\/index.php\/wp-json\/wp\/v2\/media?parent=545"}],"curies":[{"name":"wp","href":"https:\/\/api.w.org\/{rel}","templated":true}]}}