{"id":538,"date":"2023-03-02T18:10:57","date_gmt":"2023-03-02T17:10:57","guid":{"rendered":"http:\/\/ujakbls.cluster031.hosting.ovh.net\/?page_id=538"},"modified":"2023-03-02T18:17:29","modified_gmt":"2023-03-02T17:17:29","slug":"bulletins-1977-1983","status":"publish","type":"page","link":"https:\/\/www.societegeolardeche.com\/index.php\/bulletins-1977-1983\/","title":{"rendered":"Bulletins 1977-1983"},"content":{"rendered":"\t\t<div data-elementor-type=\"wp-page\" data-elementor-id=\"538\" class=\"elementor elementor-538\">\n\t\t\t\t\t\t<section class=\"elementor-section elementor-top-section elementor-element elementor-element-4fdd8e73 elementor-section-boxed elementor-section-height-default elementor-section-height-default\" data-id=\"4fdd8e73\" data-element_type=\"section\" data-e-type=\"section\">\n\t\t\t\t\t\t<div class=\"elementor-container elementor-column-gap-default\">\n\t\t\t\t\t<div class=\"elementor-column elementor-col-100 elementor-top-column elementor-element elementor-element-23005197\" data-id=\"23005197\" data-element_type=\"column\" data-e-type=\"column\">\n\t\t\t<div class=\"elementor-widget-wrap elementor-element-populated\">\n\t\t\t\t\t\t<div class=\"elementor-element elementor-element-2f205135 elementor-widget elementor-widget-text-editor\" data-id=\"2f205135\" data-element_type=\"widget\" data-e-type=\"widget\" data-widget_type=\"text-editor.default\">\n\t\t\t\t<div class=\"elementor-widget-container\">\n\t\t\t\t\t\t\t\t\t\n<figure class=\"wp-block-table\">\n<table>\n<tbody>\n<tr>\n<td colspan=\"4\" rowspan=\"1\"><strong>1\u00e8re formule 1977-1983<\/strong><br>\nLes num\u00e9ros sont mensuels, mais ne paraissent pas de juillet \u00e0\nseptembre. Il y a donc 9 num\u00e9ros par an.<\/td>\n<\/tr>\n<tr>\n<td><strong>1977<\/strong><\/td>\n<td style=\"vertical-align: top;\"><br>\n<\/td>\n<td style=\"vertical-align: top;\"><br>\n<\/td>\n<td style=\"vertical-align: top;\"><br>\n<\/td>\n<\/tr>\n<tr>\n<td>3<\/td>\n<td>Les m\u00e9thodes d\u2019\u00e9tude en p\u00e9trographie, le microscope polarisant<\/td>\n<td>G. Naud<\/td>\n<td> \u00e9puis\u00e9<\/td>\n<\/tr>\n<tr>\n<td>4<\/td>\n<td>Cha\u00eene hercynienne<\/td>\n<td>G. Naud<\/td>\n<td> \u00e9puis\u00e9<\/td>\n<\/tr>\n<tr>\n<td>6<\/td>\n<td>Quand l\u2019Afrique \u00e9tait couverte de glace<\/td>\n<td>R.Trompette<\/td>\n<td> \u00e9puis\u00e9<\/td>\n<\/tr>\n<tr>\n<td>8<\/td>\n<td>Notion de temps en g\u00e9ologie<\/td>\n<td>G. Naud<\/td>\n<td> \u00e9puis\u00e9<\/td>\n<\/tr>\n<tr>\n<td>8<\/td>\n<td>Le volcanisme de la cha\u00eene des Puys<\/td>\n<td>G. Camus<\/td>\n<td> \u00e9puis\u00e9<\/td>\n<\/tr>\n<tr>\n<td><strong>1978<\/strong><\/td>\n<td style=\"vertical-align: top;\"><br>\n<\/td>\n<td style=\"vertical-align: top;\"><br>\n<\/td>\n<td style=\"vertical-align: top;\"><br>\n<\/td>\n<\/tr>\n<tr>\n<td>2<\/td>\n<td>Eruption 1977 de la Fournaise<\/td>\n<td>G. Kieffer<\/td>\n<td> <br>\n<\/td>\n<\/tr>\n<tr>\n<td>3<\/td>\n<td>Conf\u00e9rence ; comment devenir g\u00e9ologue<\/td>\n<td>J.M. Rochette<\/td>\n<td> <br>\n<\/td>\n<\/tr>\n<tr>\n<td>7<\/td>\n<td>Les syst\u00e8mes cristallins<\/td>\n<td>G. Naud<\/td>\n<td> <br>\n<\/td>\n<\/tr>\n<tr>\n<td>8<\/td>\n<td>Monographie g\u00e9ologique<\/td>\n<td>G. Naud<\/td>\n<td> <br>\n<\/td>\n<\/tr>\n<tr>\n<td>9<\/td>\n<td>Commentaire sur la carte g\u00e9ologique de Privas<\/td>\n<td>G. Naud<\/td>\n<td> <br>\n<\/td>\n<\/tr>\n<tr>\n<td><strong>1979<\/strong><\/td>\n<td style=\"vertical-align: top;\"><br>\n<\/td>\n<td style=\"vertical-align: top;\"><br>\n<\/td>\n<td style=\"vertical-align: top;\"><br>\n<\/td>\n<\/tr>\n<tr>\n<td>2<\/td>\n<td>Les processus de fossilisation<\/td>\n<td>G. Naud<\/td>\n<td> <br>\n<\/td>\n<\/tr>\n<tr>\n<td>3<\/td>\n<td>M\u00e9tallog\u00e9nie du Jurassique sup\u00e9rieur et du Cr\u00e9tac\u00e9 inf\u00e9rieur<\/td>\n<td>J.P. Holley<\/td>\n<td> <br>\n<\/td>\n<\/tr>\n<tr>\n<td>4<\/td>\n<td>S\u00e9ismes<\/td>\n<td>G. Naud<\/td>\n<td> <br>\n<\/td>\n<\/tr>\n<tr>\n<td>5<\/td>\n<td>Enqu\u00eate sur le s\u00e9isme du 16 avril 1978 dans la r\u00e9gion de\nSaillans<\/td>\n<td>L. Vincent G.L. Seguet<\/td>\n<td> <br>\n<\/td>\n<\/tr>\n<tr>\n<td>6<\/td>\n<td>Stations d\u2019incin\u00e9ration et d\u2019\u00e9puration de Privas<\/td>\n<td>G. Montella<br>\nM.L. Pouget<\/td>\n<td> <br>\n<\/td>\n<\/tr>\n<tr>\n<td>7<\/td>\n<td>G\u00e9ologie de la r\u00e9gion d\u2019Al\u00e8s et des C\u00e9vennes<\/td>\n<td> <br>\n<\/td>\n<td> <br>\n<\/td>\n<\/tr>\n<tr>\n<td><strong>1980<\/strong><\/td>\n<td style=\"vertical-align: top;\"><br>\n<\/td>\n<td style=\"vertical-align: top;\"><br>\n<\/td>\n<td style=\"vertical-align: top;\"><br>\n<\/td>\n<\/tr>\n<tr>\n<td>2<\/td>\n<td>Utilisation des rayons X en g\u00e9ologie<\/td>\n<td>G. Naud<\/td>\n<td> <br>\n<\/td>\n<\/tr>\n<tr>\n<td>3<\/td>\n<td>L\u2019Urgonien de Basse-Ard\u00e8che<\/td>\n<td>M. Lebrat<\/td>\n<td> <br>\n<\/td>\n<\/tr>\n<tr>\n<td>7<\/td>\n<td>La calcite<\/td>\n<td>G. Naud<\/td>\n<td> <br>\n<\/td>\n<\/tr>\n<tr>\n<td><strong>1981<\/strong><\/td>\n<td style=\"vertical-align: top;\"><br>\n<\/td>\n<td style=\"vertical-align: top;\"><br>\n<\/td>\n<td style=\"vertical-align: top;\"><br>\n<\/td>\n<\/tr>\n<tr>\n<td>1<\/td>\n<td>La mine de blende de Saint-Cierge-la-Serre<\/td>\n<td>G. Naud<\/td>\n<td> <br>\n<\/td>\n<\/tr>\n<tr>\n<td>1<\/td>\n<td>Formation du bassin tertiaire d\u2019Al\u00e8s<\/td>\n<td>M. Wienin<\/td>\n<td> <br>\n<\/td>\n<\/tr>\n<tr>\n<td>1<\/td>\n<td>Initiation au m\u00e9tamorphisme de la vall\u00e9e de Labeaume<\/td>\n<td>G. Naud<\/td>\n<td> <br>\n<\/td>\n<\/tr>\n<tr>\n<td>1<\/td>\n<td>La mine d\u2019asphalte de la Soci\u00e9t\u00e9 Fran\u00e7aise des Asphaltes\n(S.F.A) \u00e0 Saint-Jean-de-Maruejols (Gard)<\/td>\n<td>G. Naud<\/td>\n<td> <br>\n<\/td>\n<\/tr>\n<tr>\n<td>1<\/td>\n<td>Les spilites et roches spilitiques<\/td>\n<td>G. Naud<\/td>\n<td> <br>\n<\/td>\n<\/tr>\n<tr>\n<td>1<\/td>\n<td>La photo a\u00e9rienne classique en g\u00e9ologie<\/td>\n<td>G. Naud<\/td>\n<td> <br>\n<\/td>\n<\/tr>\n<tr>\n<td>1<\/td>\n<td>Commentaires sur une note de Bourseau et d\u2019Elmi (Oxfordien de\nla bordure vivaro-c\u00e9venole)<\/td>\n<td>G. Naud<\/td>\n<td> <br>\n<\/td>\n<\/tr>\n<tr>\n<td>1<\/td>\n<td>Etude pr\u00e9liminaire du Trias de Chastelon, commune de\nSaint-Priest.<\/td>\n<td>G.Naud<\/td>\n<td> <br>\n<\/td>\n<\/tr>\n<tr>\n<td><strong>1982<\/strong><\/td>\n<td style=\"vertical-align: top;\"><br>\n<\/td>\n<td style=\"vertical-align: top;\"><br>\n<\/td>\n<td style=\"vertical-align: top;\"><br>\n<\/td>\n<\/tr>\n<tr>\n<td>2<\/td>\n<td>Petite introduction \u00e0 la m\u00e9tallog\u00e9nie<\/td>\n<td>J.M. Rochette<\/td>\n<td> <br>\n<\/td>\n<\/tr>\n<tr>\n<td>2<\/td>\n<td>G\u00e9ologie et Pal\u00e9ontologie au Pays des Vans<\/td>\n<td>G. Naud,<br>\nR. Evesque<\/td>\n<td> <br>\n<\/td>\n<\/tr>\n<tr>\n<td>2<\/td>\n<td>Discours de l\u2019inauguration de l\u2019exposition \u00a0\u00bb Le monde\nmerveilleux des cristaux \u00a0\u00bb au mus\u00e9e de G\u00e9ologie R\u00e9gionale. 1\/2 \/1982<\/td>\n<td>G. Naud<\/td>\n<td> <br>\n<\/td>\n<\/tr>\n<tr>\n<td>6<\/td>\n<td>Min\u00e9raux de l\u2019antimoine et du tungst\u00e8ne.<\/td>\n<td>J.M. Rochette<\/td>\n<td> <br>\n<\/td>\n<\/tr>\n<tr>\n<td>7<\/td>\n<td>Le Qu\u00e9bec et les am\u00e9nagements de la baie James<\/td>\n<td>J.L. Dabert<\/td>\n<td> <br>\n<\/td>\n<\/tr>\n<tr>\n<td>7<\/td>\n<td>Le microscope \u00e9lectronique \u00e0 balayage<\/td>\n<td>G. Naud<\/td>\n<td> <br>\n<\/td>\n<\/tr>\n<tr>\n<td>8<\/td>\n<td>L\u2019Islande terre d\u2019eau et de feu en Atlantique Nord<\/td>\n<td>E. Monteil<\/td>\n<td> <br>\n<\/td>\n<\/tr>\n<tr>\n<td>9<\/td>\n<td>La g\u00e9ologie \u00e0 travers un dictionnaire de 1865.<\/td>\n<td>J.M. Rochette<\/td>\n<td> <br>\n<\/td>\n<\/tr>\n<tr>\n<td><strong>1983<\/strong><\/td>\n<td style=\"vertical-align: top;\"><br>\n<\/td>\n<td style=\"vertical-align: top;\"><br>\n<\/td>\n<td style=\"vertical-align: top;\"><br>\n<\/td>\n<\/tr>\n<tr>\n<td>3<\/td>\n<td>Le synclinal de Saou et le Claps de Luc-en-Diois<\/td>\n<td>Y. Thomas<\/td>\n<td> <br>\n<\/td>\n<\/tr>\n<tr>\n<td>3<\/td>\n<td>Tectonique du Bas-Vivarais<\/td>\n<td>G. Naud<\/td>\n<td> <br>\n<\/td>\n<\/tr>\n<tr>\n<td>3<\/td>\n<td>Note de synth\u00e8se sur les glissements de terrain \u00e0 Alissas<\/td>\n<td>J.C. Poutchy-Tixier<\/td>\n<td> <br>\n<\/td>\n<\/tr>\n<\/tbody>\n<\/table>\n<\/figure>\n\t\t\t\t\t\t\t\t<\/div>\n\t\t\t\t<\/div>\n\t\t\t\t\t<\/div>\n\t\t<\/div>\n\t\t\t\t\t<\/div>\n\t\t<\/section>\n\t\t\t\t<\/div>\n\t\t","protected":false},"excerpt":{"rendered":"<p>1\u00e8re formule 1977-1983 Les num\u00e9ros sont mensuels, mais ne paraissent pas de juillet \u00e0 septembre. Il y a donc 9 num\u00e9ros par an. 1977 3 Les m\u00e9thodes d\u2019\u00e9tude en p\u00e9trographie, le microscope polarisant G. Naud \u00e9puis\u00e9 4 Cha\u00eene hercynienne G. Naud \u00e9puis\u00e9 6 Quand l\u2019Afrique \u00e9tait couverte de glace R.Trompette \u00e9puis\u00e9 8 Notion de temps &hellip;<\/p>\n<p class=\"read-more\"> <a class=\"\" href=\"https:\/\/www.societegeolardeche.com\/index.php\/bulletins-1977-1983\/\"> <span class=\"screen-reader-text\">Bulletins 1977-1983<\/span> Lire la suite\u00a0\u00bb<\/a><\/p>\n","protected":false},"author":4,"featured_media":0,"parent":0,"menu_order":0,"comment_status":"closed","ping_status":"closed","template":"","meta":{"site-sidebar-layout":"default","site-content-layout":"default","ast-global-header-display":"","ast-banner-title-visibility":"","ast-main-header-display":"","ast-hfb-above-header-display":"","ast-hfb-below-header-display":"","ast-hfb-mobile-header-display":"","site-post-title":"","ast-breadcrumbs-content":"","ast-featured-img":"","footer-sml-layout":"","theme-transparent-header-meta":"","adv-header-id-meta":"","stick-header-meta":"","header-above-stick-meta":"","header-main-stick-meta":"","header-below-stick-meta":"","footnotes":""},"class_list":["post-538","page","type-page","status-publish","hentry"],"_links":{"self":[{"href":"https:\/\/www.societegeolardeche.com\/index.php\/wp-json\/wp\/v2\/pages\/538","targetHints":{"allow":["GET"]}}],"collection":[{"href":"https:\/\/www.societegeolardeche.com\/index.php\/wp-json\/wp\/v2\/pages"}],"about":[{"href":"https:\/\/www.societegeolardeche.com\/index.php\/wp-json\/wp\/v2\/types\/page"}],"author":[{"embeddable":true,"href":"https:\/\/www.societegeolardeche.com\/index.php\/wp-json\/wp\/v2\/users\/4"}],"replies":[{"embeddable":true,"href":"https:\/\/www.societegeolardeche.com\/index.php\/wp-json\/wp\/v2\/comments?post=538"}],"version-history":[{"count":4,"href":"https:\/\/www.societegeolardeche.com\/index.php\/wp-json\/wp\/v2\/pages\/538\/revisions"}],"predecessor-version":[{"id":543,"href":"https:\/\/www.societegeolardeche.com\/index.php\/wp-json\/wp\/v2\/pages\/538\/revisions\/543"}],"wp:attachment":[{"href":"https:\/\/www.societegeolardeche.com\/index.php\/wp-json\/wp\/v2\/media?parent=538"}],"curies":[{"name":"wp","href":"https:\/\/api.w.org\/{rel}","templated":true}]}}