{"id":53,"date":"2023-02-23T17:29:14","date_gmt":"2023-02-23T16:29:14","guid":{"rendered":"http:\/\/ujakbls.cluster031.hosting.ovh.net\/?page_id=53"},"modified":"2023-11-01T19:40:26","modified_gmt":"2023-11-01T18:40:26","slug":"nos-activites","status":"publish","type":"page","link":"https:\/\/www.societegeolardeche.com\/index.php\/nos-activites\/","title":{"rendered":"Nos activit\u00e9s"},"content":{"rendered":"\t\t<div data-elementor-type=\"wp-page\" data-elementor-id=\"53\" class=\"elementor elementor-53\">\n\t\t\t\t\t\t<section class=\"elementor-section elementor-top-section elementor-element elementor-element-6431d49 elementor-section-boxed elementor-section-height-default elementor-section-height-default\" data-id=\"6431d49\" data-element_type=\"section\" data-e-type=\"section\">\n\t\t\t\t\t\t<div class=\"elementor-container elementor-column-gap-default\">\n\t\t\t\t\t<div class=\"elementor-column elementor-col-100 elementor-top-column elementor-element elementor-element-428c21e\" data-id=\"428c21e\" data-element_type=\"column\" data-e-type=\"column\">\n\t\t\t<div class=\"elementor-widget-wrap elementor-element-populated\">\n\t\t\t\t\t\t<div class=\"elementor-element elementor-element-3e2ca9e elementor-widget elementor-widget-heading\" data-id=\"3e2ca9e\" data-element_type=\"widget\" data-e-type=\"widget\" data-widget_type=\"heading.default\">\n\t\t\t\t<div class=\"elementor-widget-container\">\n\t\t\t\t\t<h2 class=\"elementor-heading-title elementor-size-default\">Nos activit\u00e9s<\/h2>\t\t\t\t<\/div>\n\t\t\t\t<\/div>\n\t\t\t\t\t<\/div>\n\t\t<\/div>\n\t\t\t\t\t<\/div>\n\t\t<\/section>\n\t\t\t\t<section class=\"elementor-section elementor-top-section elementor-element elementor-element-609baf0 elementor-section-boxed elementor-section-height-default elementor-section-height-default\" data-id=\"609baf0\" data-element_type=\"section\" data-e-type=\"section\">\n\t\t\t\t\t\t<div class=\"elementor-container elementor-column-gap-default\">\n\t\t\t\t\t<div class=\"elementor-column elementor-col-100 elementor-top-column elementor-element elementor-element-533f400\" data-id=\"533f400\" data-element_type=\"column\" data-e-type=\"column\">\n\t\t\t<div class=\"elementor-widget-wrap elementor-element-populated\">\n\t\t\t\t\t\t<div class=\"elementor-element elementor-element-6201ace elementor-widget elementor-widget-text-editor\" data-id=\"6201ace\" data-element_type=\"widget\" data-e-type=\"widget\" data-widget_type=\"text-editor.default\">\n\t\t\t\t<div class=\"elementor-widget-container\">\n\t\t\t\t\t\t\t\t\t<pre>Ce sont celles d'une soci\u00e9t\u00e9 savante de g\u00e9ologie, bas\u00e9e en Ard\u00e8che:\n<b>M\u00e9diation scientifique<\/b>: \nOrganisation d'excursions, de stages, de visites, de conf\u00e9rences, d'expositions<b>, <\/b>d'outils p\u00e9dagogiques<b>\nRecherche et travail scientifique <\/b>: \nAide scientifique, d\u00e9terminations d'\u00e9chantillons, fouilles,\npublication de bulletins \n<b>Protection et mise en valeur du patrimoine g\u00e9ologique<\/b>\nCollaboration avec le geoparc et le PNRMA,\narchivage de documents et d'\u00e9chantillons<\/pre>\t\t\t\t\t\t\t\t<\/div>\n\t\t\t\t<\/div>\n\t\t\t\t\t<\/div>\n\t\t<\/div>\n\t\t\t\t\t<\/div>\n\t\t<\/section>\n\t\t\t\t<\/div>\n\t\t","protected":false},"excerpt":{"rendered":"<p>Nos activit\u00e9s Ce sont celles d&rsquo;une soci\u00e9t\u00e9 savante de g\u00e9ologie, bas\u00e9e en Ard\u00e8che: M\u00e9diation scientifique: Organisation d&rsquo;excursions, de stages, de visites, de conf\u00e9rences, d&rsquo;expositions, d&rsquo;outils p\u00e9dagogiques Recherche et travail scientifique : Aide scientifique, d\u00e9terminations d&rsquo;\u00e9chantillons, fouilles, publication de bulletins Protection et mise en valeur du patrimoine g\u00e9ologique Collaboration avec le geoparc et le PNRMA, archivage &hellip;<\/p>\n<p class=\"read-more\"> <a class=\"\" href=\"https:\/\/www.societegeolardeche.com\/index.php\/nos-activites\/\"> <span class=\"screen-reader-text\">Nos activit\u00e9s<\/span> Lire la suite\u00a0\u00bb<\/a><\/p>\n","protected":false},"author":4,"featured_media":0,"parent":0,"menu_order":0,"comment_status":"closed","ping_status":"closed","template":"","meta":{"site-sidebar-layout":"no-sidebar","site-content-layout":"page-builder","ast-global-header-display":"","ast-banner-title-visibility":"","ast-main-header-display":"","ast-hfb-above-header-display":"","ast-hfb-below-header-display":"","ast-hfb-mobile-header-display":"","site-post-title":"disabled","ast-breadcrumbs-content":"","ast-featured-img":"disabled","footer-sml-layout":"","theme-transparent-header-meta":"","adv-header-id-meta":"","stick-header-meta":"","header-above-stick-meta":"","header-main-stick-meta":"","header-below-stick-meta":"","footnotes":""},"class_list":["post-53","page","type-page","status-publish","hentry"],"_links":{"self":[{"href":"https:\/\/www.societegeolardeche.com\/index.php\/wp-json\/wp\/v2\/pages\/53","targetHints":{"allow":["GET"]}}],"collection":[{"href":"https:\/\/www.societegeolardeche.com\/index.php\/wp-json\/wp\/v2\/pages"}],"about":[{"href":"https:\/\/www.societegeolardeche.com\/index.php\/wp-json\/wp\/v2\/types\/page"}],"author":[{"embeddable":true,"href":"https:\/\/www.societegeolardeche.com\/index.php\/wp-json\/wp\/v2\/users\/4"}],"replies":[{"embeddable":true,"href":"https:\/\/www.societegeolardeche.com\/index.php\/wp-json\/wp\/v2\/comments?post=53"}],"version-history":[{"count":20,"href":"https:\/\/www.societegeolardeche.com\/index.php\/wp-json\/wp\/v2\/pages\/53\/revisions"}],"predecessor-version":[{"id":1758,"href":"https:\/\/www.societegeolardeche.com\/index.php\/wp-json\/wp\/v2\/pages\/53\/revisions\/1758"}],"wp:attachment":[{"href":"https:\/\/www.societegeolardeche.com\/index.php\/wp-json\/wp\/v2\/media?parent=53"}],"curies":[{"name":"wp","href":"https:\/\/api.w.org\/{rel}","templated":true}]}}