{"id":337,"date":"2023-03-01T09:01:42","date_gmt":"2023-03-01T08:01:42","guid":{"rendered":"http:\/\/ujakbls.cluster031.hosting.ovh.net\/?page_id=337"},"modified":"2023-10-29T16:35:49","modified_gmt":"2023-10-29T15:35:49","slug":"b12-2019","status":"publish","type":"page","link":"https:\/\/www.societegeolardeche.com\/index.php\/b12-2019\/","title":{"rendered":"Bulletin n\u00b012 ann\u00e9e 2019"},"content":{"rendered":"\t\t<div data-elementor-type=\"wp-page\" data-elementor-id=\"337\" class=\"elementor elementor-337\">\n\t\t\t\t\t\t<section class=\"elementor-section elementor-top-section elementor-element elementor-element-7806474 elementor-section-boxed elementor-section-height-default elementor-section-height-default\" data-id=\"7806474\" data-element_type=\"section\" data-e-type=\"section\">\n\t\t\t\t\t\t<div class=\"elementor-container elementor-column-gap-default\">\n\t\t\t\t\t<div class=\"elementor-column elementor-col-100 elementor-top-column elementor-element elementor-element-fd2b4d8\" data-id=\"fd2b4d8\" data-element_type=\"column\" data-e-type=\"column\">\n\t\t\t<div class=\"elementor-widget-wrap elementor-element-populated\">\n\t\t\t\t\t\t<div class=\"elementor-element elementor-element-2402570 elementor-widget elementor-widget-html\" data-id=\"2402570\" data-element_type=\"widget\" data-e-type=\"widget\" data-widget_type=\"html.default\">\n\t\t\t\t<div class=\"elementor-widget-container\">\n\t\t\t\t\t<h1 style=\"text-align: center;\">Bulletin n\u00b012  -    ann\u00e9e 2019 <\/h1>\n<table style=\"width: 1200px; text-align: left; margin-left: auto; margin-right: auto;\" border=\"1\" cellpadding=\"7\" cellspacing=\"1\">\n<tbody><tr><td style=\"width: 500px;\"><span><span class=\"public_title\">Editorial: Le\ng\u00e9oparc mondial UNESCO des monts d'Ard\u00e8che:<br> 4 ans de\nvalorisation des g\u00e9opatrimoines&nbsp; ard\u00e8chois<\/span><\/span><\/td>\n\n\n      <td style=\"width: 100px;\">N.Klee<\/td>\n\n\n      <td colspan=\"1\" rowspan=\"6\"><a href=\"\"><img decoding=\"async\" style=\"border: 0px solid ; width: 350px; height: 473px;\" alt=\"couverture bulletin 19\" src=\"http:\/\/www.monamiph.eu\/SGA\/orig\/Scanbul121.jpg\"><\/a><a href=\"mailto:societegeolardeche@wanadoo.fr\"><br>\n      <\/a><\/td>\n\n\n    <\/tr>\n\n\n    <tr>\n\n\n      <td style=\"width: 400px;\"><span><span class=\"public_title\">Origine et nature des eaux min\u00e9rales d'Ard\u00e8che<\/span><\/span><\/td>\n\n\n      <td style=\"width: 100px;\"><a href=\"https:\/\/www.societegeolardeche.com\/DocsSGA\/Bulletins\/PDF\/bull2019\/ARTICLE_GEORGES_NAUD.pdf\">G.Naud<\/a><\/td>\n\n\n    <\/tr>\n\n\n    <tr>\n\n\n      <td style=\"width: 400px;\"><span><span class=\"public_title\">Qui a vu quoi? un essai de calendrier \u00e9ruptif pour N\u00e9anderthal et Sapiens <br>en Velay Vivarais<\/span><\/span><a href=\"http:\/\/ressourcesdardeche.fr\/pmb\/opac_css\/index.php?lvl=notice_display&amp;id=21235\"><span class=\"header_authors\"> <\/span><\/a><\/td>\n\n\n      <td style=\"width: 100px;\"><a href=\"https:\/\/www.societegeolardeche.com\/DocsSGA\/Bulletins\/PDF\/bull2019\/ARTICLE_RAYNAL_DEFIVE.pdf\">JP. Raynal<\/a><\/td>\n\n\n    <\/tr>\n\n\n    <tr>\n\n\n      <td style=\"width: 400px;\"><span><span class=\"public_title\">Mat\u00e9riaux\ng\u00e9ologiques et usages \u00e0 l'\u00e9chelle du\nM\u00e9zenc-Gerbier <br>une mise en valeur dans le cadre du\ng\u00e9oparc des monts d'Ard\u00e8che<\/span><\/span><\/td>\n\n\n      <td style=\"width: 100px;\"><a href=\"https:\/\/www.societegeolardeche.com\/DocsSGA\/Bulletins\/PDF\/bull2019\/ARTICLE_BORGET.pdf\">J.N. Borget<\/a><\/td>\n\n\n    <\/tr>\n\n\n    <tr>\n\n\n      <td style=\"width: 400px;\"><span><span class=\"public_title\">La carri\u00e8re de Pouzzolane Dodet \u00e0 Thueyts&nbsp;: <br>\nCompte rendu de sortie SGA et de d\u00e9couverte virtuelle<\/span><\/span><\/td>\n\n\n      <td style=\"width: 100px;\"><a href=\"https:\/\/www.societegeolardeche.com\/DocsSGA\/Bulletins\/PDF\/bull2019\/ARTICLE_NARDIN.pdf\">D.Nardin<\/a><\/td>\n\n\n    <\/tr>\n\n\n    <tr>\n\n\n      <td style=\"width: 400px;\"><span><span class=\"public_title\">Les mines de Saint Andr\u00e9 Lachamp \nPlanzolles et les vestiges de l'usine de traitement de Zinc de Roustalou\n : les t\u00e9moins d'une aventure industrielle et financi\u00e8re<\/span><\/span><\/td>\n\n\n      <td style=\"width: 100px;\"><span><\/span><a href=\"https:\/\/www.societegeolardeche.com\/DocsSGA\/Bulletins\/PDF\/bull2019\/ARTICLE_BEURRIER.pdf\">M.Beurrier<\/a><\/td><\/tr><\/tbody>\n<\/table>\n<br>\n<div style=\"text-align: center;\">Cette page est un exemple d'acc\u00e8s \u00e0 des documents scann\u00e9s sur le site de la SGA en cours de mise en place chez l'h\u00e9bergeur OVH.<br>Cliquez sur les auteurs pour lire les fichiers correspondants.<br>\n\n\n<\/div>\t\t\t\t<\/div>\n\t\t\t\t<\/div>\n\t\t\t\t\t<\/div>\n\t\t<\/div>\n\t\t\t\t\t<\/div>\n\t\t<\/section>\n\t\t\t\t<\/div>\n\t\t","protected":false},"excerpt":{"rendered":"<p>Bulletin n\u00b012 &#8211; ann\u00e9e 2019 Editorial: Le g\u00e9oparc mondial UNESCO des monts d&rsquo;Ard\u00e8che: 4 ans de valorisation des g\u00e9opatrimoines&nbsp; ard\u00e8chois N.Klee Origine et nature des eaux min\u00e9rales d&rsquo;Ard\u00e8che G.Naud Qui a vu quoi? un essai de calendrier \u00e9ruptif pour N\u00e9anderthal et Sapiens en Velay Vivarais JP. Raynal Mat\u00e9riaux g\u00e9ologiques et usages \u00e0 l&rsquo;\u00e9chelle du M\u00e9zenc-Gerbier &hellip;<\/p>\n<p class=\"read-more\"> <a class=\"\" href=\"https:\/\/www.societegeolardeche.com\/index.php\/b12-2019\/\"> <span class=\"screen-reader-text\">Bulletin n\u00b012 ann\u00e9e 2019<\/span> Lire la suite\u00a0\u00bb<\/a><\/p>\n","protected":false},"author":4,"featured_media":0,"parent":0,"menu_order":0,"comment_status":"closed","ping_status":"closed","template":"","meta":{"site-sidebar-layout":"no-sidebar","site-content-layout":"page-builder","ast-global-header-display":"","ast-banner-title-visibility":"","ast-main-header-display":"","ast-hfb-above-header-display":"","ast-hfb-below-header-display":"","ast-hfb-mobile-header-display":"","site-post-title":"disabled","ast-breadcrumbs-content":"","ast-featured-img":"disabled","footer-sml-layout":"","theme-transparent-header-meta":"","adv-header-id-meta":"","stick-header-meta":"","header-above-stick-meta":"","header-main-stick-meta":"","header-below-stick-meta":"","footnotes":""},"class_list":["post-337","page","type-page","status-publish","hentry"],"_links":{"self":[{"href":"https:\/\/www.societegeolardeche.com\/index.php\/wp-json\/wp\/v2\/pages\/337","targetHints":{"allow":["GET"]}}],"collection":[{"href":"https:\/\/www.societegeolardeche.com\/index.php\/wp-json\/wp\/v2\/pages"}],"about":[{"href":"https:\/\/www.societegeolardeche.com\/index.php\/wp-json\/wp\/v2\/types\/page"}],"author":[{"embeddable":true,"href":"https:\/\/www.societegeolardeche.com\/index.php\/wp-json\/wp\/v2\/users\/4"}],"replies":[{"embeddable":true,"href":"https:\/\/www.societegeolardeche.com\/index.php\/wp-json\/wp\/v2\/comments?post=337"}],"version-history":[{"count":23,"href":"https:\/\/www.societegeolardeche.com\/index.php\/wp-json\/wp\/v2\/pages\/337\/revisions"}],"predecessor-version":[{"id":1549,"href":"https:\/\/www.societegeolardeche.com\/index.php\/wp-json\/wp\/v2\/pages\/337\/revisions\/1549"}],"wp:attachment":[{"href":"https:\/\/www.societegeolardeche.com\/index.php\/wp-json\/wp\/v2\/media?parent=337"}],"curies":[{"name":"wp","href":"https:\/\/api.w.org\/{rel}","templated":true}]}}