{"id":29,"date":"2023-02-23T16:37:34","date_gmt":"2023-02-23T15:37:34","guid":{"rendered":"http:\/\/ujakbls.cluster031.hosting.ovh.net\/?page_id=29"},"modified":"2023-06-06T12:07:44","modified_gmt":"2023-06-06T10:07:44","slug":"portail-ressources-dardeche","status":"publish","type":"page","link":"https:\/\/www.societegeolardeche.com\/index.php\/portail-ressources-dardeche\/","title":{"rendered":"Portail \u00ab\u00a0Ressources d&rsquo;Ard\u00e8che\u00a0\u00bb"},"content":{"rendered":"\t\t<div data-elementor-type=\"wp-page\" data-elementor-id=\"29\" class=\"elementor elementor-29\">\n\t\t\t\t\t\t<section class=\"elementor-section elementor-top-section elementor-element elementor-element-3bd299f elementor-section-boxed elementor-section-height-default elementor-section-height-default\" data-id=\"3bd299f\" data-element_type=\"section\" data-e-type=\"section\">\n\t\t\t\t\t\t<div class=\"elementor-container elementor-column-gap-default\">\n\t\t\t\t\t<div class=\"elementor-column elementor-col-100 elementor-top-column elementor-element elementor-element-7d754cb\" data-id=\"7d754cb\" data-element_type=\"column\" data-e-type=\"column\">\n\t\t\t<div class=\"elementor-widget-wrap elementor-element-populated\">\n\t\t\t\t\t\t<div class=\"elementor-element elementor-element-24f4c58 elementor-widget elementor-widget-text-editor\" data-id=\"24f4c58\" data-element_type=\"widget\" data-e-type=\"widget\" data-widget_type=\"text-editor.default\">\n\t\t\t\t<div class=\"elementor-widget-container\">\n\t\t\t\t\t\t\t\t\t<h1 class=\"entry-title\">Portail documentaire partag\u00e9<\/h1>\t\t\t\t\t\t\t\t<\/div>\n\t\t\t\t<\/div>\n\t\t\t\t\t<\/div>\n\t\t<\/div>\n\t\t\t\t\t<\/div>\n\t\t<\/section>\n\t\t\t\t<section class=\"elementor-section elementor-top-section elementor-element elementor-element-d71aca4 elementor-section-boxed elementor-section-height-default elementor-section-height-default\" data-id=\"d71aca4\" data-element_type=\"section\" data-e-type=\"section\">\n\t\t\t\t\t\t<div class=\"elementor-container elementor-column-gap-default\">\n\t\t\t\t\t<div class=\"elementor-column elementor-col-100 elementor-top-column elementor-element elementor-element-2a8c0103\" data-id=\"2a8c0103\" data-element_type=\"column\" data-e-type=\"column\">\n\t\t\t<div class=\"elementor-widget-wrap elementor-element-populated\">\n\t\t\t\t\t\t<div class=\"elementor-element elementor-element-f5956d7 elementor-widget elementor-widget-text-editor\" data-id=\"f5956d7\" data-element_type=\"widget\" data-e-type=\"widget\" data-widget_type=\"text-editor.default\">\n\t\t\t\t<div class=\"elementor-widget-container\">\n\t\t\t\t\t\t\t\t\t\n<p>En 2017, le catalogue de la biblioth\u00e8que de la SGA a \u00e9t\u00e9 transf\u00e9r\u00e9 de la forme tableur interne \u00e0 une base de donn\u00e9e en ligne g\u00e9r\u00e9e sous le logiciel PMB.<br \/>Ce travail a \u00e9t\u00e9 r\u00e9alis\u00e9 \u00e0 l&rsquo;occasion d&rsquo;un stage d&rsquo;une biblioth\u00e9caire, Coralie Chemin, tutor\u00e9e par Catherine Seren. (voir <a href=\"http:\/\/ujakbls.cluster031.hosting.ovh.net\/DocsSGA\/Bulletins\/PDF\/bull2018\/CheminSeren2018.pdf\">cet article<\/a>)<\/p>\n<p><br \/>Ces ressources documentaires sont accessibles via le portail documentaire g\u00e9r\u00e8 depuis\u00a0 par le PNRMA et partag\u00e9 avec d\u2019autres associations ard\u00e9choises: <br \/><strong>\u00ab Ressources d\u2019Ard\u00e8che \u00bb<\/strong><\/p>\n\t\t\t\t\t\t\t\t<\/div>\n\t\t\t\t<\/div>\n\t\t\t\t\t<\/div>\n\t\t<\/div>\n\t\t\t\t\t<\/div>\n\t\t<\/section>\n\t\t\t\t<section class=\"elementor-section elementor-top-section elementor-element elementor-element-37e0087 elementor-section-boxed elementor-section-height-default elementor-section-height-default\" data-id=\"37e0087\" data-element_type=\"section\" data-e-type=\"section\">\n\t\t\t\t\t\t<div class=\"elementor-container elementor-column-gap-default\">\n\t\t\t\t\t<div class=\"elementor-column elementor-col-66 elementor-top-column elementor-element elementor-element-376382e\" data-id=\"376382e\" data-element_type=\"column\" data-e-type=\"column\">\n\t\t\t<div class=\"elementor-widget-wrap elementor-element-populated\">\n\t\t\t\t\t\t<div class=\"elementor-element elementor-element-a1ae88e elementor-widget elementor-widget-text-editor\" data-id=\"a1ae88e\" data-element_type=\"widget\" data-e-type=\"widget\" data-widget_type=\"text-editor.default\">\n\t\t\t\t<div class=\"elementor-widget-container\">\n\t\t\t\t\t\t\t\t\t<p><a href=\"https:\/\/ressourcesdardeche.fr\/pmb\/opac_css\/index.php\">https:\/\/ressourcesdardeche.fr\/pmb\/opac_css\/index.php<\/a><\/p>\t\t\t\t\t\t\t\t<\/div>\n\t\t\t\t<\/div>\n\t\t\t\t\t<\/div>\n\t\t<\/div>\n\t\t\t\t<div class=\"elementor-column elementor-col-33 elementor-top-column elementor-element elementor-element-70da06b\" data-id=\"70da06b\" data-element_type=\"column\" data-e-type=\"column\">\n\t\t\t<div class=\"elementor-widget-wrap elementor-element-populated\">\n\t\t\t\t\t\t<div class=\"elementor-element elementor-element-03ddf68 elementor-widget elementor-widget-image\" data-id=\"03ddf68\" data-element_type=\"widget\" data-e-type=\"widget\" data-widget_type=\"image.default\">\n\t\t\t\t<div class=\"elementor-widget-container\">\n\t\t\t\t\t\t\t\t\t\t\t\t\t\t\t<img decoding=\"async\" width=\"150\" height=\"150\" src=\"https:\/\/www.societegeolardeche.com\/wp-content\/uploads\/2023\/02\/logoRAcirc-150x150.png\" class=\"attachment-thumbnail size-thumbnail wp-image-87\" alt=\"\" srcset=\"https:\/\/www.societegeolardeche.com\/wp-content\/uploads\/2023\/02\/logoRAcirc-150x150.png 150w, https:\/\/www.societegeolardeche.com\/wp-content\/uploads\/2023\/02\/logoRAcirc-300x300.png 300w, https:\/\/www.societegeolardeche.com\/wp-content\/uploads\/2023\/02\/logoRAcirc.png 400w\" sizes=\"(max-width: 150px) 100vw, 150px\" \/>\t\t\t\t\t\t\t\t\t\t\t\t\t\t\t<\/div>\n\t\t\t\t<\/div>\n\t\t\t\t\t<\/div>\n\t\t<\/div>\n\t\t\t\t\t<\/div>\n\t\t<\/section>\n\t\t\t\t<\/div>\n\t\t","protected":false},"excerpt":{"rendered":"<p>Portail documentaire partag\u00e9 En 2017, le catalogue de la biblioth\u00e8que de la SGA a \u00e9t\u00e9 transf\u00e9r\u00e9 de la forme tableur interne \u00e0 une base de donn\u00e9e en ligne g\u00e9r\u00e9e sous le logiciel PMB.Ce travail a \u00e9t\u00e9 r\u00e9alis\u00e9 \u00e0 l&rsquo;occasion d&rsquo;un stage d&rsquo;une biblioth\u00e9caire, Coralie Chemin, tutor\u00e9e par Catherine Seren. (voir cet article) Ces ressources documentaires &hellip;<\/p>\n<p class=\"read-more\"> <a class=\"\" href=\"https:\/\/www.societegeolardeche.com\/index.php\/portail-ressources-dardeche\/\"> <span class=\"screen-reader-text\">Portail \u00ab\u00a0Ressources d&rsquo;Ard\u00e8che\u00a0\u00bb<\/span> Lire la suite\u00a0\u00bb<\/a><\/p>\n","protected":false},"author":4,"featured_media":0,"parent":0,"menu_order":0,"comment_status":"closed","ping_status":"closed","template":"","meta":{"site-sidebar-layout":"no-sidebar","site-content-layout":"page-builder","ast-global-header-display":"","ast-banner-title-visibility":"","ast-main-header-display":"","ast-hfb-above-header-display":"","ast-hfb-below-header-display":"","ast-hfb-mobile-header-display":"","site-post-title":"disabled","ast-breadcrumbs-content":"","ast-featured-img":"disabled","footer-sml-layout":"","theme-transparent-header-meta":"","adv-header-id-meta":"","stick-header-meta":"","header-above-stick-meta":"","header-main-stick-meta":"","header-below-stick-meta":"","footnotes":""},"class_list":["post-29","page","type-page","status-publish","hentry"],"_links":{"self":[{"href":"https:\/\/www.societegeolardeche.com\/index.php\/wp-json\/wp\/v2\/pages\/29","targetHints":{"allow":["GET"]}}],"collection":[{"href":"https:\/\/www.societegeolardeche.com\/index.php\/wp-json\/wp\/v2\/pages"}],"about":[{"href":"https:\/\/www.societegeolardeche.com\/index.php\/wp-json\/wp\/v2\/types\/page"}],"author":[{"embeddable":true,"href":"https:\/\/www.societegeolardeche.com\/index.php\/wp-json\/wp\/v2\/users\/4"}],"replies":[{"embeddable":true,"href":"https:\/\/www.societegeolardeche.com\/index.php\/wp-json\/wp\/v2\/comments?post=29"}],"version-history":[{"count":17,"href":"https:\/\/www.societegeolardeche.com\/index.php\/wp-json\/wp\/v2\/pages\/29\/revisions"}],"predecessor-version":[{"id":984,"href":"https:\/\/www.societegeolardeche.com\/index.php\/wp-json\/wp\/v2\/pages\/29\/revisions\/984"}],"wp:attachment":[{"href":"https:\/\/www.societegeolardeche.com\/index.php\/wp-json\/wp\/v2\/media?parent=29"}],"curies":[{"name":"wp","href":"https:\/\/api.w.org\/{rel}","templated":true}]}}