{"id":2718,"date":"2026-03-11T11:09:13","date_gmt":"2026-03-11T10:09:13","guid":{"rendered":"https:\/\/www.societegeolardeche.com\/?page_id=2718"},"modified":"2026-03-11T11:13:26","modified_gmt":"2026-03-11T10:13:26","slug":"conferences","status":"publish","type":"page","link":"https:\/\/www.societegeolardeche.com\/index.php\/conferences\/","title":{"rendered":"Conf\u00e9rences"},"content":{"rendered":"\t\t<div data-elementor-type=\"wp-page\" data-elementor-id=\"2718\" class=\"elementor elementor-2718\">\n\t\t\t\t\t\t<section class=\"elementor-section elementor-top-section elementor-element elementor-element-5bd6cf4a elementor-section-boxed elementor-section-height-default elementor-section-height-default\" data-id=\"5bd6cf4a\" data-element_type=\"section\" data-e-type=\"section\">\n\t\t\t\t\t\t<div class=\"elementor-container elementor-column-gap-default\">\n\t\t\t\t\t<div class=\"elementor-column elementor-col-100 elementor-top-column elementor-element elementor-element-76116197\" data-id=\"76116197\" data-element_type=\"column\" data-e-type=\"column\">\n\t\t\t<div class=\"elementor-widget-wrap elementor-element-populated\">\n\t\t\t\t\t\t<div class=\"elementor-element elementor-element-1e1857bf elementor-widget elementor-widget-text-editor\" data-id=\"1e1857bf\" data-element_type=\"widget\" data-e-type=\"widget\" data-widget_type=\"text-editor.default\">\n\t\t\t\t<div class=\"elementor-widget-container\">\n\t\t\t\t\t\t\t\t\t\n<p>liens vers les fichiers communiqu\u00e9s par les auteurs:<\/p>\n\n<p>Alain Gadalia 2024 <a href=\"https:\/\/www.societegeolardeche.com\/DocsSGA\/Docs\/La_g%C3%A9othermie_%20confAG_SGA_Mars%20_2024.pdf\">G\u00e9othermie<\/a><\/p>\n\n<p>Jean Claude Pr\u00e9vot 2026 <a href=\"https:\/\/www.societegeolardeche.com\/DocsSGA\/Docs\/2026-03-07conf-JCPrevot_VMS_SGA.pdf\">Amas sulfur\u00e9s<\/a><\/p>\n\t\t\t\t\t\t\t\t<\/div>\n\t\t\t\t<\/div>\n\t\t\t\t\t<\/div>\n\t\t<\/div>\n\t\t\t\t\t<\/div>\n\t\t<\/section>\n\t\t\t\t<\/div>\n\t\t","protected":false},"excerpt":{"rendered":"<p>liens vers les fichiers communiqu\u00e9s par les auteurs: Alain Gadalia 2024 G\u00e9othermie Jean Claude Pr\u00e9vot 2026 Amas sulfur\u00e9s<\/p>\n","protected":false},"author":4,"featured_media":0,"parent":0,"menu_order":0,"comment_status":"closed","ping_status":"closed","template":"","meta":{"site-sidebar-layout":"default","site-content-layout":"default","ast-global-header-display":"","ast-banner-title-visibility":"","ast-main-header-display":"","ast-hfb-above-header-display":"","ast-hfb-below-header-display":"","ast-hfb-mobile-header-display":"","site-post-title":"","ast-breadcrumbs-content":"","ast-featured-img":"","footer-sml-layout":"","theme-transparent-header-meta":"","adv-header-id-meta":"","stick-header-meta":"","header-above-stick-meta":"","header-main-stick-meta":"","header-below-stick-meta":"","footnotes":""},"class_list":["post-2718","page","type-page","status-publish","hentry"],"_links":{"self":[{"href":"https:\/\/www.societegeolardeche.com\/index.php\/wp-json\/wp\/v2\/pages\/2718","targetHints":{"allow":["GET"]}}],"collection":[{"href":"https:\/\/www.societegeolardeche.com\/index.php\/wp-json\/wp\/v2\/pages"}],"about":[{"href":"https:\/\/www.societegeolardeche.com\/index.php\/wp-json\/wp\/v2\/types\/page"}],"author":[{"embeddable":true,"href":"https:\/\/www.societegeolardeche.com\/index.php\/wp-json\/wp\/v2\/users\/4"}],"replies":[{"embeddable":true,"href":"https:\/\/www.societegeolardeche.com\/index.php\/wp-json\/wp\/v2\/comments?post=2718"}],"version-history":[{"count":7,"href":"https:\/\/www.societegeolardeche.com\/index.php\/wp-json\/wp\/v2\/pages\/2718\/revisions"}],"predecessor-version":[{"id":2725,"href":"https:\/\/www.societegeolardeche.com\/index.php\/wp-json\/wp\/v2\/pages\/2718\/revisions\/2725"}],"wp:attachment":[{"href":"https:\/\/www.societegeolardeche.com\/index.php\/wp-json\/wp\/v2\/media?parent=2718"}],"curies":[{"name":"wp","href":"https:\/\/api.w.org\/{rel}","templated":true}]}}