{"id":2546,"date":"2025-06-27T13:33:51","date_gmt":"2025-06-27T11:33:51","guid":{"rendered":"https:\/\/www.societegeolardeche.com\/?page_id=2546"},"modified":"2025-06-27T15:21:44","modified_gmt":"2025-06-27T13:21:44","slug":"amenes-ton-caillou","status":"publish","type":"page","link":"https:\/\/www.societegeolardeche.com\/index.php\/amenes-ton-caillou\/","title":{"rendered":"\u00ab\u00a0Am\u00e8nes ton caillou\u00a0\u00bb"},"content":{"rendered":"\t\t<div data-elementor-type=\"wp-page\" data-elementor-id=\"2546\" class=\"elementor elementor-2546\">\n\t\t\t\t\t\t<section class=\"elementor-section elementor-top-section elementor-element elementor-element-e972672 elementor-section-boxed elementor-section-height-default elementor-section-height-default\" data-id=\"e972672\" data-element_type=\"section\" data-e-type=\"section\">\n\t\t\t\t\t\t<div class=\"elementor-container elementor-column-gap-default\">\n\t\t\t\t\t<div class=\"elementor-column elementor-col-50 elementor-top-column elementor-element elementor-element-e0c8661\" data-id=\"e0c8661\" data-element_type=\"column\" data-e-type=\"column\">\n\t\t\t<div class=\"elementor-widget-wrap elementor-element-populated\">\n\t\t\t\t\t\t<div class=\"elementor-element elementor-element-f582d5e elementor-widget elementor-widget-text-editor\" data-id=\"f582d5e\" data-element_type=\"widget\" data-e-type=\"widget\" data-widget_type=\"text-editor.default\">\n\t\t\t\t<div class=\"elementor-widget-container\">\n\t\t\t\t\t\t\t\t\t<h4 class=\"entry-title\"><a href=\"https:\/\/geolesgf.wordpress.com\/2024\/10\/28\/premiere-edition-de-levenement-sgf-amene-ton-caillou\/\">En f\u00e9vrier mars, a eu lieu\u00a0 la\u00a0 premi\u00e8re \u00e9dition de l\u2019\u00e9v\u00e9nement SGF \u00ab Am\u00e8ne ton caillou \u00bb<\/a><br \/>4 dates ont \u00e9t\u00e9 propos\u00e9es propos\u00e9es par la SGA en Ard\u00e8che.<\/h4>\n<p>\u00a0<\/p>\n<p>Un bilan national synth\u00e9tique de cette op\u00e9ration est lisible <a href=\"https:\/\/www.societegeolardeche.com\/DocsSGA\/CR\/BilanSynth\u00e9tiqueAmeneTonCaillou.pdf\">dans ce .pdf<\/a><\/p>\n<p>\u00a0<\/p>\n<p><!-- \/wp:paragraph --><!-- wp:paragraph --><!-- \/wp:paragraph --><!-- wp:paragraph --><!-- \/wp:paragraph --><!-- wp:paragraph --><\/p>\n<p><!-- \/wp:paragraph --><!-- wp:paragraph --><!-- \/wp:paragraph --><!-- wp:paragraph --><\/p>\n<p><!-- \/wp:paragraph --><!-- wp:paragraph --><\/p>\n<p><!-- \/wp:paragraph --><!-- wp:paragraph --><!-- \/wp:paragraph --><!-- wp:paragraph --><\/p>\t\t\t\t\t\t\t\t<\/div>\n\t\t\t\t<\/div>\n\t\t\t\t\t<\/div>\n\t\t<\/div>\n\t\t\t\t<div class=\"elementor-column elementor-col-50 elementor-top-column elementor-element elementor-element-1c36184\" data-id=\"1c36184\" data-element_type=\"column\" data-e-type=\"column\">\n\t\t\t<div class=\"elementor-widget-wrap elementor-element-populated\">\n\t\t\t\t\t\t<div class=\"elementor-element elementor-element-0d19ac7 elementor-widget elementor-widget-image\" data-id=\"0d19ac7\" data-element_type=\"widget\" data-e-type=\"widget\" data-widget_type=\"image.default\">\n\t\t\t\t<div class=\"elementor-widget-container\">\n\t\t\t\t\t\t\t\t\t\t\t\t\t\t\t\t<a href=\"https:\/\/geolesgf.wordpress.com\/2024\/10\/28\/premiere-edition-de-levenement-sgf-amene-ton-caillou\/\">\n\t\t\t\t\t\t\t<img fetchpriority=\"high\" decoding=\"async\" width=\"212\" height=\"300\" src=\"https:\/\/www.societegeolardeche.com\/wp-content\/uploads\/2024\/12\/2024-affiche-caillou-sgn-212x300.webp\" class=\"attachment-medium size-medium wp-image-2168\" alt=\"\" srcset=\"https:\/\/www.societegeolardeche.com\/wp-content\/uploads\/2024\/12\/2024-affiche-caillou-sgn-212x300.webp 212w, https:\/\/www.societegeolardeche.com\/wp-content\/uploads\/2024\/12\/2024-affiche-caillou-sgn.webp 724w\" sizes=\"(max-width: 212px) 100vw, 212px\" \/>\t\t\t\t\t\t\t\t<\/a>\n\t\t\t\t\t\t\t\t\t\t\t\t\t\t\t<\/div>\n\t\t\t\t<\/div>\n\t\t\t\t\t<\/div>\n\t\t<\/div>\n\t\t\t\t\t<\/div>\n\t\t<\/section>\n\t\t\t\t<\/div>\n\t\t","protected":false},"excerpt":{"rendered":"<p>En f\u00e9vrier mars, a eu lieu\u00a0 la\u00a0 premi\u00e8re \u00e9dition de l\u2019\u00e9v\u00e9nement SGF \u00ab Am\u00e8ne ton caillou \u00bb4 dates ont \u00e9t\u00e9 propos\u00e9es propos\u00e9es par la SGA en Ard\u00e8che. \u00a0 Un bilan national synth\u00e9tique de cette op\u00e9ration est lisible dans ce .pdf \u00a0<\/p>\n","protected":false},"author":4,"featured_media":0,"parent":0,"menu_order":0,"comment_status":"closed","ping_status":"closed","template":"","meta":{"site-sidebar-layout":"no-sidebar","site-content-layout":"page-builder","ast-global-header-display":"","ast-banner-title-visibility":"","ast-main-header-display":"","ast-hfb-above-header-display":"","ast-hfb-below-header-display":"","ast-hfb-mobile-header-display":"","site-post-title":"disabled","ast-breadcrumbs-content":"","ast-featured-img":"disabled","footer-sml-layout":"","theme-transparent-header-meta":"","adv-header-id-meta":"","stick-header-meta":"","header-above-stick-meta":"","header-main-stick-meta":"","header-below-stick-meta":"","footnotes":""},"class_list":["post-2546","page","type-page","status-publish","hentry"],"_links":{"self":[{"href":"https:\/\/www.societegeolardeche.com\/index.php\/wp-json\/wp\/v2\/pages\/2546","targetHints":{"allow":["GET"]}}],"collection":[{"href":"https:\/\/www.societegeolardeche.com\/index.php\/wp-json\/wp\/v2\/pages"}],"about":[{"href":"https:\/\/www.societegeolardeche.com\/index.php\/wp-json\/wp\/v2\/types\/page"}],"author":[{"embeddable":true,"href":"https:\/\/www.societegeolardeche.com\/index.php\/wp-json\/wp\/v2\/users\/4"}],"replies":[{"embeddable":true,"href":"https:\/\/www.societegeolardeche.com\/index.php\/wp-json\/wp\/v2\/comments?post=2546"}],"version-history":[{"count":16,"href":"https:\/\/www.societegeolardeche.com\/index.php\/wp-json\/wp\/v2\/pages\/2546\/revisions"}],"predecessor-version":[{"id":2568,"href":"https:\/\/www.societegeolardeche.com\/index.php\/wp-json\/wp\/v2\/pages\/2546\/revisions\/2568"}],"wp:attachment":[{"href":"https:\/\/www.societegeolardeche.com\/index.php\/wp-json\/wp\/v2\/media?parent=2546"}],"curies":[{"name":"wp","href":"https:\/\/api.w.org\/{rel}","templated":true}]}}