{"id":2388,"date":"2025-03-30T09:12:36","date_gmt":"2025-03-30T07:12:36","guid":{"rendered":"https:\/\/www.societegeolardeche.com\/?page_id=2388"},"modified":"2026-02-26T19:00:58","modified_gmt":"2026-02-26T18:00:58","slug":"2025-2","status":"publish","type":"page","link":"https:\/\/www.societegeolardeche.com\/index.php\/2025-2\/","title":{"rendered":"2025"},"content":{"rendered":"\t\t<div data-elementor-type=\"wp-page\" data-elementor-id=\"2388\" class=\"elementor elementor-2388\">\n\t\t\t\t\t\t<section class=\"elementor-section elementor-top-section elementor-element elementor-element-4722a0a1 elementor-section-boxed elementor-section-height-default elementor-section-height-default\" data-id=\"4722a0a1\" data-element_type=\"section\" data-e-type=\"section\">\n\t\t\t\t\t\t<div class=\"elementor-container elementor-column-gap-default\">\n\t\t\t\t\t<div class=\"elementor-column elementor-col-100 elementor-top-column elementor-element elementor-element-376fba13\" data-id=\"376fba13\" data-element_type=\"column\" data-e-type=\"column\">\n\t\t\t<div class=\"elementor-widget-wrap elementor-element-populated\">\n\t\t\t\t\t\t<div class=\"elementor-element elementor-element-472eab23 elementor-widget elementor-widget-text-editor\" data-id=\"472eab23\" data-element_type=\"widget\" data-e-type=\"widget\" data-widget_type=\"text-editor.default\">\n\t\t\t\t<div class=\"elementor-widget-container\">\n\t\t\t\t\t\t\t\t\t\n<p>\u00a0<\/p>\n<p><strong>Le 1 f\u00e9vrier<\/strong> 10h00- 16 h00<br \/>station thermale de <a href=\"https:\/\/www.societegeolardeche.com\/index.php\/neyrac-1-fevrier-2025\/\">Neyrac Sortie Volcanique<\/a> :<br \/>mise en jambe au Souilhol , d\u00e9couverte du site de Neyrac , sources \u00ab p\u00e9trifiantes \u00bb coul\u00e9e et mofette<br \/>Andr\u00e9 Rey<\/p>\n\t\t\t\t\t\t\t\t<\/div>\n\t\t\t\t<\/div>\n\t\t\t\t\t<\/div>\n\t\t<\/div>\n\t\t\t\t\t<\/div>\n\t\t<\/section>\n\t\t\t\t<section class=\"elementor-section elementor-top-section elementor-element elementor-element-59ae41e elementor-section-boxed elementor-section-height-default elementor-section-height-default\" data-id=\"59ae41e\" data-element_type=\"section\" data-e-type=\"section\">\n\t\t\t\t\t\t<div class=\"elementor-container elementor-column-gap-default\">\n\t\t\t\t\t<div class=\"elementor-column elementor-col-100 elementor-top-column elementor-element elementor-element-cbd9c32\" data-id=\"cbd9c32\" data-element_type=\"column\" data-e-type=\"column\">\n\t\t\t<div class=\"elementor-widget-wrap elementor-element-populated\">\n\t\t\t\t\t\t<div class=\"elementor-element elementor-element-168ce0e elementor-widget elementor-widget-text-editor\" data-id=\"168ce0e\" data-element_type=\"widget\" data-e-type=\"widget\" data-widget_type=\"text-editor.default\">\n\t\t\t\t<div class=\"elementor-widget-container\">\n\t\t\t\t\t\t\t\t\t<p>f\u00e9vrier-mars activit\u00e9 hors sortie dans le cadre de l&rsquo;op\u00e9ration SGF:<br \/><a href=\"https:\/\/www.societegeolardeche.com\/index.php\/amenes-ton-caillou\/\">\u00ab\u00a0Am\u00e8ne ton caillou\u00a0\u00bb<\/a><\/p>\t\t\t\t\t\t\t\t<\/div>\n\t\t\t\t<\/div>\n\t\t\t\t\t<\/div>\n\t\t<\/div>\n\t\t\t\t\t<\/div>\n\t\t<\/section>\n\t\t\t\t<section class=\"elementor-section elementor-top-section elementor-element elementor-element-c837ee4 elementor-section-boxed elementor-section-height-default elementor-section-height-default\" data-id=\"c837ee4\" data-element_type=\"section\" data-e-type=\"section\">\n\t\t\t\t\t\t<div class=\"elementor-container elementor-column-gap-default\">\n\t\t\t\t\t<div class=\"elementor-column elementor-col-100 elementor-top-column elementor-element elementor-element-8ac9ef9\" data-id=\"8ac9ef9\" data-element_type=\"column\" data-e-type=\"column\">\n\t\t\t<div class=\"elementor-widget-wrap elementor-element-populated\">\n\t\t\t\t\t\t<div class=\"elementor-element elementor-element-131bf42 elementor-widget elementor-widget-text-editor\" data-id=\"131bf42\" data-element_type=\"widget\" data-e-type=\"widget\" data-widget_type=\"text-editor.default\">\n\t\t\t\t<div class=\"elementor-widget-container\">\n\t\t\t\t\t\t\t\t\t<p><strong>jeudi 27 f\u00e9vrier<\/strong> apr\u00e8s-midi (14h-17h) au PNR, chateau de Rochemure, salle p\u00e9dagogique.<br \/>la f\u00eate au caillou: un atelier \u00ab\u00a0Am\u00e8nes ton caillou\u00a0\u00bb avec les g\u00e9ologues de la SGA\u00a0<\/p>\t\t\t\t\t\t\t\t<\/div>\n\t\t\t\t<\/div>\n\t\t\t\t\t<\/div>\n\t\t<\/div>\n\t\t\t\t\t<\/div>\n\t\t<\/section>\n\t\t\t\t<section class=\"elementor-section elementor-top-section elementor-element elementor-element-8539422 elementor-section-boxed elementor-section-height-default elementor-section-height-default\" data-id=\"8539422\" data-element_type=\"section\" data-e-type=\"section\">\n\t\t\t\t\t\t<div class=\"elementor-container elementor-column-gap-default\">\n\t\t\t\t\t<div class=\"elementor-column elementor-col-100 elementor-top-column elementor-element elementor-element-d1e0c75\" data-id=\"d1e0c75\" data-element_type=\"column\" data-e-type=\"column\">\n\t\t\t<div class=\"elementor-widget-wrap elementor-element-populated\">\n\t\t\t\t\t\t<div class=\"elementor-element elementor-element-9ea3f03 elementor-widget elementor-widget-text-editor\" data-id=\"9ea3f03\" data-element_type=\"widget\" data-e-type=\"widget\" data-widget_type=\"text-editor.default\">\n\t\t\t\t<div class=\"elementor-widget-container\">\n\t\t\t\t\t\t\t\t\t<p><strong>samedi 29 mars<\/strong><br \/>assembl\u00e9e g\u00e9n\u00e9rale de la SGA de 10hoo \u00e0 16h30\u00a0 Le Pouzin<\/p>\t\t\t\t\t\t\t\t<\/div>\n\t\t\t\t<\/div>\n\t\t\t\t\t<\/div>\n\t\t<\/div>\n\t\t\t\t\t<\/div>\n\t\t<\/section>\n\t\t\t\t<section class=\"elementor-section elementor-top-section elementor-element elementor-element-a8cd32d elementor-section-boxed elementor-section-height-default elementor-section-height-default\" data-id=\"a8cd32d\" data-element_type=\"section\" data-e-type=\"section\">\n\t\t\t\t\t\t<div class=\"elementor-container elementor-column-gap-default\">\n\t\t\t\t\t<div class=\"elementor-column elementor-col-100 elementor-top-column elementor-element elementor-element-5613351\" data-id=\"5613351\" data-element_type=\"column\" data-e-type=\"column\">\n\t\t\t<div class=\"elementor-widget-wrap elementor-element-populated\">\n\t\t\t\t\t\t<div class=\"elementor-element elementor-element-a0e95c0 elementor-widget elementor-widget-text-editor\" data-id=\"a0e95c0\" data-element_type=\"widget\" data-e-type=\"widget\" data-widget_type=\"text-editor.default\">\n\t\t\t\t<div class=\"elementor-widget-container\">\n\t\t\t\t\t\t\t\t\t<p><strong>samedi 14 juin<\/strong><br \/><a href=\"https:\/\/www.societegeolardeche.com\/index.php\/barroux14-juin-2025\/\">sortie autour de la faille de Nimes:<\/a> du chateau du Barroux au lac sal\u00e9 de Couthezon<\/p>\t\t\t\t\t\t\t\t<\/div>\n\t\t\t\t<\/div>\n\t\t\t\t\t<\/div>\n\t\t<\/div>\n\t\t\t\t\t<\/div>\n\t\t<\/section>\n\t\t\t\t<section class=\"elementor-section elementor-top-section elementor-element elementor-element-c06ad1e elementor-section-boxed elementor-section-height-default elementor-section-height-default\" data-id=\"c06ad1e\" data-element_type=\"section\" data-e-type=\"section\">\n\t\t\t\t\t\t<div class=\"elementor-container elementor-column-gap-default\">\n\t\t\t\t\t<div class=\"elementor-column elementor-col-100 elementor-top-column elementor-element elementor-element-c3a404f\" data-id=\"c3a404f\" data-element_type=\"column\" data-e-type=\"column\">\n\t\t\t<div class=\"elementor-widget-wrap elementor-element-populated\">\n\t\t\t\t\t\t<div class=\"elementor-element elementor-element-4498972 elementor-widget elementor-widget-text-editor\" data-id=\"4498972\" data-element_type=\"widget\" data-e-type=\"widget\" data-widget_type=\"text-editor.default\">\n\t\t\t\t<div class=\"elementor-widget-container\">\n\t\t\t\t\t\t\t\t\t<p><strong>samedi 20 septembre<\/strong><br \/><a href=\"https:\/\/www.societegeolardeche.com\/index.php\/vallee-de-leyrieux-20-septembre-2025\/\">sortie dans la vall\u00e9e de l&rsquo;Eyrieux:<\/a> granites migmatitiques<\/p>\t\t\t\t\t\t\t\t<\/div>\n\t\t\t\t<\/div>\n\t\t\t\t\t<\/div>\n\t\t<\/div>\n\t\t\t\t\t<\/div>\n\t\t<\/section>\n\t\t\t\t<section class=\"elementor-section elementor-top-section elementor-element elementor-element-d3dd2d6 elementor-section-boxed elementor-section-height-default elementor-section-height-default\" data-id=\"d3dd2d6\" data-element_type=\"section\" data-e-type=\"section\">\n\t\t\t\t\t\t<div class=\"elementor-container elementor-column-gap-default\">\n\t\t\t\t\t<div class=\"elementor-column elementor-col-100 elementor-top-column elementor-element elementor-element-7db70c1\" data-id=\"7db70c1\" data-element_type=\"column\" data-e-type=\"column\">\n\t\t\t<div class=\"elementor-widget-wrap elementor-element-populated\">\n\t\t\t\t\t\t<div class=\"elementor-element elementor-element-f3408a4 elementor-widget elementor-widget-text-editor\" data-id=\"f3408a4\" data-element_type=\"widget\" data-e-type=\"widget\" data-widget_type=\"text-editor.default\">\n\t\t\t\t<div class=\"elementor-widget-container\">\n\t\t\t\t\t\t\t\t\t<p><strong>28 septembre 2025, vall\u00e9e de la Bourges<br \/><\/strong>Cette <a href=\"https:\/\/www.monamiph.eu\/SGA\/2025-09-28Bourge\/SGABourge.htm\">sortie sur toute l&rsquo;\u00e9tendue de la coul\u00e9e du Ray Pic<\/a>, longue de 22km a \u00e9t\u00e9 propos\u00e9e par Andr\u00e9 Rey<strong><br \/><\/strong><\/p>\t\t\t\t\t\t\t\t<\/div>\n\t\t\t\t<\/div>\n\t\t\t\t\t<\/div>\n\t\t<\/div>\n\t\t\t\t\t<\/div>\n\t\t<\/section>\n\t\t\t\t<\/div>\n\t\t","protected":false},"excerpt":{"rendered":"<p>\u00a0 Le 1 f\u00e9vrier 10h00- 16 h00station thermale de Neyrac Sortie Volcanique :mise en jambe au Souilhol , d\u00e9couverte du site de Neyrac , sources \u00ab p\u00e9trifiantes \u00bb coul\u00e9e et mofetteAndr\u00e9 Rey f\u00e9vrier-mars activit\u00e9 hors sortie dans le cadre de l&rsquo;op\u00e9ration SGF:\u00ab\u00a0Am\u00e8ne ton caillou\u00a0\u00bb jeudi 27 f\u00e9vrier apr\u00e8s-midi (14h-17h) au PNR, chateau de Rochemure, salle &hellip;<\/p>\n<p class=\"read-more\"> <a class=\"\" href=\"https:\/\/www.societegeolardeche.com\/index.php\/2025-2\/\"> <span class=\"screen-reader-text\">2025<\/span> Lire la suite\u00a0\u00bb<\/a><\/p>\n","protected":false},"author":4,"featured_media":0,"parent":0,"menu_order":0,"comment_status":"closed","ping_status":"closed","template":"","meta":{"site-sidebar-layout":"default","site-content-layout":"default","ast-global-header-display":"","ast-banner-title-visibility":"","ast-main-header-display":"","ast-hfb-above-header-display":"","ast-hfb-below-header-display":"","ast-hfb-mobile-header-display":"","site-post-title":"","ast-breadcrumbs-content":"","ast-featured-img":"","footer-sml-layout":"","theme-transparent-header-meta":"","adv-header-id-meta":"","stick-header-meta":"","header-above-stick-meta":"","header-main-stick-meta":"","header-below-stick-meta":"","footnotes":""},"class_list":["post-2388","page","type-page","status-publish","hentry"],"_links":{"self":[{"href":"https:\/\/www.societegeolardeche.com\/index.php\/wp-json\/wp\/v2\/pages\/2388","targetHints":{"allow":["GET"]}}],"collection":[{"href":"https:\/\/www.societegeolardeche.com\/index.php\/wp-json\/wp\/v2\/pages"}],"about":[{"href":"https:\/\/www.societegeolardeche.com\/index.php\/wp-json\/wp\/v2\/types\/page"}],"author":[{"embeddable":true,"href":"https:\/\/www.societegeolardeche.com\/index.php\/wp-json\/wp\/v2\/users\/4"}],"replies":[{"embeddable":true,"href":"https:\/\/www.societegeolardeche.com\/index.php\/wp-json\/wp\/v2\/comments?post=2388"}],"version-history":[{"count":29,"href":"https:\/\/www.societegeolardeche.com\/index.php\/wp-json\/wp\/v2\/pages\/2388\/revisions"}],"predecessor-version":[{"id":2666,"href":"https:\/\/www.societegeolardeche.com\/index.php\/wp-json\/wp\/v2\/pages\/2388\/revisions\/2666"}],"wp:attachment":[{"href":"https:\/\/www.societegeolardeche.com\/index.php\/wp-json\/wp\/v2\/media?parent=2388"}],"curies":[{"name":"wp","href":"https:\/\/api.w.org\/{rel}","templated":true}]}}