{"id":2159,"date":"2024-12-17T18:33:41","date_gmt":"2024-12-17T17:33:41","guid":{"rendered":"https:\/\/www.societegeolardeche.com\/?page_id=2159"},"modified":"2026-04-06T10:03:43","modified_gmt":"2026-04-06T08:03:43","slug":"accueil2025","status":"publish","type":"page","link":"https:\/\/www.societegeolardeche.com\/","title":{"rendered":"Accueil du site de la Soci\u00e9t\u00e9 g\u00e9ologique de l\u2019Ard\u00e8che (SGA), actualit\u00e9s et pr\u00e9visions"},"content":{"rendered":"\t\t<div data-elementor-type=\"wp-page\" data-elementor-id=\"2159\" class=\"elementor elementor-2159\">\n\t\t\t\t\t\t<section class=\"elementor-section elementor-top-section elementor-element elementor-element-ecc58a3 elementor-section-boxed elementor-section-height-default elementor-section-height-default\" data-id=\"ecc58a3\" data-element_type=\"section\" data-e-type=\"section\">\n\t\t\t\t\t\t<div class=\"elementor-container elementor-column-gap-default\">\n\t\t\t\t\t<div class=\"elementor-column elementor-col-100 elementor-top-column elementor-element elementor-element-e50031b\" data-id=\"e50031b\" data-element_type=\"column\" data-e-type=\"column\">\n\t\t\t<div class=\"elementor-widget-wrap elementor-element-populated\">\n\t\t\t\t\t\t<div class=\"elementor-element elementor-element-a527635 elementor-widget elementor-widget-text-editor\" data-id=\"a527635\" data-element_type=\"widget\" data-e-type=\"widget\" data-widget_type=\"text-editor.default\">\n\t\t\t\t<div class=\"elementor-widget-container\">\n\t\t\t\t\t\t\t\t\t<p><span style=\"color: #444444;\"><span style=\"font-family: arial, helvetica, sans-serif;\"><span style=\"font-size: small;\"><strong><span style=\"color: #000000;\"><span style=\"text-decoration: underline; color: #000000;\">prochaines activit\u00e9s:<br \/><\/span><\/span><\/strong><\/span><\/span><\/span><u><\/u><\/p><p><strong><span style=\"color: #000000;\"><span style=\"font-family: arial, helvetica, sans-serif;\"><span style=\"font-size: small;\"><b>Lundi 13 avril\u00a0 journ\u00e9e \u00e0 la Voulte\u00a0 <br \/>le matin d\u00e9couverte des hauts fourneaux et autres vestiges <br \/><\/b><\/span><\/span><\/span><\/strong><span style=\"color: #000000;\"><span style=\"font-family: arial, helvetica, sans-serif;\"><span style=\"font-size: small;\">l&rsquo;apres-midi,<\/span><\/span><\/span><strong><span style=\"color: #000000;\"><span style=\"font-family: arial, helvetica, sans-serif;\"><span style=\"font-size: small;\">\u00a0<\/span><\/span><\/span><\/strong><strong><span style=\"color: #000000;\"><span style=\"font-family: arial, helvetica, sans-serif;\"><span style=\"font-size: small;\"><b>nous irons d\u00e9couvrir le site ENS de la Boissine le lagerst\u00e2tte de la Voulte\u00a0<\/b><\/span><\/span><\/span><\/strong><span style=\"color: #000000;\"><span style=\"font-family: arial, helvetica, sans-serif;\"><span style=\"font-size: small;\">o\u00f9 Bernard Riou a d\u00e9couvert de nombreux fossiles ;\u00a0Le\u00a0<\/span><\/span><\/span><strong><a href=\"https:\/\/fr.wikipedia.org\/wiki\/Lagerst%C3%A4tte\" target=\"_blank\" rel=\"noopener\"><span style=\"color: #000000;\"><span style=\"font-family: arial, helvetica, sans-serif;\"><span style=\"font-size: small;\"><u><b>lagerst\u00e4tte<\/b><\/u><\/span><\/span><\/span><\/a><\/strong><strong><span style=\"color: #000000;\"><span style=\"font-family: arial, helvetica, sans-serif;\"><span style=\"font-size: small;\"><b>\u00a0de\u00a0<\/b><\/span><\/span><\/span><\/strong><strong><a href=\"https:\/\/fr.wikipedia.org\/wiki\/La_Voulte-sur-Rh%C3%B4ne\" target=\"_blank\" rel=\"noopener\"><span style=\"color: #000000;\"><span style=\"font-family: arial, helvetica, sans-serif;\"><span style=\"font-size: small;\"><u><b>La Voulte-sur-Rh\u00f4ne<\/b><\/u><\/span><\/span><\/span><\/a><\/strong><span style=\"color: #000000;\"><span style=\"font-family: arial, helvetica, sans-serif;\"><span style=\"font-size: small;\">\u00a0est un gisement pal\u00e9ontologique de r\u00e9f\u00e9rence internationale,\u00a0 r\u00e9put\u00e9 pour l\u2019extraordinaire conservation des fossiles d&rsquo;animaux marins (Poulpe, requins, b\u00e9lemnite etc&#8230;)\u00a0dat\u00e9s du\u00a0<\/span><\/span><\/span><a href=\"https:\/\/fr.wikipedia.org\/wiki\/Jurassique_moyen\" target=\"_blank\" rel=\"noopener\"><span style=\"color: #000000;\"><span style=\"font-family: arial, helvetica, sans-serif;\"><span style=\"font-size: small;\"><u>Jurassique moyen<\/u><\/span><\/span><\/span><\/a><span style=\"color: #000000;\"><span style=\"font-family: arial, helvetica, sans-serif;\"><span style=\"font-size: small;\">.<\/span><\/span><\/span><span style=\"color: #444444;\"><span style=\"font-family: arial, helvetica, sans-serif;\"><span style=\"font-size: small;\">\u00a0<\/span><\/span><\/span><\/p><p>RDV 10h parc Babin<\/p><p><span style=\"color: #000000;\"><strong>&#8212;&#8212;&#8212;&#8212;&#8212;&#8212;&#8212;&#8212;&#8212;&#8212;&#8212;&#8212;&#8212;&#8212;&#8212;&#8212;&#8212;&#8212;&#8212;&#8212;&#8212;-historique&#8212;&#8212;&#8212;&#8212;&#8212;&#8212;&#8212;&#8212;&#8212;&#8212;&#8212;&#8212;&#8212;&#8212;&#8212;&#8212;&#8212;&#8212;&#8212;&#8212;&#8212;&#8212;&#8212;&#8212;&#8212;&#8212;&#8212;&#8212;&#8212;&#8212;&#8212;&#8212;&#8212;&#8211;<\/strong><\/span><\/p><p><span style=\"color: #000000;\"><strong>14 novembre<\/strong> conf\u00e9rence \u00ab\u00a0m\u00e9t\u00e9orites\u00a0\u00bb Maryse Aymes<\/span><br \/><span style=\"color: #000000;\">18h \u00e0 la Maison du Parc \u00e0 Jaujac,<\/span><br \/><span style=\"color: #000000;\">dans le cadre des \u00abRendez-vous Astronomie\u00bb du P.N.R. des Monts d\u2019Ard\u00e8che, soir\u00e9e gratuite :<\/span><br \/><span style=\"color: #000000;\">18h :<\/span><br \/><span style=\"color: #000000;\">Visite guid\u00e9e du ciel d\u2019automne avec Marie-Line BARDOU,<\/span><br \/><span style=\"color: #000000;\">pour apprendre \u00e0 s\u2019orienter gr\u00e2ce aux \u00e9toiles, identifier les principales constellations, distinguer \u00e9toiles et plan\u00e8tes visibles en ce moment (petite balade virtuelle en cas de nuages).<\/span><br \/><span style=\"color: #000000;\">19h :<\/span><br \/><span style=\"color: #000000;\">Histoire d\u2019une pierre venue du ciel<\/span><br \/><span style=\"color: #000000;\">Conf\u00e9rence \u00e0 2 voix avec Maryse AYMES, g\u00e9ologue, association Clapas,<\/span><br \/><span style=\"color: #000000;\">Roches, Nature et Paysage et Marie-Line BARDOU :\u00a0\u00a0Le 15 juin 1821, apr\u00e8s l\u2019apparition d\u2019un globe de feu et des d\u00e9tonations alarmantes, une pierre tombe du ciel, provoquant peur et effroi \u00e0 Juvinas. Les t\u00e9moignages d\u2019alors mis en regard avec les connaissances d\u2019aujourd\u2019hui vous plongeront dans l\u2019histoire des sciences et de cette m\u00e9t\u00e9orite.\u00a0\u00a0D\u2019o\u00f9 vient-elle et pourquoi l\u2019\u00e9tudier ? Qu\u2019est-ce qui caract\u00e9rise la chute de m\u00e9t\u00e9orites ? Un voyage dans le temps et dans l\u2019espace \u00e0 la port\u00e9e de tous.<\/span><br \/><span style=\"color: #000000;\">R\u00e9servation vivement conseill\u00e9e.<\/span><br \/><span style=\"color: #000000;\">Inscription gratuite en ligne : www.parc-monts-ardeche.fr \/ rubrique Agenda ou par t\u00e9l\u00e9phone : 04.75.36.38.60<\/span><\/p><p><span style=\"color: #000000;\"><strong> Samedi 6 d\u00e9cembre<\/strong><br \/><mark class=\"marked\">HOMMAGE<\/mark> \u00e0 Jean-Pierre Mur :\u00a0 en apr\u00e8s-midi, RDV \u00e0 14h30 \u00e0 Chom\u00e9rac place du Bosquet .<br \/>La Soci\u00e9t\u00e9 G\u00e9ologique de l &lsquo;Ard\u00e8che s&rsquo;associe \u00e0 l&rsquo;association M\u00e9moire d&rsquo;Ard\u00e8che et Temps Pr\u00e9sent pour organiser une visite de Chom\u00e9rac sur le th\u00e8me Histoire et Mat\u00e9riaux, sur les traces d&rsquo;un article \u00e9crit par Jean-Pierre Mur (partie histoire) et Georges Naud (g\u00e9ologie) (voir Bulletin n \u00b04 de 2011).\u00a0 Marie-Jos\u00e9 Volle\u00a0 assurera la partie histoire pour MATP et Georges Naud la partie g\u00e9ologie, dur\u00e9e maximum 2 h 00, \u00e0 la fin de la visite tous ceux qui voudront dire un petit mot d&rsquo;<mark class=\"marked\">hommage<\/mark> \u00e0 Jean-Pierre le pourront.<\/span><\/p><p>A signaler \u00e9galement pour les Ruomsois, une conf\u00e9rence ouverte aux membres de la SGA:<\/p>\t\t\t\t\t\t\t\t<\/div>\n\t\t\t\t<\/div>\n\t\t\t\t\t<\/div>\n\t\t<\/div>\n\t\t\t\t\t<\/div>\n\t\t<\/section>\n\t\t\t\t<section class=\"elementor-section elementor-top-section elementor-element elementor-element-77b5ffe elementor-section-boxed elementor-section-height-default elementor-section-height-default\" data-id=\"77b5ffe\" data-element_type=\"section\" data-e-type=\"section\">\n\t\t\t\t\t\t<div class=\"elementor-container elementor-column-gap-default\">\n\t\t\t\t\t<div class=\"elementor-column elementor-col-100 elementor-top-column elementor-element elementor-element-14129ea\" data-id=\"14129ea\" data-element_type=\"column\" data-e-type=\"column\">\n\t\t\t<div class=\"elementor-widget-wrap elementor-element-populated\">\n\t\t\t\t\t\t<div class=\"elementor-element elementor-element-5140448 elementor-widget elementor-widget-image\" data-id=\"5140448\" data-element_type=\"widget\" data-e-type=\"widget\" data-widget_type=\"image.default\">\n\t\t\t\t<div class=\"elementor-widget-container\">\n\t\t\t\t\t\t\t\t\t\t\t\t\t\t\t<img fetchpriority=\"high\" decoding=\"async\" width=\"768\" height=\"575\" src=\"https:\/\/www.societegeolardeche.com\/wp-content\/uploads\/2025\/11\/MAconfRuoms2025-768x575.jpg\" class=\"attachment-medium_large size-medium_large wp-image-2624\" alt=\"\" srcset=\"https:\/\/www.societegeolardeche.com\/wp-content\/uploads\/2025\/11\/MAconfRuoms2025-768x575.jpg 768w, https:\/\/www.societegeolardeche.com\/wp-content\/uploads\/2025\/11\/MAconfRuoms2025-300x225.jpg 300w, https:\/\/www.societegeolardeche.com\/wp-content\/uploads\/2025\/11\/MAconfRuoms2025.jpg 958w\" sizes=\"(max-width: 768px) 100vw, 768px\" \/>\t\t\t\t\t\t\t\t\t\t\t\t\t\t\t<\/div>\n\t\t\t\t<\/div>\n\t\t\t\t\t<\/div>\n\t\t<\/div>\n\t\t\t\t\t<\/div>\n\t\t<\/section>\n\t\t\t\t<section class=\"elementor-section elementor-top-section elementor-element elementor-element-203aeda elementor-section-boxed elementor-section-height-default elementor-section-height-default\" data-id=\"203aeda\" data-element_type=\"section\" data-e-type=\"section\">\n\t\t\t\t\t\t<div class=\"elementor-container elementor-column-gap-default\">\n\t\t\t\t\t<div class=\"elementor-column elementor-col-50 elementor-top-column elementor-element elementor-element-8685fb5\" data-id=\"8685fb5\" data-element_type=\"column\" data-e-type=\"column\">\n\t\t\t<div class=\"elementor-widget-wrap elementor-element-populated\">\n\t\t\t\t\t\t<div class=\"elementor-element elementor-element-9af5e77 elementor-widget elementor-widget-text-editor\" data-id=\"9af5e77\" data-element_type=\"widget\" data-e-type=\"widget\" data-widget_type=\"text-editor.default\">\n\t\t\t\t<div class=\"elementor-widget-container\">\n\t\t\t\t\t\t\t\t\t<p>\u00a0<\/p><p><strong><span style=\"color: #444444;\"><span style=\"font-family: Arial, Helvetica, sans-serif;\"><span style=\"font-size: small;\"><b>Samedi 21 f\u00e9vrier apr\u00e8s-midi<\/b><\/span><\/span><\/span><\/strong><span style=\"color: #444444;\"><span style=\"font-family: Arial, Helvetica, sans-serif;\"><span style=\"font-size: small;\">\u00a0 vous avez envie de bouger et d&rsquo;occuper\u00a0 vos petits enfants\u00a0 cette ann\u00e9e am\u00e8nes ton caillou c&rsquo;est \u00e0 la biblioth\u00e8que de Valgorge avec la SGA et Clapas voir affiche ci contre<\/span><\/span><\/span><\/p><p>\u00a0<\/p><p>\u00a0<\/p><p>\u00a0<\/p><p>\u00a0<\/p><p>\u00a0<\/p><p>\u00a0<\/p><p>\u00a0<\/p><p><span style=\"color: #444444;\"><span style=\"font-family: arial, helvetica, sans-serif;\"><span style=\"font-size: small;\"><strong>Samedi 7 mars Assembl\u00e9e g\u00e9n\u00e9rale<\/strong><\/span><\/span><\/span><span style=\"color: #444444;\"><span style=\"font-family: arial, helvetica, sans-serif;\"><span style=\"font-size: small;\"><br \/>\u00e0 10hoo au restaurant les Terrasses du Rh\u00f4ne \u00e0 Baix,\u00a0 l&rsquo;apr\u00e8s-midi nous visiterons les anciennes carri\u00e8res de Cruas , accueil d\u00e8s 9h30<br \/><\/span><\/span><\/span><\/p>\t\t\t\t\t\t\t\t<\/div>\n\t\t\t\t<\/div>\n\t\t\t\t\t<\/div>\n\t\t<\/div>\n\t\t\t\t<div class=\"elementor-column elementor-col-50 elementor-top-column elementor-element elementor-element-375f7af\" data-id=\"375f7af\" data-element_type=\"column\" data-e-type=\"column\">\n\t\t\t<div class=\"elementor-widget-wrap elementor-element-populated\">\n\t\t\t\t\t\t<div class=\"elementor-element elementor-element-a5d58e0 elementor-widget elementor-widget-image\" data-id=\"a5d58e0\" data-element_type=\"widget\" data-e-type=\"widget\" data-widget_type=\"image.default\">\n\t\t\t\t<div class=\"elementor-widget-container\">\n\t\t\t\t\t\t\t\t\t\t\t\t\t\t\t<img decoding=\"async\" width=\"768\" height=\"1086\" src=\"https:\/\/www.societegeolardeche.com\/wp-content\/uploads\/2026\/02\/amenesTonCaillou2026-768x1086.jpg\" class=\"attachment-medium_large size-medium_large wp-image-2650\" alt=\"\" srcset=\"https:\/\/www.societegeolardeche.com\/wp-content\/uploads\/2026\/02\/amenesTonCaillou2026-768x1086.jpg 768w, https:\/\/www.societegeolardeche.com\/wp-content\/uploads\/2026\/02\/amenesTonCaillou2026-212x300.jpg 212w, https:\/\/www.societegeolardeche.com\/wp-content\/uploads\/2026\/02\/amenesTonCaillou2026-724x1024.jpg 724w, https:\/\/www.societegeolardeche.com\/wp-content\/uploads\/2026\/02\/amenesTonCaillou2026-1086x1536.jpg 1086w, https:\/\/www.societegeolardeche.com\/wp-content\/uploads\/2026\/02\/amenesTonCaillou2026.jpg 1448w\" sizes=\"(max-width: 768px) 100vw, 768px\" \/>\t\t\t\t\t\t\t\t\t\t\t\t\t\t\t<\/div>\n\t\t\t\t<\/div>\n\t\t\t\t\t<\/div>\n\t\t<\/div>\n\t\t\t\t\t<\/div>\n\t\t<\/section>\n\t\t\t\t<section class=\"elementor-section elementor-top-section elementor-element elementor-element-7d5157f elementor-section-boxed elementor-section-height-default elementor-section-height-default\" data-id=\"7d5157f\" data-element_type=\"section\" data-e-type=\"section\">\n\t\t\t\t\t\t<div class=\"elementor-container elementor-column-gap-default\">\n\t\t\t\t\t<div class=\"elementor-column elementor-col-100 elementor-top-column elementor-element elementor-element-d9a9979\" data-id=\"d9a9979\" data-element_type=\"column\" data-e-type=\"column\">\n\t\t\t<div class=\"elementor-widget-wrap elementor-element-populated\">\n\t\t\t\t\t\t<div class=\"elementor-element elementor-element-36d1888 elementor-widget elementor-widget-text-editor\" data-id=\"36d1888\" data-element_type=\"widget\" data-e-type=\"widget\" data-widget_type=\"text-editor.default\">\n\t\t\t\t<div class=\"elementor-widget-container\">\n\t\t\t\t\t\t\t\t\t<p><span style=\"color: #444444;\"><span style=\"font-family: arial, helvetica, sans-serif;\"><span style=\"font-size: small;\">\u00a0<\/span><\/span><\/span><strong><span style=\"color: #444444;\"><span style=\"font-family: arial, helvetica, sans-serif;\"><span style=\"font-size: small;\"><b>samedi 21 mar,\u00a0 Largentiere<\/b><\/span><\/span><\/span><\/strong><span style=\"color: #444444;\"><span style=\"font-family: arial, helvetica, sans-serif;\"><span style=\"font-size: small;\"><br \/>le matin visite de l&rsquo;exposition de Vincent Vidal sur les mines de Largenti\u00e8re et la collection de min\u00e9raux associ\u00e9e, RDV 10h00 place des Recollets sous le tribunal.<br \/>L&rsquo;apr\u00e8s midi nous irons sur le g\u00e9osite tout proche des Fourniols.<\/span><\/span><\/span><\/p><p><span style=\"color: #444444;\"><strong>Jeudi 2 avril<\/strong><span style=\"font-family: arial, helvetica, sans-serif;\"><span style=\"font-size: small;\"><br \/>Nous profiterons de l&rsquo;heure d&rsquo;\u00e9t\u00e9\u00a0 pour une belle et longue journ\u00e9e de <\/span><\/span><\/span><strong><span style=\"color: #444444;\"><span style=\"font-family: arial, helvetica, sans-serif;\"><span style=\"font-size: small;\"><b>d\u00e9couverte autour des Vans.<br \/>inscription obligatoire 20 places, gratuite sur le site du PNR ou par t\u00e9l\u00e9phone au : 04 75 36 38 60<br \/><\/b><\/span><\/span><\/span><\/strong><strong><span style=\"color: #444444;\"><span style=\"font-family: arial, helvetica, sans-serif;\"><span style=\"font-size: small;\"><b>le\u00a0 matin\u00a0\u00a0<\/b><\/span><\/span><\/span><\/strong><span style=\"color: #444444;\"><span style=\"font-family: arial, helvetica, sans-serif;\"><span style=\"font-size: small;\">D\u00e9couverte du c\u00f4ne torrentiel du Bulidou avec Jean-Paul Passeron :\u00a0 un pal\u00e9o-placer aurif\u00e8re unique, c\u00f4ne torrentiel vieux de 290 Millions d\u2019ann\u00e9es sur lequel se d\u00e9veloppe un patrimoine exceptionnel les pins de Salzman\u00a0 voir<a href=\"https:\/\/www.societegeolardeche.com\/DocsSGA\/Docs\/2026-04-02\/le%20boulidou%20passeron.pdf\"> texte en lien<\/a><br \/>RDV 9h30 au pont du Martinet pr\u00e8s de la ferme d&rsquo;Abeau voir <a href=\"https:\/\/www.societegeolardeche.com\/DocsSGA\/Docs\/2026-04-02\/Itin\u00e9raire Bulidou.jpg\" data-wplink-url-error=\"true\">carte en lien<\/a><br \/><\/span><\/span><\/span><strong><span style=\"color: #444444;\"><span style=\"font-family: arial, helvetica, sans-serif;\"><span style=\"font-size: small;\"><b>apr\u00e8s-midi<\/b><\/span><\/span><\/span><\/strong><span style=\"color: #444444;\"><span style=\"font-family: arial, helvetica, sans-serif;\"><span style=\"font-size: small;\">\u00a0:\u00a0<\/span><\/span><\/span><strong><span style=\"color: #444444;\"><span style=\"font-family: arial, helvetica, sans-serif;\"><span style=\"font-size: small;\"><b>avec Eric et Catherine Ollivier du GARA\u00a0\u00a0<\/b><\/span><\/span><\/span><\/strong><em><span style=\"color: #444444;\"><span style=\"font-family: arial, helvetica, sans-serif;\"><span style=\"font-size: small;\">\u00c9nigmatiques roches grav\u00e9es des C\u00e9vennes,\u00a0un patrimoine m\u00e9connu, les p\u00e9troglyphes de la r\u00e9gion c\u00e9venole<\/span><\/span><\/span><\/em><span style=\"color: #444444;\"><span style=\"font-family: arial, helvetica, sans-serif;\"><span style=\"font-size: small;\"> . Une apr\u00e8s-midi d\u00e9couverte de gravures rupestres de la r\u00e9gion des Vans : cupules, p\u00e9diformes et r\u00e9seaux de drains, trois sites seront pr\u00e9sent\u00e9s proches des Vans (voir <a href=\"https:\/\/www.societegeolardeche.com\/DocsSGA\/Docs\/2026-04-02\/Excursion-RochesGrav\u00e9es[1].pdf\">texte en lien<\/a>) plus un dernier site,\u00a0\u00a0site d\u2019extraction d\u2019ocre \u00ab lie de vin \u00bb probablement utilis\u00e9 au Pal\u00e9olithique voir <a href=\"https:\/\/www.societegeolardeche.com\/DocsSGA\/Docs\/2026-04-02\/Salomon-ArticleGeo16[1].pdf\">article de Hel\u00e8ne Salomon<\/a> dans bulletin N\u00b016<\/span><\/span><\/span><\/p><p><span style=\"color: #444444;\"><span style=\"font-family: arial, helvetica, sans-serif;\"><span style=\"font-size: small;\">La FARPA a produit un documentaire de 16 minutes sur ce th\u00e8me des gravures rupestres,\u00a0Grav\u00e9s dans la roche, myst\u00e9rieux p\u00e9troglyphes en pays c\u00e9venol, sur YouTube,\u00a0<\/span><\/span><\/span><a href=\"https:\/\/youtu.be\/FQ4ckTcnq7Y\" target=\"_blank\" rel=\"noopener\"><span style=\"color: #007dbc;\"><span style=\"font-family: arial, helvetica, sans-serif;\"><span style=\"font-size: small;\"><u>https:\/\/youtu.be\/FQ4ckTcnq7Y<\/u><\/span><\/span><\/span><\/a><\/p>\t\t\t\t\t\t\t\t<\/div>\n\t\t\t\t<\/div>\n\t\t\t\t\t<\/div>\n\t\t<\/div>\n\t\t\t\t\t<\/div>\n\t\t<\/section>\n\t\t\t\t<section class=\"elementor-section elementor-top-section elementor-element elementor-element-de924dd elementor-section-boxed elementor-section-height-default elementor-section-height-default\" data-id=\"de924dd\" data-element_type=\"section\" data-e-type=\"section\">\n\t\t\t\t\t\t<div class=\"elementor-container elementor-column-gap-default\">\n\t\t\t\t\t<div class=\"elementor-column elementor-col-100 elementor-top-column elementor-element elementor-element-cfbf8bc\" data-id=\"cfbf8bc\" data-element_type=\"column\" data-e-type=\"column\">\n\t\t\t<div class=\"elementor-widget-wrap elementor-element-populated\">\n\t\t\t\t\t\t<div class=\"elementor-element elementor-element-08ac963 elementor-widget elementor-widget-text-editor\" data-id=\"08ac963\" data-element_type=\"widget\" data-e-type=\"widget\" data-widget_type=\"text-editor.default\">\n\t\t\t\t<div class=\"elementor-widget-container\">\n\t\t\t\t\t\t\t\t\t<p style=\"text-align: right;\">\u00a0 \u00a0 \u00a0 \u00a0 \u00a0 \u00a0 \u00a0 \u00a0 \u00a0 \u00a0 \u00a0 \u00a0 \u00a0 \u00a0 \u00a0 \u00a0 \u00a0 \u00a0 \u00a0 \u00a0 \u00a0 \u00a0 \u00a0 \u00a0 \u00a0 \u00a0 \u00a0 \u00a0 \u00a0 \u00a0 \u00a0 \u00a0 \u00a0 \u00a0 \u00a0 \u00a0 \u00a0 \u00a0 \u00a0 \u00a0 \u00a0 \u00a0 \u00a0 \u00a0 \u00a0 \u00a0 \u00a0 \u00a0 \u00a0 \u00a0 \u00a0 \u00a0 \u00a0 \u00a0 \u00a0 \u00a0 \u00a0 \u00a0 \u00a0 \u00a0 \u00a0 \u00a0 \u00a0 \u00a0 \u00a0 \u00a0 \u00a0 \u00a0 \u00a0 \u00a0 \u00a0 \u00a0 \u00a0 \u00a0 \u00a0 \u00a0 \u00a0 \u00a0 \u00a0 \u00a0 \u00a0 \u00a0 \u00a0 \u00a0 \u00a0 \u00a0 \u00a0 \u00a0 \u00a0 \u00a0 \u00a0 \u00a0 \u00a0 \u00a0 \u00a0 \u00a0 \u00a0 \u00a0 \u00a0 \u00a0 \u00a0 Daniel NARDIN 12 novembre 2025\u00a0 \u00a0 \u00a0 \u00a0 \u00a0 \u00a0 \u00a0 \u00a0 \u00a0 \u00a0 \u00a0 \u00a0 \u00a0 \u00a0 \u00a0\u00a0<br \/>compl\u00e9t\u00e9 8 f\u00e9vrier puis 8 mars pour le d\u00e9but 2026\u00a0 \u00a0, 6 avril pour CR\u00a0 \u00a0 \u00a0 \u00a0 \u00a0 \u00a0 \u00a0 \u00a0 \u00a0 \u00a0 \u00a0 \u00a0 \u00a0 \u00a0 \u00a0 \u00a0 \u00a0\u00a0<\/p>\t\t\t\t\t\t\t\t<\/div>\n\t\t\t\t<\/div>\n\t\t\t\t\t<\/div>\n\t\t<\/div>\n\t\t\t\t\t<\/div>\n\t\t<\/section>\n\t\t\t\t<\/div>\n\t\t","protected":false},"excerpt":{"rendered":"<p>prochaines activit\u00e9s: Lundi 13 avril\u00a0 journ\u00e9e \u00e0 la Voulte\u00a0 le matin d\u00e9couverte des hauts fourneaux et autres vestiges l&rsquo;apres-midi,\u00a0nous irons d\u00e9couvrir le site ENS de la Boissine le lagerst\u00e2tte de la Voulte\u00a0o\u00f9 Bernard Riou a d\u00e9couvert de nombreux fossiles ;\u00a0Le\u00a0lagerst\u00e4tte\u00a0de\u00a0La Voulte-sur-Rh\u00f4ne\u00a0est un gisement pal\u00e9ontologique de r\u00e9f\u00e9rence internationale,\u00a0 r\u00e9put\u00e9 pour l\u2019extraordinaire conservation des fossiles d&rsquo;animaux marins &hellip;<\/p>\n<p class=\"read-more\"> <a class=\"\" href=\"https:\/\/www.societegeolardeche.com\/\"> <span class=\"screen-reader-text\">Accueil du site de la Soci\u00e9t\u00e9 g\u00e9ologique de l\u2019Ard\u00e8che (SGA), actualit\u00e9s et pr\u00e9visions<\/span> Lire la suite\u00a0\u00bb<\/a><\/p>\n","protected":false},"author":4,"featured_media":0,"parent":0,"menu_order":0,"comment_status":"closed","ping_status":"closed","template":"","meta":{"site-sidebar-layout":"default","site-content-layout":"default","ast-global-header-display":"","ast-banner-title-visibility":"","ast-main-header-display":"","ast-hfb-above-header-display":"","ast-hfb-below-header-display":"","ast-hfb-mobile-header-display":"","site-post-title":"","ast-breadcrumbs-content":"","ast-featured-img":"","footer-sml-layout":"","theme-transparent-header-meta":"","adv-header-id-meta":"","stick-header-meta":"","header-above-stick-meta":"","header-main-stick-meta":"","header-below-stick-meta":"","footnotes":""},"class_list":["post-2159","page","type-page","status-publish","hentry"],"_links":{"self":[{"href":"https:\/\/www.societegeolardeche.com\/index.php\/wp-json\/wp\/v2\/pages\/2159","targetHints":{"allow":["GET"]}}],"collection":[{"href":"https:\/\/www.societegeolardeche.com\/index.php\/wp-json\/wp\/v2\/pages"}],"about":[{"href":"https:\/\/www.societegeolardeche.com\/index.php\/wp-json\/wp\/v2\/types\/page"}],"author":[{"embeddable":true,"href":"https:\/\/www.societegeolardeche.com\/index.php\/wp-json\/wp\/v2\/users\/4"}],"replies":[{"embeddable":true,"href":"https:\/\/www.societegeolardeche.com\/index.php\/wp-json\/wp\/v2\/comments?post=2159"}],"version-history":[{"count":113,"href":"https:\/\/www.societegeolardeche.com\/index.php\/wp-json\/wp\/v2\/pages\/2159\/revisions"}],"predecessor-version":[{"id":2738,"href":"https:\/\/www.societegeolardeche.com\/index.php\/wp-json\/wp\/v2\/pages\/2159\/revisions\/2738"}],"wp:attachment":[{"href":"https:\/\/www.societegeolardeche.com\/index.php\/wp-json\/wp\/v2\/media?parent=2159"}],"curies":[{"name":"wp","href":"https:\/\/api.w.org\/{rel}","templated":true}]}}