{"id":19,"date":"2023-02-23T16:34:36","date_gmt":"2023-02-23T15:34:36","guid":{"rendered":"http:\/\/ujakbls.cluster031.hosting.ovh.net\/?page_id=19"},"modified":"2024-12-17T19:22:10","modified_gmt":"2024-12-17T18:22:10","slug":"lassociation","status":"publish","type":"page","link":"https:\/\/www.societegeolardeche.com\/index.php\/lassociation\/","title":{"rendered":"L&rsquo;association"},"content":{"rendered":"\t\t<div data-elementor-type=\"wp-page\" data-elementor-id=\"19\" class=\"elementor elementor-19\">\n\t\t\t\t\t\t<section class=\"elementor-section elementor-top-section elementor-element elementor-element-4d92e9f elementor-section-boxed elementor-section-height-default elementor-section-height-default\" data-id=\"4d92e9f\" data-element_type=\"section\" data-e-type=\"section\">\n\t\t\t\t\t\t<div class=\"elementor-container elementor-column-gap-default\">\n\t\t\t\t\t<div class=\"elementor-column elementor-col-100 elementor-top-column elementor-element elementor-element-df7c4b6\" data-id=\"df7c4b6\" data-element_type=\"column\" data-e-type=\"column\">\n\t\t\t<div class=\"elementor-widget-wrap elementor-element-populated\">\n\t\t\t\t\t\t<div class=\"elementor-element elementor-element-647280c elementor-widget elementor-widget-heading\" data-id=\"647280c\" data-element_type=\"widget\" data-e-type=\"widget\" data-widget_type=\"heading.default\">\n\t\t\t\t<div class=\"elementor-widget-container\">\n\t\t\t\t\t<h2 class=\"elementor-heading-title elementor-size-medium\">SGA:   Association loi de 1901 d'\u00e9tude de la g\u00e9ologie, bas\u00e9e \u00e0 Jaujac (Ard\u00e8che)<\/h2>\t\t\t\t<\/div>\n\t\t\t\t<\/div>\n\t\t\t\t\t<\/div>\n\t\t<\/div>\n\t\t\t\t\t<\/div>\n\t\t<\/section>\n\t\t\t\t<section class=\"elementor-section elementor-top-section elementor-element elementor-element-0ec4671 elementor-section-boxed elementor-section-height-default elementor-section-height-default\" data-id=\"0ec4671\" data-element_type=\"section\" data-e-type=\"section\">\n\t\t\t\t\t\t<div class=\"elementor-container elementor-column-gap-default\">\n\t\t\t\t\t<div class=\"elementor-column elementor-col-100 elementor-top-column elementor-element elementor-element-37e3b7c\" data-id=\"37e3b7c\" data-element_type=\"column\" data-e-type=\"column\">\n\t\t\t<div class=\"elementor-widget-wrap\">\n\t\t\t\t\t\t\t<\/div>\n\t\t<\/div>\n\t\t\t\t\t<\/div>\n\t\t<\/section>\n\t\t\t\t<section class=\"elementor-section elementor-top-section elementor-element elementor-element-a4569f1 elementor-section-boxed elementor-section-height-default elementor-section-height-default\" data-id=\"a4569f1\" data-element_type=\"section\" data-e-type=\"section\">\n\t\t\t\t\t\t<div class=\"elementor-container elementor-column-gap-default\">\n\t\t\t\t\t<div class=\"elementor-column elementor-col-100 elementor-top-column elementor-element elementor-element-92cb08f\" data-id=\"92cb08f\" data-element_type=\"column\" data-e-type=\"column\">\n\t\t\t<div class=\"elementor-widget-wrap elementor-element-populated\">\n\t\t\t\t\t\t<div class=\"elementor-element elementor-element-2ce0975 elementor-widget elementor-widget-image\" data-id=\"2ce0975\" data-element_type=\"widget\" data-e-type=\"widget\" data-widget_type=\"image.default\">\n\t\t\t\t<div class=\"elementor-widget-container\">\n\t\t\t\t\t\t\t\t\t\t\t\t\t\t\t<img decoding=\"async\" src=\"https:\/\/www.societegeolardeche.com\/wp-content\/uploads\/elementor\/thumbs\/2022Fare_panoDN_0253-_0254recR1200rec-qe8wqrh8ubc9ao2pa0e4geuixrq51m28kstd078l44.jpg\" title=\"2022Fare_panoDN_0253-_0254recR1200rec\" alt=\"2022Fare_panoDN_0253-_0254recR1200rec\" loading=\"lazy\" \/>\t\t\t\t\t\t\t\t\t\t\t\t\t\t\t<\/div>\n\t\t\t\t<\/div>\n\t\t\t\t\t<\/div>\n\t\t<\/div>\n\t\t\t\t\t<\/div>\n\t\t<\/section>\n\t\t\t\t<section class=\"elementor-section elementor-top-section elementor-element elementor-element-2022461 elementor-section-boxed elementor-section-height-default elementor-section-height-default\" data-id=\"2022461\" data-element_type=\"section\" data-e-type=\"section\">\n\t\t\t\t\t\t<div class=\"elementor-container elementor-column-gap-default\">\n\t\t\t\t\t<div class=\"elementor-column elementor-col-100 elementor-top-column elementor-element elementor-element-c04dc09\" data-id=\"c04dc09\" data-element_type=\"column\" data-e-type=\"column\">\n\t\t\t<div class=\"elementor-widget-wrap elementor-element-populated\">\n\t\t\t\t\t\t<div class=\"elementor-element elementor-element-210d0bf elementor-tabs-alignment-stretch elementor-tabs-view-horizontal elementor-widget elementor-widget-tabs\" data-id=\"210d0bf\" data-element_type=\"widget\" data-e-type=\"widget\" data-widget_type=\"tabs.default\">\n\t\t\t\t<div class=\"elementor-widget-container\">\n\t\t\t\t\t\t\t<div class=\"elementor-tabs\">\n\t\t\t<div class=\"elementor-tabs-wrapper\" role=\"tablist\" >\n\t\t\t\t\t\t\t\t\t<div id=\"elementor-tab-title-3461\" class=\"elementor-tab-title elementor-tab-desktop-title\" aria-selected=\"true\" data-tab=\"1\" role=\"tab\" tabindex=\"0\" aria-controls=\"elementor-tab-content-3461\" aria-expanded=\"false\">Nos activit\u00e9s<\/div>\n\t\t\t\t\t\t\t\t\t<div id=\"elementor-tab-title-3462\" class=\"elementor-tab-title elementor-tab-desktop-title\" aria-selected=\"false\" data-tab=\"2\" role=\"tab\" tabindex=\"-1\" aria-controls=\"elementor-tab-content-3462\" aria-expanded=\"false\">La direction coll\u00e9giale<\/div>\n\t\t\t\t\t\t\t\t\t<div id=\"elementor-tab-title-3463\" class=\"elementor-tab-title elementor-tab-desktop-title\" aria-selected=\"false\" data-tab=\"3\" role=\"tab\" tabindex=\"-1\" aria-controls=\"elementor-tab-content-3463\" aria-expanded=\"false\">Histoire de la SGA<\/div>\n\t\t\t\t\t\t\t\t\t<div id=\"elementor-tab-title-3464\" class=\"elementor-tab-title elementor-tab-desktop-title\" aria-selected=\"false\" data-tab=\"4\" role=\"tab\" tabindex=\"-1\" aria-controls=\"elementor-tab-content-3464\" aria-expanded=\"false\">Les 40 ans de la SGA<\/div>\n\t\t\t\t\t\t\t<\/div>\n\t\t\t<div class=\"elementor-tabs-content-wrapper\" role=\"tablist\" aria-orientation=\"vertical\">\n\t\t\t\t\t\t\t\t\t<div class=\"elementor-tab-title elementor-tab-mobile-title\" aria-selected=\"true\" data-tab=\"1\" role=\"tab\" tabindex=\"0\" aria-controls=\"elementor-tab-content-3461\" aria-expanded=\"false\">Nos activit\u00e9s<\/div>\n\t\t\t\t\t<div id=\"elementor-tab-content-3461\" class=\"elementor-tab-content elementor-clearfix\" data-tab=\"1\" role=\"tabpanel\" aria-labelledby=\"elementor-tab-title-3461\" tabindex=\"0\" hidden=\"false\"><p>Nos activit\u00e9s sont celles d&rsquo;une soci\u00e9t\u00e9 savante de g\u00e9ologie, bas\u00e9e en Ard\u00e8che :<br \/><b>Activit\u00e9s de m\u00e9diation scientifique<\/b>: Organisation d&rsquo;excursions, de stages, de visites, de conf\u00e9rences, d&rsquo;expositions<b>, <\/b>d&rsquo;outils p\u00e9dagogiques.<b> <\/b><\/p><p><b>Recherche et travail scientifique <\/b>: Aide scientifique, d\u00e9terminations d&rsquo;\u00e9chantillons, fouilles, publication de bulletin.<\/p><p><b>Protection et mise en valeur du patrimoine g\u00e9ologique<\/b> : Collaboration avec le PNRMA dans le cadre du G\u00e9oparc (contribution \u00e0 l&rsquo;inventaire g\u00e9ologique), archivage de documents.<\/p><p>Nous permettons sur RDV dans notre local la consultation de documentation g\u00e9ologique sur l&rsquo;Ard\u00e8che en particulier (<em>revues, cartes g\u00e9ologiques, manuels sp\u00e9cialis\u00e9s&#8230;<\/em>).<br \/>Les documents sont r\u00e9pertori\u00e9s sur <a href=\"https:\/\/ressourcesdardeche.fr\/pmb\/opac_css\/index.php\" target=\"_blank\" rel=\"noopener\">ce portail documentaire<\/a> commun avec d\u2019autres structures.<\/p><\/div>\n\t\t\t\t\t\t\t\t\t<div class=\"elementor-tab-title elementor-tab-mobile-title\" aria-selected=\"false\" data-tab=\"2\" role=\"tab\" tabindex=\"-1\" aria-controls=\"elementor-tab-content-3462\" aria-expanded=\"false\">La direction coll\u00e9giale<\/div>\n\t\t\t\t\t<div id=\"elementor-tab-content-3462\" class=\"elementor-tab-content elementor-clearfix\" data-tab=\"2\" role=\"tabpanel\" aria-labelledby=\"elementor-tab-title-3462\" tabindex=\"0\" hidden=\"hidden\"><table style=\"text-align: left;\" border=\"1\" cellspacing=\"2\" cellpadding=\"2\"><tbody><tr><td style=\"vertical-align: top;\"><center>L&rsquo;administration de la Soci\u00e9t\u00e9 G\u00e9ologique de l&rsquo;Ard\u00e8che est confi\u00e9e<br \/>\u00e0 une direction coll\u00e8giale de 15 membres maximum.<br \/><strong><br \/><br \/>La liste des \u00e9lus pour 2024 est la suivante :<\/strong><\/center><p style=\"text-align: center;\">Maryse AYMES,<br \/>Jean-Fran\u00e7ois CUTTIER,<br \/>Jean-Pierre ESTEBAN,<br \/>Jean-Pierre MUR,<br \/>Daniel NARDIN,<br \/>Jean Claude PREVOST,<br \/>Andr\u00e9 REY.<\/p><p>\u00a0<\/p><p style=\"text-align: center;\">\u00c0 l&rsquo;occasion du changement de statut en 2018, <strong>Georges NAUD<\/strong>, le pr\u00e9sident, pratiquement des d\u00e9buts, est devenu<strong> Pr\u00e9sident d&rsquo;honneur<\/strong>.<\/p><\/td><td style=\"vertical-align: top;\"><img fetchpriority=\"high\" decoding=\"async\" width=\"1080\" height=\"720\" class=\"wp-image-990 size-medium\" src=\"http:\/\/ujakbls.cluster031.hosting.ovh.net\/wp-content\/uploads\/2023\/06\/DC_SGAvers2015.jpg\" alt=\"\" srcset=\"https:\/\/www.societegeolardeche.com\/wp-content\/uploads\/2023\/06\/DC_SGAvers2015.jpg 1080w, https:\/\/www.societegeolardeche.com\/wp-content\/uploads\/2023\/06\/DC_SGAvers2015-300x200.jpg 300w, https:\/\/www.societegeolardeche.com\/wp-content\/uploads\/2023\/06\/DC_SGAvers2015-1024x683.jpg 1024w, https:\/\/www.societegeolardeche.com\/wp-content\/uploads\/2023\/06\/DC_SGAvers2015-768x512.jpg 768w\" sizes=\"(max-width: 1080px) 100vw, 1080px\" \/> Ancienne direction de la SGA<\/td><\/tr><\/tbody><\/table><\/div>\n\t\t\t\t\t\t\t\t\t<div class=\"elementor-tab-title elementor-tab-mobile-title\" aria-selected=\"false\" data-tab=\"3\" role=\"tab\" tabindex=\"-1\" aria-controls=\"elementor-tab-content-3463\" aria-expanded=\"false\">Histoire de la SGA<\/div>\n\t\t\t\t\t<div id=\"elementor-tab-content-3463\" class=\"elementor-tab-content elementor-clearfix\" data-tab=\"3\" role=\"tabpanel\" aria-labelledby=\"elementor-tab-title-3463\" tabindex=\"0\" hidden=\"hidden\"><p><strong>Association r\u00e9gie par la loi de Juillet 1901, la Soci\u00e9t\u00e9 G\u00e9ologique de l&rsquo;Ard\u00e8che a \u00e9t\u00e9 cr\u00e9\u00e9e le 13 novembre 1976 <\/strong><span dir=\"ltr\" role=\"presentation\">par un groupe <\/span><span dir=\"ltr\" role=\"presentation\">de passionn\u00e9s, \u00e0 l\u2019initiative de Georges Naud, enseignant-chercheur en g\u00e9o<\/span><span dir=\"ltr\" role=\"presentation\">logie \u00e0 l\u2019universit\u00e9 d\u2019Aix-Marseille. <\/span><span dir=\"ltr\" role=\"presentation\">E<\/span><span dir=\"ltr\" role=\"presentation\">lle <\/span>a \u00e9t\u00e9 <span dir=\"ltr\" role=\"presentation\">un<\/span> <span dir=\"ltr\" role=\"presentation\">partenaire <\/span><span dir=\"ltr\" role=\"presentation\">privil\u00e9gi\u00e9 du Mus\u00e9e <\/span><span dir=\"ltr\" role=\"presentation\">de<\/span> <span dir=\"ltr\" role=\"presentation\">la<\/span> <span dir=\"ltr\" role=\"presentation\">Terre<\/span> <span dir=\"ltr\" role=\"presentation\">Ard\u00e9<\/span><span dir=\"ltr\" role=\"presentation\">choise (1986-2002).<br \/><\/span><br \/><span dir=\"ltr\" role=\"presentation\">Elle a particip\u00e9 au premier inventaire des sites g\u00e9ologiques de la R\u00e9gion <\/span><span dir=\"ltr\" role=\"presentation\">Rh\u00f4ne-Alpes r\u00e9alis\u00e9 en 1995 en travaillant sur celui de l\u2019Ard\u00e8che.<\/span><br role=\"presentation\" \/><span dir=\"ltr\" role=\"presentation\">Elle a contribu\u00e9 \u00e0 l\u2019inventaire des espaces naturels sensibles du d\u00e9partement <\/span><span dir=\"ltr\" role=\"presentation\">de l\u2019Ard\u00e8che au titre du <strong>patrimoine naturel g\u00e9ologique<\/strong>. <br \/><\/span><br role=\"presentation\" \/><span dir=\"ltr\" role=\"presentation\">De 2012 \u00e0 2014, la Soci\u00e9t\u00e9 a \u00e9t\u00e9 sollicit\u00e9e et tr\u00e8s impliqu\u00e9e dans la <\/span><span dir=\"ltr\" role=\"presentation\">r\u00e9alisation du dossier de candidature au <strong>label UNESCO \u00ab geopark \u00bb<\/strong> pour le <\/span><span dir=\"ltr\" role=\"presentation\">compte du Parc naturel r\u00e9gional des Monts d\u2019Ard\u00e8che. Un <strong>inventaire d\u2019une <\/strong><\/span><span dir=\"ltr\" role=\"presentation\"><strong>centaine de g\u00e9osites<\/strong> (sites g\u00e9ologiques remarquables du PNR) a \u00e9t\u00e9 r\u00e9alis\u00e9 \u00e0 <\/span><span dir=\"ltr\" role=\"presentation\">cette occasion. La qualit\u00e9 de ce travail a permis l\u2019obtention du label UNESCO <\/span><span dir=\"ltr\" role=\"presentation\">par le PNR en septembre 2014.<\/span><\/p><p>Elle a f\u00eat\u00e9 son quarantenaire en 2016.<\/p><p>Les statuts ont \u00e9t\u00e9 \u00a0modifi\u00e9s\u00a0en AG le 16 juin 2018 pour passer \u00e0 une direction coll\u00e9giale.<br \/>A l&rsquo;occasion du <strong>changement \u00a0de statut en 2018<\/strong>, \u00a0<strong>Georges NAUD<\/strong>, le pr\u00e9sident fondateur,\u00a0 est devenu<strong> Pr\u00e9sident d&rsquo;honneur<\/strong>.<\/p><\/div>\n\t\t\t\t\t\t\t\t\t<div class=\"elementor-tab-title elementor-tab-mobile-title\" aria-selected=\"false\" data-tab=\"4\" role=\"tab\" tabindex=\"-1\" aria-controls=\"elementor-tab-content-3464\" aria-expanded=\"false\">Les 40 ans de la SGA<\/div>\n\t\t\t\t\t<div id=\"elementor-tab-content-3464\" class=\"elementor-tab-content elementor-clearfix\" data-tab=\"4\" role=\"tabpanel\" aria-labelledby=\"elementor-tab-title-3464\" tabindex=\"0\" hidden=\"hidden\"><p>Lien vers un panneau r\u00e9alis\u00e9 pour le quarantenaire<br \/><a href=\"http:\/\/51.38.237.32\/l3geo\/site1\/wp-content\/uploads\/2023\/03\/40-SGA-2Mo.pdf\" target=\"_blank\" rel=\"noopener\">La Soci\u00e9t\u00e9 G\u00e9ologique d&rsquo;Ard\u00e8che : 40 ans d&rsquo;activit\u00e9s (1976-2016)<\/a><\/p><\/div>\n\t\t\t\t\t\t\t<\/div>\n\t\t<\/div>\n\t\t\t\t\t\t<\/div>\n\t\t\t\t<\/div>\n\t\t\t\t\t<\/div>\n\t\t<\/div>\n\t\t\t\t\t<\/div>\n\t\t<\/section>\n\t\t\t\t<\/div>\n\t\t","protected":false},"excerpt":{"rendered":"<p>SGA: Association loi de 1901 d&rsquo;\u00e9tude de la g\u00e9ologie, bas\u00e9e \u00e0 Jaujac (Ard\u00e8che) Nos activit\u00e9s La direction coll\u00e9giale Histoire de la SGA Les 40 ans de la SGA Nos activit\u00e9s Nos activit\u00e9s sont celles d&rsquo;une soci\u00e9t\u00e9 savante de g\u00e9ologie, bas\u00e9e en Ard\u00e8che :Activit\u00e9s de m\u00e9diation scientifique: Organisation d&rsquo;excursions, de stages, de visites, de conf\u00e9rences, d&rsquo;expositions, &hellip;<\/p>\n<p class=\"read-more\"> <a class=\"\" href=\"https:\/\/www.societegeolardeche.com\/index.php\/lassociation\/\"> <span class=\"screen-reader-text\">L&rsquo;association<\/span> Lire la suite\u00a0\u00bb<\/a><\/p>\n","protected":false},"author":4,"featured_media":0,"parent":0,"menu_order":0,"comment_status":"open","ping_status":"closed","template":"elementor_header_footer","meta":{"site-sidebar-layout":"no-sidebar","site-content-layout":"page-builder","ast-global-header-display":"","ast-banner-title-visibility":"","ast-main-header-display":"","ast-hfb-above-header-display":"","ast-hfb-below-header-display":"","ast-hfb-mobile-header-display":"","site-post-title":"disabled","ast-breadcrumbs-content":"","ast-featured-img":"disabled","footer-sml-layout":"","theme-transparent-header-meta":"","adv-header-id-meta":"","stick-header-meta":"","header-above-stick-meta":"","header-main-stick-meta":"","header-below-stick-meta":"","footnotes":""},"class_list":["post-19","page","type-page","status-publish","hentry"],"_links":{"self":[{"href":"https:\/\/www.societegeolardeche.com\/index.php\/wp-json\/wp\/v2\/pages\/19","targetHints":{"allow":["GET"]}}],"collection":[{"href":"https:\/\/www.societegeolardeche.com\/index.php\/wp-json\/wp\/v2\/pages"}],"about":[{"href":"https:\/\/www.societegeolardeche.com\/index.php\/wp-json\/wp\/v2\/types\/page"}],"author":[{"embeddable":true,"href":"https:\/\/www.societegeolardeche.com\/index.php\/wp-json\/wp\/v2\/users\/4"}],"replies":[{"embeddable":true,"href":"https:\/\/www.societegeolardeche.com\/index.php\/wp-json\/wp\/v2\/comments?post=19"}],"version-history":[{"count":154,"href":"https:\/\/www.societegeolardeche.com\/index.php\/wp-json\/wp\/v2\/pages\/19\/revisions"}],"predecessor-version":[{"id":2192,"href":"https:\/\/www.societegeolardeche.com\/index.php\/wp-json\/wp\/v2\/pages\/19\/revisions\/2192"}],"wp:attachment":[{"href":"https:\/\/www.societegeolardeche.com\/index.php\/wp-json\/wp\/v2\/media?parent=19"}],"curies":[{"name":"wp","href":"https:\/\/api.w.org\/{rel}","templated":true}]}}