{"id":1895,"date":"2024-01-25T11:03:51","date_gmt":"2024-01-25T10:03:51","guid":{"rendered":"https:\/\/www.societegeolardeche.com\/?page_id=1895"},"modified":"2024-01-26T08:24:00","modified_gmt":"2024-01-26T07:24:00","slug":"2024-payzac","status":"publish","type":"page","link":"https:\/\/www.societegeolardeche.com\/index.php\/2024-payzac\/","title":{"rendered":"2024 Payzac"},"content":{"rendered":"\t\t<div data-elementor-type=\"wp-page\" data-elementor-id=\"1895\" class=\"elementor elementor-1895\">\n\t\t\t\t\t\t<section class=\"elementor-section elementor-top-section elementor-element elementor-element-34309b0 elementor-section-boxed elementor-section-height-default elementor-section-height-default\" data-id=\"34309b0\" data-element_type=\"section\" data-e-type=\"section\">\n\t\t\t\t\t\t<div class=\"elementor-container elementor-column-gap-default\">\n\t\t\t\t\t<div class=\"elementor-column elementor-col-100 elementor-top-column elementor-element elementor-element-71493ee\" data-id=\"71493ee\" data-element_type=\"column\" data-e-type=\"column\">\n\t\t\t<div class=\"elementor-widget-wrap elementor-element-populated\">\n\t\t\t\t\t\t<div class=\"elementor-element elementor-element-da414b8 elementor-widget elementor-widget-heading\" data-id=\"da414b8\" data-element_type=\"widget\" data-e-type=\"widget\" data-widget_type=\"heading.default\">\n\t\t\t\t<div class=\"elementor-widget-container\">\n\t\t\t\t\t<h2 class=\"elementor-heading-title elementor-size-default\">20 janvier 2024, Payzac<\/h2>\t\t\t\t<\/div>\n\t\t\t\t<\/div>\n\t\t\t\t\t<\/div>\n\t\t<\/div>\n\t\t\t\t\t<\/div>\n\t\t<\/section>\n\t\t\t\t<section class=\"elementor-section elementor-top-section elementor-element elementor-element-62e3ac3 elementor-section-boxed elementor-section-height-default elementor-section-height-default\" data-id=\"62e3ac3\" data-element_type=\"section\" data-e-type=\"section\">\n\t\t\t\t\t\t<div class=\"elementor-container elementor-column-gap-default\">\n\t\t\t\t\t<div class=\"elementor-column elementor-col-100 elementor-top-column elementor-element elementor-element-dea464d\" data-id=\"dea464d\" data-element_type=\"column\" data-e-type=\"column\">\n\t\t\t<div class=\"elementor-widget-wrap elementor-element-populated\">\n\t\t\t\t\t\t<div class=\"elementor-element elementor-element-ca04d6d elementor-widget elementor-widget-text-editor\" data-id=\"ca04d6d\" data-element_type=\"widget\" data-e-type=\"widget\" data-widget_type=\"text-editor.default\">\n\t\t\t\t<div class=\"elementor-widget-container\">\n\t\t\t\t\t\t\t\t\t<p>Cette sortie a rassembl\u00e9 par une belle journ\u00e9e hivernale 10 membres de la SGA.\u00a0 <br \/>Nous avons d\u00e9couvert le matin\u00a0 un site d&rsquo;extraction de meules dans les gr\u00e8s du trias avec Colette Veron.<br \/>Puis Maryse Aymes nous a pr\u00e9sent\u00e9 des singularit\u00e9s architecturales de Payzac, avant de nous faire d\u00e9couvrir une tuffi\u00e8re et enfin le contact entre les gr\u00e8s du trias et le socle..<\/p>\t\t\t\t\t\t\t\t<\/div>\n\t\t\t\t<\/div>\n\t\t\t\t\t<\/div>\n\t\t<\/div>\n\t\t\t\t\t<\/div>\n\t\t<\/section>\n\t\t\t\t<section class=\"elementor-section elementor-top-section elementor-element elementor-element-ea5ce50 elementor-section-boxed elementor-section-height-default elementor-section-height-default\" data-id=\"ea5ce50\" data-element_type=\"section\" data-e-type=\"section\">\n\t\t\t\t\t\t<div class=\"elementor-container elementor-column-gap-default\">\n\t\t\t\t\t<div class=\"elementor-column elementor-col-33 elementor-top-column elementor-element elementor-element-d5511fe\" data-id=\"d5511fe\" data-element_type=\"column\" data-e-type=\"column\">\n\t\t\t<div class=\"elementor-widget-wrap elementor-element-populated\">\n\t\t\t\t\t\t<div class=\"elementor-element elementor-element-94f86d7 elementor-widget elementor-widget-image\" data-id=\"94f86d7\" data-element_type=\"widget\" data-e-type=\"widget\" data-widget_type=\"image.default\">\n\t\t\t\t<div class=\"elementor-widget-container\">\n\t\t\t\t\t\t\t\t\t\t\t\t\t\t\t<img decoding=\"async\" src=\"https:\/\/www.societegeolardeche.com\/DocsSGA\/CR\/2024Payzac\/2024-01-20Payzac_photoDanielNARDIN_7627r.jpg\" title=\"\" alt=\"\" loading=\"lazy\" \/>\t\t\t\t\t\t\t\t\t\t\t\t\t\t\t<\/div>\n\t\t\t\t<\/div>\n\t\t\t\t<div class=\"elementor-element elementor-element-b70bc78 elementor-widget elementor-widget-image\" data-id=\"b70bc78\" data-element_type=\"widget\" data-e-type=\"widget\" data-widget_type=\"image.default\">\n\t\t\t\t<div class=\"elementor-widget-container\">\n\t\t\t\t\t\t\t\t\t\t\t\t\t\t\t<img decoding=\"async\" src=\"https:\/\/www.societegeolardeche.com\/DocsSGA\/CR\/2024Payzac\/2024-01-20Payzac_photoDanielNARDIN_7635r.jpg\" title=\"\" alt=\"\" loading=\"lazy\" \/>\t\t\t\t\t\t\t\t\t\t\t\t\t\t\t<\/div>\n\t\t\t\t<\/div>\n\t\t\t\t\t<\/div>\n\t\t<\/div>\n\t\t\t\t<div class=\"elementor-column elementor-col-33 elementor-top-column elementor-element elementor-element-88c57a4\" data-id=\"88c57a4\" data-element_type=\"column\" data-e-type=\"column\">\n\t\t\t<div class=\"elementor-widget-wrap elementor-element-populated\">\n\t\t\t\t\t\t<div class=\"elementor-element elementor-element-d1dd805 elementor-widget elementor-widget-image\" data-id=\"d1dd805\" data-element_type=\"widget\" data-e-type=\"widget\" data-widget_type=\"image.default\">\n\t\t\t\t<div class=\"elementor-widget-container\">\n\t\t\t\t\t\t\t\t\t\t\t\t\t\t\t<img decoding=\"async\" src=\"https:\/\/www.societegeolardeche.com\/DocsSGA\/CR\/2024Payzac\/2024-01-20Payzac_photoDanielNARDIN_7632r.jpg\" title=\"\" alt=\"\" loading=\"lazy\" \/>\t\t\t\t\t\t\t\t\t\t\t\t\t\t\t<\/div>\n\t\t\t\t<\/div>\n\t\t\t\t\t<\/div>\n\t\t<\/div>\n\t\t\t\t<div class=\"elementor-column elementor-col-33 elementor-top-column elementor-element elementor-element-5543555\" data-id=\"5543555\" data-element_type=\"column\" data-e-type=\"column\">\n\t\t\t<div class=\"elementor-widget-wrap elementor-element-populated\">\n\t\t\t\t\t\t<div class=\"elementor-element elementor-element-1fef2df elementor-widget elementor-widget-image\" data-id=\"1fef2df\" data-element_type=\"widget\" data-e-type=\"widget\" data-widget_type=\"image.default\">\n\t\t\t\t<div class=\"elementor-widget-container\">\n\t\t\t\t\t\t\t\t\t\t\t\t\t\t\t<img decoding=\"async\" src=\"https:\/\/www.societegeolardeche.com\/DocsSGA\/CR\/2024Payzac\/2024-01-20Payzac_photoDanielNARDIN_7628r.jpg\" title=\"\" alt=\"\" loading=\"lazy\" \/>\t\t\t\t\t\t\t\t\t\t\t\t\t\t\t<\/div>\n\t\t\t\t<\/div>\n\t\t\t\t<div class=\"elementor-element elementor-element-cda25d2 elementor-widget elementor-widget-image\" data-id=\"cda25d2\" data-element_type=\"widget\" data-e-type=\"widget\" data-widget_type=\"image.default\">\n\t\t\t\t<div class=\"elementor-widget-container\">\n\t\t\t\t\t\t\t\t\t\t\t\t\t\t\t<img decoding=\"async\" src=\"https:\/\/www.societegeolardeche.com\/DocsSGA\/CR\/2024Payzac\/2024-01-20Payzac_photoDanielNARDIN_7630r.jpg\" title=\"\" alt=\"\" loading=\"lazy\" \/>\t\t\t\t\t\t\t\t\t\t\t\t\t\t\t<\/div>\n\t\t\t\t<\/div>\n\t\t\t\t\t<\/div>\n\t\t<\/div>\n\t\t\t\t\t<\/div>\n\t\t<\/section>\n\t\t\t\t<section class=\"elementor-section elementor-top-section elementor-element elementor-element-4dd8070 elementor-section-boxed elementor-section-height-default elementor-section-height-default\" data-id=\"4dd8070\" data-element_type=\"section\" data-e-type=\"section\">\n\t\t\t\t\t\t<div class=\"elementor-container elementor-column-gap-default\">\n\t\t\t\t\t<div class=\"elementor-column elementor-col-50 elementor-top-column elementor-element elementor-element-04c6623\" data-id=\"04c6623\" data-element_type=\"column\" data-e-type=\"column\">\n\t\t\t<div class=\"elementor-widget-wrap elementor-element-populated\">\n\t\t\t\t\t\t<div class=\"elementor-element elementor-element-c24f3f1 elementor-widget elementor-widget-text-editor\" data-id=\"c24f3f1\" data-element_type=\"widget\" data-e-type=\"widget\" data-widget_type=\"text-editor.default\">\n\t\t\t\t<div class=\"elementor-widget-container\">\n\t\t\t\t\t\t\t\t\t<p>Pr\u00e8s d&rsquo;un hameau de Payzac, les gr\u00e8s du Trias inf\u00e9rieur sont tr\u00e8s grossiers avec une granulom\u00e9trie de plusieurs millim\u00e8tres . <br \/>Des tentatives d&rsquo;exploitation de meules ont pourtant \u00e9t\u00e9 faites sur des diam\u00e8tres de presque 1,50m&#8230;<\/p><p>Le hameau des Chanels t\u00e9moigne de la richesse ancienne des habitants fond\u00e9e sur la vigne, l\u2019olivier et le ver \u00e0 soie. Une source capt\u00e9e est couverte d&rsquo;une voute et a gard\u00e9 sa pompe manuelle ancienne. Le vin est \u00e9voqu\u00e9 par plusieurs plioirs lithiques pour les bois de tonneaux.<\/p><p>Le chemin du hameau de Bres depuis le hameau des Chanels circule sur les gr\u00e8s du Trias. Mais une tuffi\u00e8re s&rsquo;y d\u00e9veloppe. La v\u00e9g\u00e9tation bryophytique fait pr\u00e9cipiter les carbonates venant des niveaux dolomitiques du trias moyen, en tufs calcaires ou travertins. Le mot \u00ab\u00a0tuf\u00a0\u00bb\u00a0 s&rsquo;applique plus ici ou ils sont tr\u00e8s poreux, et sont incrust\u00e9 des v\u00e9g\u00e9taux, que lorqu&rsquo;ils sont form\u00e9s de lits r\u00e9guliers form\u00e9s par pr\u00e9cipitation chimique et qualifi\u00e9s alors de \u00ab\u00a0travertins\u00a0\u00bb.<br \/>Une v\u00e9g\u00e9tation typique de ces suintements avec la capillaire de Montpellier \/ venus (<em>Adiantum capilis-veneris<\/em> L.) est pr\u00e9sente.<\/p><p>\u00a0<\/p>\t\t\t\t\t\t\t\t<\/div>\n\t\t\t\t<\/div>\n\t\t\t\t\t<\/div>\n\t\t<\/div>\n\t\t\t\t<div class=\"elementor-column elementor-col-50 elementor-top-column elementor-element elementor-element-86fb444\" data-id=\"86fb444\" data-element_type=\"column\" data-e-type=\"column\">\n\t\t\t<div class=\"elementor-widget-wrap elementor-element-populated\">\n\t\t\t\t\t\t<div class=\"elementor-element elementor-element-495593e elementor-widget elementor-widget-image\" data-id=\"495593e\" data-element_type=\"widget\" data-e-type=\"widget\" data-widget_type=\"image.default\">\n\t\t\t\t<div class=\"elementor-widget-container\">\n\t\t\t\t\t\t\t\t\t\t\t\t\t\t\t<img decoding=\"async\" src=\"https:\/\/www.societegeolardeche.com\/DocsSGA\/CR\/2024Payzac\/2024-01-20Payzac_photoDanielNARDIN_7642r.jpg\" title=\"\" alt=\"\" loading=\"lazy\" \/>\t\t\t\t\t\t\t\t\t\t\t\t\t\t\t<\/div>\n\t\t\t\t<\/div>\n\t\t\t\t\t<\/div>\n\t\t<\/div>\n\t\t\t\t\t<\/div>\n\t\t<\/section>\n\t\t\t\t<section class=\"elementor-section elementor-top-section elementor-element elementor-element-029aca0 elementor-section-boxed elementor-section-height-default elementor-section-height-default\" data-id=\"029aca0\" data-element_type=\"section\" data-e-type=\"section\">\n\t\t\t\t\t\t<div class=\"elementor-container elementor-column-gap-default\">\n\t\t\t\t\t<div class=\"elementor-column elementor-col-33 elementor-top-column elementor-element elementor-element-e780e8f\" data-id=\"e780e8f\" data-element_type=\"column\" data-e-type=\"column\">\n\t\t\t<div class=\"elementor-widget-wrap elementor-element-populated\">\n\t\t\t\t\t\t<div class=\"elementor-element elementor-element-34c43b9 elementor-widget elementor-widget-text-editor\" data-id=\"34c43b9\" data-element_type=\"widget\" data-e-type=\"widget\" data-widget_type=\"text-editor.default\">\n\t\t\t\t<div class=\"elementor-widget-container\">\n\t\t\t\t\t\t\t\t\t<p>Plus bas topographiquement, nous avons visit\u00e9 le hameau de \u00ab\u00a0La M\u00e9rigue\u00a0\u00bb en cours de restauration par l&rsquo;association \u00ab\u00a0Reste\u00a0\u00bb sp\u00e9cialis\u00e9e dans les chantiers de restauration de murs en pierres s\u00e8ches. <br \/>Il est situ\u00e9 sur la limite du socle repr\u00e9sent\u00e9 par des schistes, et du Trias avec des gr\u00e8s grossiers.<\/p>\t\t\t\t\t\t\t\t<\/div>\n\t\t\t\t<\/div>\n\t\t\t\t<div class=\"elementor-element elementor-element-8d7b5b2 elementor-widget elementor-widget-image\" data-id=\"8d7b5b2\" data-element_type=\"widget\" data-e-type=\"widget\" data-widget_type=\"image.default\">\n\t\t\t\t<div class=\"elementor-widget-container\">\n\t\t\t\t\t\t\t\t\t\t\t\t\t\t\t<img decoding=\"async\" src=\"https:\/\/www.societegeolardeche.com\/DocsSGA\/CR\/2024Payzac\/2024-01-20Payzac_photoDanielNARDIN_7650r.jpg\" title=\"\" alt=\"\" loading=\"lazy\" \/>\t\t\t\t\t\t\t\t\t\t\t\t\t\t\t<\/div>\n\t\t\t\t<\/div>\n\t\t\t\t\t<\/div>\n\t\t<\/div>\n\t\t\t\t<div class=\"elementor-column elementor-col-33 elementor-top-column elementor-element elementor-element-7a4ed8e\" data-id=\"7a4ed8e\" data-element_type=\"column\" data-e-type=\"column\">\n\t\t\t<div class=\"elementor-widget-wrap elementor-element-populated\">\n\t\t\t\t\t\t<div class=\"elementor-element elementor-element-acfa7ee elementor-widget elementor-widget-image\" data-id=\"acfa7ee\" data-element_type=\"widget\" data-e-type=\"widget\" data-widget_type=\"image.default\">\n\t\t\t\t<div class=\"elementor-widget-container\">\n\t\t\t\t\t\t\t\t\t\t\t\t\t\t\t<img decoding=\"async\" src=\"https:\/\/www.societegeolardeche.com\/DocsSGA\/CR\/2024Payzac\/2024-01-20Payzac_photoDanielNARDIN_7648r.jpg\" title=\"\" alt=\"\" loading=\"lazy\" \/>\t\t\t\t\t\t\t\t\t\t\t\t\t\t\t<\/div>\n\t\t\t\t<\/div>\n\t\t\t\t<div class=\"elementor-element elementor-element-d679633 elementor-widget elementor-widget-text-editor\" data-id=\"d679633\" data-element_type=\"widget\" data-e-type=\"widget\" data-widget_type=\"text-editor.default\">\n\t\t\t\t<div class=\"elementor-widget-container\">\n\t\t\t\t\t\t\t\t\t<p>La restauration des murettes se fait \u00e0 partir des schistes locaux. <\/p>\t\t\t\t\t\t\t\t<\/div>\n\t\t\t\t<\/div>\n\t\t\t\t\t<\/div>\n\t\t<\/div>\n\t\t\t\t<div class=\"elementor-column elementor-col-33 elementor-top-column elementor-element elementor-element-7cc9c2a\" data-id=\"7cc9c2a\" data-element_type=\"column\" data-e-type=\"column\">\n\t\t\t<div class=\"elementor-widget-wrap elementor-element-populated\">\n\t\t\t\t\t\t<div class=\"elementor-element elementor-element-ba4ae2a elementor-widget elementor-widget-text-editor\" data-id=\"ba4ae2a\" data-element_type=\"widget\" data-e-type=\"widget\" data-widget_type=\"text-editor.default\">\n\t\t\t\t<div class=\"elementor-widget-container\">\n\t\t\t\t\t\t\t\t\t<p>Ceux ci \u00e9voluent parfois vers des gneiss avec des exudats de quartz qui parfois sont d&rsquo;une taille qui fait penser \u00e0\u00a0 des filons.<\/p>\t\t\t\t\t\t\t\t<\/div>\n\t\t\t\t<\/div>\n\t\t\t\t<div class=\"elementor-element elementor-element-1ad4f4c elementor-widget elementor-widget-image\" data-id=\"1ad4f4c\" data-element_type=\"widget\" data-e-type=\"widget\" data-widget_type=\"image.default\">\n\t\t\t\t<div class=\"elementor-widget-container\">\n\t\t\t\t\t\t\t\t\t\t\t\t\t\t\t<img decoding=\"async\" src=\"https:\/\/www.societegeolardeche.com\/DocsSGA\/CR\/2024Payzac\/2024-01-20Payzac_photoDanielNARDIN_7649r.jpg\" title=\"\" alt=\"\" loading=\"lazy\" \/>\t\t\t\t\t\t\t\t\t\t\t\t\t\t\t<\/div>\n\t\t\t\t<\/div>\n\t\t\t\t\t<\/div>\n\t\t<\/div>\n\t\t\t\t\t<\/div>\n\t\t<\/section>\n\t\t\t\t<section class=\"elementor-section elementor-top-section elementor-element elementor-element-940116f elementor-section-boxed elementor-section-height-default elementor-section-height-default\" data-id=\"940116f\" data-element_type=\"section\" data-e-type=\"section\">\n\t\t\t\t\t\t<div class=\"elementor-container elementor-column-gap-default\">\n\t\t\t\t\t<div class=\"elementor-column elementor-col-100 elementor-top-column elementor-element elementor-element-8aad3be\" data-id=\"8aad3be\" data-element_type=\"column\" data-e-type=\"column\">\n\t\t\t<div class=\"elementor-widget-wrap\">\n\t\t\t\t\t\t\t<\/div>\n\t\t<\/div>\n\t\t\t\t\t<\/div>\n\t\t<\/section>\n\t\t\t\t<section class=\"elementor-section elementor-top-section elementor-element elementor-element-5df10d3 elementor-section-boxed elementor-section-height-default elementor-section-height-default\" data-id=\"5df10d3\" data-element_type=\"section\" data-e-type=\"section\">\n\t\t\t\t\t\t<div class=\"elementor-container elementor-column-gap-default\">\n\t\t\t\t\t<div class=\"elementor-column elementor-col-33 elementor-top-column elementor-element elementor-element-d54d6a2\" data-id=\"d54d6a2\" data-element_type=\"column\" data-e-type=\"column\">\n\t\t\t<div class=\"elementor-widget-wrap\">\n\t\t\t\t\t\t\t<\/div>\n\t\t<\/div>\n\t\t\t\t<div class=\"elementor-column elementor-col-33 elementor-top-column elementor-element elementor-element-d71bc4a\" data-id=\"d71bc4a\" data-element_type=\"column\" data-e-type=\"column\">\n\t\t\t<div class=\"elementor-widget-wrap elementor-element-populated\">\n\t\t\t\t\t\t\t<\/div>\n\t\t<\/div>\n\t\t\t\t<div class=\"elementor-column elementor-col-33 elementor-top-column elementor-element elementor-element-28d3a0e\" data-id=\"28d3a0e\" data-element_type=\"column\" data-e-type=\"column\">\n\t\t\t<div class=\"elementor-widget-wrap elementor-element-populated\">\n\t\t\t\t\t\t<div class=\"elementor-element elementor-element-e5c8805 elementor-widget elementor-widget-text-editor\" data-id=\"e5c8805\" data-element_type=\"widget\" data-e-type=\"widget\" data-widget_type=\"text-editor.default\">\n\t\t\t\t<div class=\"elementor-widget-container\">\n\t\t\t\t\t\t\t\t\t<p style=\"text-align: right;\">Daniel NARDIN<br \/>25 janvier 2024<\/p>\t\t\t\t\t\t\t\t<\/div>\n\t\t\t\t<\/div>\n\t\t\t\t\t<\/div>\n\t\t<\/div>\n\t\t\t\t\t<\/div>\n\t\t<\/section>\n\t\t\t\t<\/div>\n\t\t","protected":false},"excerpt":{"rendered":"<p>20 janvier 2024, Payzac Cette sortie a rassembl\u00e9 par une belle journ\u00e9e hivernale 10 membres de la SGA.\u00a0 Nous avons d\u00e9couvert le matin\u00a0 un site d&rsquo;extraction de meules dans les gr\u00e8s du trias avec Colette Veron.Puis Maryse Aymes nous a pr\u00e9sent\u00e9 des singularit\u00e9s architecturales de Payzac, avant de nous faire d\u00e9couvrir une tuffi\u00e8re et enfin &hellip;<\/p>\n<p class=\"read-more\"> <a class=\"\" href=\"https:\/\/www.societegeolardeche.com\/index.php\/2024-payzac\/\"> <span class=\"screen-reader-text\">2024 Payzac<\/span> Lire la suite\u00a0\u00bb<\/a><\/p>\n","protected":false},"author":4,"featured_media":0,"parent":0,"menu_order":0,"comment_status":"closed","ping_status":"closed","template":"","meta":{"site-sidebar-layout":"no-sidebar","site-content-layout":"page-builder","ast-global-header-display":"","ast-banner-title-visibility":"","ast-main-header-display":"","ast-hfb-above-header-display":"","ast-hfb-below-header-display":"","ast-hfb-mobile-header-display":"","site-post-title":"disabled","ast-breadcrumbs-content":"","ast-featured-img":"disabled","footer-sml-layout":"","theme-transparent-header-meta":"","adv-header-id-meta":"","stick-header-meta":"","header-above-stick-meta":"","header-main-stick-meta":"","header-below-stick-meta":"","footnotes":""},"class_list":["post-1895","page","type-page","status-publish","hentry"],"_links":{"self":[{"href":"https:\/\/www.societegeolardeche.com\/index.php\/wp-json\/wp\/v2\/pages\/1895","targetHints":{"allow":["GET"]}}],"collection":[{"href":"https:\/\/www.societegeolardeche.com\/index.php\/wp-json\/wp\/v2\/pages"}],"about":[{"href":"https:\/\/www.societegeolardeche.com\/index.php\/wp-json\/wp\/v2\/types\/page"}],"author":[{"embeddable":true,"href":"https:\/\/www.societegeolardeche.com\/index.php\/wp-json\/wp\/v2\/users\/4"}],"replies":[{"embeddable":true,"href":"https:\/\/www.societegeolardeche.com\/index.php\/wp-json\/wp\/v2\/comments?post=1895"}],"version-history":[{"count":47,"href":"https:\/\/www.societegeolardeche.com\/index.php\/wp-json\/wp\/v2\/pages\/1895\/revisions"}],"predecessor-version":[{"id":1965,"href":"https:\/\/www.societegeolardeche.com\/index.php\/wp-json\/wp\/v2\/pages\/1895\/revisions\/1965"}],"wp:attachment":[{"href":"https:\/\/www.societegeolardeche.com\/index.php\/wp-json\/wp\/v2\/media?parent=1895"}],"curies":[{"name":"wp","href":"https:\/\/api.w.org\/{rel}","templated":true}]}}